{"id":1313,"date":"2020-11-24T13:28:22","date_gmt":"2020-11-24T12:28:22","guid":{"rendered":"https:\/\/www.cobotracks.com\/?page_id=1313"},"modified":"2024-10-30T16:36:46","modified_gmt":"2024-10-30T15:36:46","slug":"linear-motion-plug-play-techman-roboter","status":"publish","type":"page","link":"https:\/\/www.cobotracks.com\/de\/linear-motion-plug-play-techman-roboter\/","title":{"rendered":"Linear Motion Plug &#038; Play"},"content":{"rendered":"<div class=\"wpb-content-wrapper\"><p>[vc_section css=&#8220;.vc_custom_1570535111374{padding-top: 30px !important;padding-bottom: 40px !important;}&#8220;][vc_row][vc_column][vc_column_text css_animation=&#8220;fadeInLeft&#8220;]<div class=\"custom-breadcrumbs\"><span property=\"itemListElement\" typeof=\"ListItem\"><a property=\"item\" typeof=\"WebPage\" title=\"Go to Cobotracks.\" href=\"https:\/\/www.cobotracks.com\/de\/\" class=\"home\" ><span property=\"name\">Home<\/span><\/a><meta property=\"position\" content=\"1\"><\/span> \/\/ <span property=\"itemListElement\" typeof=\"ListItem\"><a property=\"item\" typeof=\"WebPage\" title=\"Go to Nachrichten und Ereignisse.\" href=\"https:\/\/www.cobotracks.com\/de\/nachrichten-ereignisse\/\" class=\"post-root post post-post\" aria-current=\"page\"><span property=\"name\">Nachrichten und Ereignisse<\/span><\/a><meta property=\"position\" content=\"2\"><\/span><\/div>[\/vc_column_text][\/vc_column][\/vc_row][vc_row css=&#8220;.vc_custom_1570280112642{margin-bottom: 0px !important;}&#8220;][vc_column][vc_custom_heading text=&#8220;LMPP &#8211; LINEAR MOTION PLUG &amp; PLAY F\u00dcR TECHMAN-ROBOTER&#8220; font_container=&#8220;tag:h1|font_size:48|text_align:left|color:%23073c7c&#8220; google_fonts=&#8220;font_family:Source%20Sans%20Pro%3A200%2C200italic%2C300%2C300italic%2Cregular%2Citalic%2C600%2C600italic%2C700%2C700italic%2C900%2C900italic|font_style:900%20bold%20regular%3A900%3Anormal&#8220; css_animation=&#8220;fadeInUp&#8220; el_class=&#8220;page-about-title&#8220; css=&#8220;.vc_custom_1606220010749{margin-bottom: 20px !important;}&#8220;][vc_column_text css_animation=&#8220;fadeInUp&#8220; el_class=&#8220;page-about-desc&#8220;]Cobotracks entwickelte die \u201eLinear Motion Plug &amp; Play\u201c-L\u00f6sung f\u00fcr <a href=\"https:\/\/www.tm-robot.com\/\" target=\"_blank\" rel=\"noopener\">Techman-Roboter<\/a>. F\u00fcr Ihre Anwendung, bei der die Reichweite Ihres TM-Roboters nicht ausreicht, k\u00f6nnen Sie ihn mit unserem \u201eLinear Motion Plug &amp; Play\u201c erweitern. Diese L\u00f6sung erm\u00f6glicht es den Cobot-Modellen von Techman Robots, sich \u00fcber eine lineare Bahn zu bewegen und dank der Cobotracks-Software gleichzeitig von der Robotersteuerung aus bedient zu werden.<\/p>\n<p>Cobotracks verf\u00fcgt \u00fcber ein Standardsortiment f\u00fcr alle TM-Roboter, bietet aber auch ma\u00dfgeschneiderte L\u00f6sungen auf der Grundlage Ihrer Anwendung an.[\/vc_column_text][vc_btn title=&#8220;LMPP-BROSCH\u00dcRE HERUNTERLADEN&#8220; style=&#8220;custom&#8220; custom_background=&#8220;#073c7c&#8220; custom_text=&#8220;#ffffff&#8220; shape=&#8220;square&#8220; align=&#8220;left&#8220; i_icon_fontawesome=&#8220;fa fa-newspaper-o&#8220; css_animation=&#8220;fadeInLeft&#8220; add_icon=&#8220;true&#8220; el_class=&#8220;brochur-download&#8220; link=&#8220;url:https%3A%2F%2Fwww.cobotracks.com%2Fwp-content%2Fuploads%2F2021%2F12%2FLMPP_Cobotracks.pdf|title:LMPP-Brosch%C3%BCre%20herunterladen|target:%20_blank|&#8220;][vc_single_image image=&#8220;1848&#8243; onclick=&#8220;custom_link&#8220; img_link_target=&#8220;_blank&#8220; css_animation=&#8220;fadeInRight&#8220; link=&#8220;https:\/\/www.tm-robot.com\/de\/tm-plug-plays\/cobotracks-linear-motion-plugplay-for-tm\/&#8220;][\/vc_column][\/vc_row][vc_row css=&#8220;.vc_custom_1570535644687{margin-top: 30px !important;}&#8220;][vc_column width=&#8220;1\/3&#8243;][vc_single_image image=&#8220;1332&#8243; img_size=&#8220;full&#8220; onclick=&#8220;link_image&#8220; css_animation=&#8220;fadeInUp&#8220; css=&#8220;.vc_custom_1606220883386{margin-bottom: 0px !important;}&#8220;][vc_btn title=&#8220;Regular payload series&#8220; style=&#8220;custom&#8220; custom_background=&#8220;#073c7c&#8220; custom_text=&#8220;#ffffff&#8220; shape=&#8220;square&#8220; align=&#8220;center&#8220; css_animation=&#8220;fadeInUp&#8220; button_block=&#8220;true&#8220; el_class=&#8220;product-link-btn&#8220; link=&#8220;|||&#8220;][\/vc_column][vc_column width=&#8220;1\/3&#8243;][vc_single_image image=&#8220;1335&#8243; img_size=&#8220;full&#8220; onclick=&#8220;link_image&#8220; css_animation=&#8220;fadeInUp&#8220; css=&#8220;.vc_custom_1606220906506{margin-bottom: 0px !important;}&#8220;][vc_btn title=&#8220;Medium-heavy payload series&#8220; style=&#8220;custom&#8220; custom_background=&#8220;#073c7c&#8220; custom_text=&#8220;#ffffff&#8220; shape=&#8220;square&#8220; align=&#8220;center&#8220; css_animation=&#8220;fadeInUp&#8220; button_block=&#8220;true&#8220; el_class=&#8220;product-link-btn&#8220; link=&#8220;|||&#8220;][\/vc_column][vc_column width=&#8220;1\/3&#8243;][\/vc_column][\/vc_row][\/vc_section][vc_section full_width=&#8220;stretch_row&#8220; css=&#8220;.vc_custom_1570280557090{padding-top: 20px !important;padding-bottom: 20px !important;background-color: #eeeeee !important;}&#8220;][vc_row][vc_column][vc_column_text el_class=&#8220;page-footer-tagline-info&#8220; css=&#8220;.vc_custom_1675753125004{margin-bottom: 0px !important;}&#8220;]<\/p>\n<p style=\"text-align: center;\">M\u00d6CHTEN SIE IHRE REICHWEITE ERWEITERN? <a href=\"https:\/\/www.cobotracks.com\/de\/contact\/\">VEREINBAREN SIE EINEN TERMIN!<\/a><\/p>\n<p>[\/vc_column_text][\/vc_column][\/vc_row][\/vc_section]<\/p>\n<\/div>","protected":false},"excerpt":{"rendered":"<p>[vc_section css=&#8220;.vc_custom_1570535111374{padding-top: 30px !important;padding-bottom: 40px !important;}&#8220;][vc_row][vc_column][vc_column_text css_animation=&#8220;fadeInLeft&#8220;][\/vc_column_text][\/vc_column][\/vc_row][vc_row css=&#8220;.vc_custom_1570280112642{margin-bottom: 0px !important;}&#8220;][vc_column][vc_custom_heading text=&#8220;LMPP &#8211; LINEAR MOTION PLUG &amp; PLAY F\u00dcR TECHMAN-ROBOTER&#8220; font_container=&#8220;tag:h1|font_size:48|text_align:left|color:%23073c7c&#8220; google_fonts=&#8220;font_family:Source%20Sans%20Pro%3A200%2C200italic%2C300%2C300italic%2Cregular%2Citalic%2C600%2C600italic%2C700%2C700italic%2C900%2C900italic|font_style:900%20bold%20regular%3A900%3Anormal&#8220; css_animation=&#8220;fadeInUp&#8220; el_class=&#8220;page-about-title&#8220; css=&#8220;.vc_custom_1606220010749{margin-bottom: 20px !important;}&#8220;][vc_column_text css_animation=&#8220;fadeInUp&#8220;<\/p>\n","protected":false},"author":4,"featured_media":0,"parent":0,"menu_order":0,"comment_status":"closed","ping_status":"closed","template":"","meta":{"_acf_changed":false,"inline_featured_image":false,"footnotes":""},"class_list":["post-1313","page","type-page","status-publish","hentry"],"acf":[],"yoast_head":"<!-- This site is optimized with the Yoast SEO plugin v26.8 - https:\/\/yoast.com\/product\/yoast-seo-wordpress\/ -->\n<title>Linear Motion Plug &amp; Play f\u00fcr Techman Roboter - Cobotracks<\/title>\n<meta name=\"description\" content=\"Gr\u00f6\u00dfere Reichweite Ihres Techman-Roboter durch unser Linear Motion Plug &amp; Play. Ma\u00dfgeschneiderte L\u00f6sungen f\u00fcr mehr Funktionalit\u00e4t.\" \/>\n<meta name=\"robots\" content=\"index, follow, max-snippet:-1, max-image-preview:large, max-video-preview:-1\" \/>\n<link rel=\"canonical\" href=\"https:\/\/www.cobotracks.com\/de\/linear-motion-plug-play-techman-roboter\/\" \/>\n<meta property=\"og:locale\" content=\"de_DE\" \/>\n<meta property=\"og:type\" content=\"article\" \/>\n<meta property=\"og:title\" content=\"Linear Motion Plug &amp; Play f\u00fcr Techman Roboter - Cobotracks\" \/>\n<meta property=\"og:description\" content=\"Gr\u00f6\u00dfere Reichweite Ihres Techman-Roboter durch unser Linear Motion Plug &amp; Play. Ma\u00dfgeschneiderte L\u00f6sungen f\u00fcr mehr Funktionalit\u00e4t.\" \/>\n<meta property=\"og:url\" content=\"https:\/\/www.cobotracks.com\/de\/linear-motion-plug-play-techman-roboter\/\" \/>\n<meta property=\"og:site_name\" content=\"Cobotracks\" \/>\n<meta property=\"article:modified_time\" content=\"2024-10-30T15:36:46+00:00\" \/>\n<meta name=\"twitter:card\" content=\"summary_large_image\" \/>\n<meta name=\"twitter:label1\" content=\"Gesch\u00e4tzte Lesezeit\" \/>\n\t<meta name=\"twitter:data1\" content=\"2\u00a0Minuten\" \/>\n<script type=\"application\/ld+json\" class=\"yoast-schema-graph\">{\"@context\":\"https:\/\/schema.org\",\"@graph\":[{\"@type\":\"WebPage\",\"@id\":\"https:\/\/www.cobotracks.com\/de\/linear-motion-plug-play-techman-roboter\/\",\"url\":\"https:\/\/www.cobotracks.com\/de\/linear-motion-plug-play-techman-roboter\/\",\"name\":\"Linear Motion Plug & Play f\u00fcr Techman Roboter - Cobotracks\",\"isPartOf\":{\"@id\":\"https:\/\/www.cobotracks.com\/de\/#website\"},\"datePublished\":\"2020-11-24T12:28:22+00:00\",\"dateModified\":\"2024-10-30T15:36:46+00:00\",\"description\":\"Gr\u00f6\u00dfere Reichweite Ihres Techman-Roboter durch unser Linear Motion Plug & Play. Ma\u00dfgeschneiderte L\u00f6sungen f\u00fcr mehr Funktionalit\u00e4t.\",\"breadcrumb\":{\"@id\":\"https:\/\/www.cobotracks.com\/de\/linear-motion-plug-play-techman-roboter\/#breadcrumb\"},\"inLanguage\":\"de\",\"potentialAction\":[{\"@type\":\"ReadAction\",\"target\":[\"https:\/\/www.cobotracks.com\/de\/linear-motion-plug-play-techman-roboter\/\"]}]},{\"@type\":\"BreadcrumbList\",\"@id\":\"https:\/\/www.cobotracks.com\/de\/linear-motion-plug-play-techman-roboter\/#breadcrumb\",\"itemListElement\":[{\"@type\":\"ListItem\",\"position\":1,\"name\":\"Home\",\"item\":\"https:\/\/www.cobotracks.com\/de\/\"},{\"@type\":\"ListItem\",\"position\":2,\"name\":\"Linear Motion Plug &#038; Play\"}]},{\"@type\":\"WebSite\",\"@id\":\"https:\/\/www.cobotracks.com\/de\/#website\",\"url\":\"https:\/\/www.cobotracks.com\/de\/\",\"name\":\"Cobotracks\",\"description\":\"Extending reach\",\"potentialAction\":[{\"@type\":\"SearchAction\",\"target\":{\"@type\":\"EntryPoint\",\"urlTemplate\":\"https:\/\/www.cobotracks.com\/de\/?s={search_term_string}\"},\"query-input\":{\"@type\":\"PropertyValueSpecification\",\"valueRequired\":true,\"valueName\":\"search_term_string\"}}],\"inLanguage\":\"de\"}]}<\/script>\n<!-- \/ Yoast SEO plugin. -->","yoast_head_json":{"title":"Linear Motion Plug & Play f\u00fcr Techman Roboter - Cobotracks","description":"Gr\u00f6\u00dfere Reichweite Ihres Techman-Roboter durch unser Linear Motion Plug & Play. Ma\u00dfgeschneiderte L\u00f6sungen f\u00fcr mehr Funktionalit\u00e4t.","robots":{"index":"index","follow":"follow","max-snippet":"max-snippet:-1","max-image-preview":"max-image-preview:large","max-video-preview":"max-video-preview:-1"},"canonical":"https:\/\/www.cobotracks.com\/de\/linear-motion-plug-play-techman-roboter\/","og_locale":"de_DE","og_type":"article","og_title":"Linear Motion Plug & Play f\u00fcr Techman Roboter - Cobotracks","og_description":"Gr\u00f6\u00dfere Reichweite Ihres Techman-Roboter durch unser Linear Motion Plug & Play. Ma\u00dfgeschneiderte L\u00f6sungen f\u00fcr mehr Funktionalit\u00e4t.","og_url":"https:\/\/www.cobotracks.com\/de\/linear-motion-plug-play-techman-roboter\/","og_site_name":"Cobotracks","article_modified_time":"2024-10-30T15:36:46+00:00","twitter_card":"summary_large_image","twitter_misc":{"Gesch\u00e4tzte Lesezeit":"2\u00a0Minuten"},"schema":{"@context":"https:\/\/schema.org","@graph":[{"@type":"WebPage","@id":"https:\/\/www.cobotracks.com\/de\/linear-motion-plug-play-techman-roboter\/","url":"https:\/\/www.cobotracks.com\/de\/linear-motion-plug-play-techman-roboter\/","name":"Linear Motion Plug & Play f\u00fcr Techman Roboter - Cobotracks","isPartOf":{"@id":"https:\/\/www.cobotracks.com\/de\/#website"},"datePublished":"2020-11-24T12:28:22+00:00","dateModified":"2024-10-30T15:36:46+00:00","description":"Gr\u00f6\u00dfere Reichweite Ihres Techman-Roboter durch unser Linear Motion Plug & Play. Ma\u00dfgeschneiderte L\u00f6sungen f\u00fcr mehr Funktionalit\u00e4t.","breadcrumb":{"@id":"https:\/\/www.cobotracks.com\/de\/linear-motion-plug-play-techman-roboter\/#breadcrumb"},"inLanguage":"de","potentialAction":[{"@type":"ReadAction","target":["https:\/\/www.cobotracks.com\/de\/linear-motion-plug-play-techman-roboter\/"]}]},{"@type":"BreadcrumbList","@id":"https:\/\/www.cobotracks.com\/de\/linear-motion-plug-play-techman-roboter\/#breadcrumb","itemListElement":[{"@type":"ListItem","position":1,"name":"Home","item":"https:\/\/www.cobotracks.com\/de\/"},{"@type":"ListItem","position":2,"name":"Linear Motion Plug &#038; Play"}]},{"@type":"WebSite","@id":"https:\/\/www.cobotracks.com\/de\/#website","url":"https:\/\/www.cobotracks.com\/de\/","name":"Cobotracks","description":"Extending reach","potentialAction":[{"@type":"SearchAction","target":{"@type":"EntryPoint","urlTemplate":"https:\/\/www.cobotracks.com\/de\/?s={search_term_string}"},"query-input":{"@type":"PropertyValueSpecification","valueRequired":true,"valueName":"search_term_string"}}],"inLanguage":"de"}]}},"_links":{"self":[{"href":"https:\/\/www.cobotracks.com\/de\/wp-json\/wp\/v2\/pages\/1313","targetHints":{"allow":["GET"]}}],"collection":[{"href":"https:\/\/www.cobotracks.com\/de\/wp-json\/wp\/v2\/pages"}],"about":[{"href":"https:\/\/www.cobotracks.com\/de\/wp-json\/wp\/v2\/types\/page"}],"author":[{"embeddable":true,"href":"https:\/\/www.cobotracks.com\/de\/wp-json\/wp\/v2\/users\/4"}],"replies":[{"embeddable":true,"href":"https:\/\/www.cobotracks.com\/de\/wp-json\/wp\/v2\/comments?post=1313"}],"version-history":[{"count":5,"href":"https:\/\/www.cobotracks.com\/de\/wp-json\/wp\/v2\/pages\/1313\/revisions"}],"predecessor-version":[{"id":3177,"href":"https:\/\/www.cobotracks.com\/de\/wp-json\/wp\/v2\/pages\/1313\/revisions\/3177"}],"wp:attachment":[{"href":"https:\/\/www.cobotracks.com\/de\/wp-json\/wp\/v2\/media?parent=1313"}],"curies":[{"name":"wp","href":"https:\/\/api.w.org\/{rel}","templated":true}]}}