{"id":1932,"date":"2021-04-22T15:32:14","date_gmt":"2021-04-22T13:32:14","guid":{"rendered":"https:\/\/www.cobotracks.com\/?page_id=1932"},"modified":"2025-04-17T11:50:32","modified_gmt":"2025-04-17T09:50:32","slug":"lmk3-alu-bs","status":"publish","type":"page","link":"https:\/\/www.cobotracks.com\/de\/linear-motion-kit\/lmk3-alu-bs\/","title":{"rendered":"LMK3-ALU-BS"},"content":{"rendered":"<div class=\"wpb-content-wrapper\"><p>[vc_section full_width=&#8220;stretch_row_content&#8220;][vc_row full_width=&#8220;stretch_row_content_no_spaces&#8220;][vc_column][vc_single_image image=&#8220;211&#8243; img_size=&#8220;full&#8220; css_animation=&#8220;fadeInUp&#8220; css=&#8220;.vc_custom_1570529942076{margin-bottom: 0px !important;}&#8220;][\/vc_column][\/vc_row][\/vc_section][vc_section full_width=&#8220;stretch_row&#8220; css=&#8220;.vc_custom_1570529781254{padding-top: 80px !important;padding-bottom: 80px !important;background-color: #073c7c !important;}&#8220;][vc_row][vc_column][vc_column_text css_animation=&#8220;fadeInUp&#8220; el_class=&#8220;product-breadcrumbs&#8220;]<div class=\"custom-breadcrumbs\"><span property=\"itemListElement\" typeof=\"ListItem\"><a property=\"item\" typeof=\"WebPage\" title=\"Go to Cobotracks.\" href=\"https:\/\/www.cobotracks.com\/de\/\" class=\"home\" ><span property=\"name\">Home<\/span><\/a><meta property=\"position\" content=\"1\"><\/span> \/\/ <span property=\"itemListElement\" typeof=\"ListItem\"><a property=\"item\" typeof=\"WebPage\" title=\"Go to Nachrichten und Ereignisse.\" href=\"https:\/\/www.cobotracks.com\/de\/nachrichten-ereignisse\/\" class=\"post-root post post-post\" aria-current=\"page\"><span property=\"name\">Nachrichten und Ereignisse<\/span><\/a><meta property=\"position\" content=\"2\"><\/span><\/div>[\/vc_column_text][\/vc_column][\/vc_row][vc_row][vc_column][vc_custom_heading text=&#8220;LMK3-ALU-BS Linearmodul-Set f\u00fcr Universal Robots UR3&#8243; font_container=&#8220;tag:h1|font_size:48|text_align:left|color:%23ffffff&#8220; google_fonts=&#8220;font_family:Source%20Sans%20Pro%3A200%2C200italic%2C300%2C300italic%2Cregular%2Citalic%2C600%2C600italic%2C700%2C700italic%2C900%2C900italic|font_style:900%20bold%20regular%3A900%3Anormal&#8220; css_animation=&#8220;fadeInUp&#8220; css=&#8220;.vc_custom_1619098305196{margin-bottom: 20px !important;}&#8220; el_class=&#8220;title-blue&#8220;][vc_column_text css_animation=&#8220;fadeInUp&#8220; css=&#8220;&#8220; el_class=&#8220;product-description&#8220;]Der LMK3-ALU-BS, das neueste <span style=\"color: #ffffff;\"><a style=\"color: #ffffff;\" href=\"https:\/\/www.cobotracks.com\/de\/linear-motion-kit\/\">Linear Motion Kit<\/a><\/span> von Cobotracks, erweitert die Reichweite des UR3-Cobots auf bis zu 50 Meter und macht ihn zu einer vielseitigen 7-Achs-L\u00f6sung. Der <span style=\"color: #ffffff;\"><a style=\"color: #ffffff;\" href=\"https:\/\/www.universal-robots.com\/products\/ur3-robot\/\" target=\"_blank\" rel=\"noopener\">UR3-Cobot<\/a><\/span>, der kleinste Cobot der Universal-Robots-Familie, zeichnet sich durch sein geringes Gewicht (11 kg), eine Nutzlast von 3 kg, 360-Grad-Drehbarkeit an allen Gelenken und eine unbegrenzte Rotation des Endgelenks aus. Diese Eigenschaften machen ihn ideal f\u00fcr leichte Montagearbeiten, hochpr\u00e4zise Aufgaben und automatisierte Prozesse in kompakten Arbeitsumgebungen.<\/p>\n<p>Das LMK3-ALU-BS von Cobotracks ist eine innovative Plug-and-Play-L\u00f6sung, die den 6-achsigen UR3\/UR3e-Cobot in eine noch leistungsf\u00e4higere Automatisierungsl\u00f6sung verwandelt. Dank der einzigartigen UR-Software garantiert Cobotracks eine nahtlose Integration und eine optimierte Produktionseffizienz.<\/p>\n<p>Lerne mehr \u00fcber LMK3-ALU-BS.[\/vc_column_text][vc_row_inner][vc_column_inner width=&#8220;1\/2&#8243;][vc_btn title=&#8220;LMK-BROSCH\u00dcRE HERUNTERLADEN&#8220; style=&#8220;custom&#8220; custom_background=&#8220;#ffffff&#8220; custom_text=&#8220;#073c7c&#8220; shape=&#8220;square&#8220; i_icon_fontawesome=&#8220;&#8220; css_animation=&#8220;fadeInUp&#8220; add_icon=&#8220;true&#8220; link=&#8220;url:%2Fwp-content%2Fuploads%2F2024%2F01%2F18012024_brochure_cobotracks_LMK.pdf|title:LMK-brosch%C3%BCre%20herunterladen|target:_blank&#8220; el_class=&#8220;btn-download-product-brochure&#8220;][\/vc_column_inner][vc_column_inner width=&#8220;1\/2&#8243;][vc_btn title=&#8220;SEHEN SIE SICH DIE DEMO AN&#8220; style=&#8220;custom&#8220; custom_background=&#8220;#ffffff&#8220; custom_text=&#8220;#073c7c&#8220; shape=&#8220;square&#8220; i_icon_fontawesome=&#8220;fa fa-film&#8220; css_animation=&#8220;fadeInUp&#8220; add_icon=&#8220;true&#8220; link=&#8220;url:https%3A%2F%2Fwww.cobotracks.com%2Fde%2Fnachrichten-ereignisse%2Fvideo-demo-lmk3b-fur-ur3%2F|title:Sehen%20sie%20sich%20die%20demo%20an|target:%20_blank|&#8220; el_class=&#8220;btn-download-product-brochure&#8220;][\/vc_column_inner][\/vc_row_inner][\/vc_column][\/vc_row][\/vc_section][vc_section css=&#8220;.vc_custom_1573123507297{margin-top: 0px !important;margin-bottom: 0px !important;}&#8220;][vc_row][vc_column][vc_column_text css_animation=&#8220;fadeInUp&#8220; css=&#8220;.vc_custom_1619458657489{margin-bottom: 0px !important;}&#8220; el_class=&#8220;product-table-info&#8220;]<\/p>\n<table style=\"border-collapse: collapse; width: 100%; height: 216px;\">\n<tbody>\n<tr style=\"height: 24px;\">\n<td style=\"width: 66.4875%; height: 24px;\">\n<h5>ROBOTERTYP<\/h5>\n<\/td>\n<td style=\"width: 33.5125%; height: 24px; text-align: center;\">UR3\/UR3<em>e<\/em><\/td>\n<\/tr>\n<tr style=\"height: 48px;\">\n<td style=\"width: 66.4875%; height: 48px;\">\n<h5>MAX. HUB\u00a0[mm]<\/h5>\n<\/td>\n<td style=\"width: 33.5125%; height: 48px; text-align: center;\">2500<\/td>\n<\/tr>\n<tr style=\"height: 24px;\">\n<td style=\"width: 66.4875%; height: 24px;\">\n<h5>MAX. GESCHWINDIGKEIT [mm\/sec]<\/h5>\n<\/td>\n<td style=\"width: 33.5125%; height: 24px; text-align: center;\">250<\/td>\n<\/tr>\n<tr style=\"height: 24px;\">\n<td style=\"width: 66.4875%; height: 24px;\">\n<h5>ARBEITSZYKLUS\u00a0[mm]<\/h5>\n<\/td>\n<td style=\"width: 33.5125%; height: 24px; text-align: center;\">100<\/td>\n<\/tr>\n<tr style=\"height: 24px;\">\n<td style=\"width: 66.4875%; height: 24px;\">\n<h5>WIEDERHOLBARKEIT\u00a0[mm]<\/h5>\n<\/td>\n<td style=\"width: 33.5125%; height: 24px; text-align: center;\">0.05<\/td>\n<\/tr>\n<tr style=\"height: 24px;\">\n<td style=\"width: 66.4875%; height: 24px;\">\n<h5>UMGEBUNGSTEMPERATUR [\u00b0C]<\/h5>\n<\/td>\n<td style=\"width: 33.5125%; height: 24px; text-align: center;\">-10 \u00b0C bis 60\u00b0C<\/td>\n<\/tr>\n<tr style=\"height: 24px;\">\n<td style=\"width: 66.4875%; height: 24px;\">\n<h5>ELEKTRISCHE SPANNUNG<\/h5>\n<\/td>\n<td style=\"width: 33.5125%; height: 24px; text-align: center;\">380 V<\/td>\n<\/tr>\n<tr style=\"height: 24px;\">\n<td style=\"width: 66.4875%; height: 24px;\">\n<h5>BASISGEWICHT<\/h5>\n<\/td>\n<td style=\"width: 33.5125%; height: 24px; text-align: center;\">19.4 kg<\/td>\n<\/tr>\n<tr style=\"height: 24px;\">\n<td style=\"width: 66.4875%; height: 24px;\">\n<h5>GEWICHT PRO 100mm HUB<\/h5>\n<\/td>\n<td style=\"width: 33.5125%; height: 24px; text-align: center;\">2.1 kg<\/td>\n<\/tr>\n<\/tbody>\n<\/table>\n<p>[\/vc_column_text][\/vc_column][\/vc_row][vc_row content_placement=&#8220;bottom&#8220; css=&#8220;.vc_custom_1573201595906{margin-top: 50px !important;margin-bottom: 80px !important;}&#8220;][vc_column width=&#8220;1\/2&#8243; offset=&#8220;vc_col-lg-7 vc_col-md-7&#8243;][vc_single_image image=&#8220;3065&#8243; img_size=&#8220;150&#215;150&#8243; onclick=&#8220;custom_link&#8220; img_link_target=&#8220;_blank&#8220; css_animation=&#8220;fadeInRight&#8220; css=&#8220;.vc_custom_1720774569104{margin-bottom: 0px !important;}&#8220; el_class=&#8220;product-certificate-image&#8220; link=&#8220;https:\/\/www.universal-robots.com\/products\/&#8220;][\/vc_column][\/vc_row][vc_row][vc_column][vc_single_image image=&#8220;2335&#8243; img_size=&#8220;full&#8220; onclick=&#8220;link_image&#8220; css_animation=&#8220;fadeInUp&#8220;][\/vc_column][\/vc_row][\/vc_section][vc_section full_width=&#8220;stretch_row&#8220; css=&#8220;.vc_custom_1570280557090{padding-top: 20px !important;padding-bottom: 20px !important;background-color: #eeeeee !important;}&#8220;][vc_row][vc_column][vc_column_text css=&#8220;.vc_custom_1574073147503{margin-bottom: 0px !important;}&#8220; el_class=&#8220;page-footer-tagline-info&#8220;]<\/p>\n<p style=\"text-align: center;\">M\u00d6CHTEN SIE IHRE REICHWEITE ERWEITERN? <a href=\"https:\/\/www.cobotracks.com\/de\/contact\/\">VEREINBAREN SIE EINEN TERMIN!<\/a><\/p>\n<p>[\/vc_column_text][\/vc_column][\/vc_row][\/vc_section]<\/p>\n<\/div>","protected":false},"excerpt":{"rendered":"<p>Gr\u00f6\u00dfere Reichweite Ihres Universal-Robots-UR3-Cobots durch unser Linearmodul-Set LMK3. Ma\u00dfgeschneiderte 7-Achs-L\u00f6sungen f\u00fcr mehr Funktionalit\u00e4t. <\/p>\n","protected":false},"author":4,"featured_media":0,"parent":848,"menu_order":0,"comment_status":"closed","ping_status":"closed","template":"","meta":{"_acf_changed":false,"inline_featured_image":false,"footnotes":""},"class_list":["post-1932","page","type-page","status-publish","hentry"],"acf":[],"yoast_head":"<!-- This site is optimized with the Yoast SEO plugin v26.8 - https:\/\/yoast.com\/product\/yoast-seo-wordpress\/ -->\n<title>LMK3-ALU-BS - 7-Achs-Linearmodulset f\u00fcr UR3 - Cobotracks<\/title>\n<meta name=\"description\" content=\"Gr\u00f6\u00dfere Reichweite Ihres Universal-Robots-UR3-Cobots durch unser Linearmodul-Set LMK3-ALU-BS. Ma\u00dfgeschneiderte L\u00f6sungen. Besuchen Sie uns!\" \/>\n<meta name=\"robots\" content=\"index, follow, max-snippet:-1, max-image-preview:large, max-video-preview:-1\" \/>\n<link rel=\"canonical\" href=\"https:\/\/www.cobotracks.com\/de\/linear-motion-kit\/lmk3-alu-bs\/\" \/>\n<meta property=\"og:locale\" content=\"de_DE\" \/>\n<meta property=\"og:type\" content=\"article\" \/>\n<meta property=\"og:title\" content=\"LMK3-ALU-BS - 7-Achs-Linearmodulset f\u00fcr UR3 - Cobotracks\" \/>\n<meta property=\"og:description\" content=\"Gr\u00f6\u00dfere Reichweite Ihres Universal-Robots-UR3-Cobots durch unser Linearmodul-Set LMK3-ALU-BS. Ma\u00dfgeschneiderte L\u00f6sungen. Besuchen Sie uns!\" \/>\n<meta property=\"og:url\" content=\"https:\/\/www.cobotracks.com\/de\/linear-motion-kit\/lmk3-alu-bs\/\" \/>\n<meta property=\"og:site_name\" content=\"Cobotracks\" \/>\n<meta property=\"article:modified_time\" content=\"2025-04-17T09:50:32+00:00\" \/>\n<meta name=\"twitter:card\" content=\"summary_large_image\" \/>\n<meta name=\"twitter:label1\" content=\"Gesch\u00e4tzte Lesezeit\" \/>\n\t<meta name=\"twitter:data1\" content=\"2\u00a0Minuten\" \/>\n<script type=\"application\/ld+json\" class=\"yoast-schema-graph\">{\"@context\":\"https:\/\/schema.org\",\"@graph\":[{\"@type\":\"WebPage\",\"@id\":\"https:\/\/www.cobotracks.com\/de\/linear-motion-kit\/lmk3-alu-bs\/\",\"url\":\"https:\/\/www.cobotracks.com\/de\/linear-motion-kit\/lmk3-alu-bs\/\",\"name\":\"LMK3-ALU-BS - 7-Achs-Linearmodulset f\u00fcr UR3 - Cobotracks\",\"isPartOf\":{\"@id\":\"https:\/\/www.cobotracks.com\/de\/#website\"},\"datePublished\":\"2021-04-22T13:32:14+00:00\",\"dateModified\":\"2025-04-17T09:50:32+00:00\",\"description\":\"Gr\u00f6\u00dfere Reichweite Ihres Universal-Robots-UR3-Cobots durch unser Linearmodul-Set LMK3-ALU-BS. Ma\u00dfgeschneiderte L\u00f6sungen. Besuchen Sie uns!\",\"breadcrumb\":{\"@id\":\"https:\/\/www.cobotracks.com\/de\/linear-motion-kit\/lmk3-alu-bs\/#breadcrumb\"},\"inLanguage\":\"de\",\"potentialAction\":[{\"@type\":\"ReadAction\",\"target\":[\"https:\/\/www.cobotracks.com\/de\/linear-motion-kit\/lmk3-alu-bs\/\"]}]},{\"@type\":\"BreadcrumbList\",\"@id\":\"https:\/\/www.cobotracks.com\/de\/linear-motion-kit\/lmk3-alu-bs\/#breadcrumb\",\"itemListElement\":[{\"@type\":\"ListItem\",\"position\":1,\"name\":\"Home\",\"item\":\"https:\/\/www.cobotracks.com\/de\/\"},{\"@type\":\"ListItem\",\"position\":2,\"name\":\"Linear Motion Kit\",\"item\":\"https:\/\/www.cobotracks.com\/de\/linear-motion-kit\/\"},{\"@type\":\"ListItem\",\"position\":3,\"name\":\"LMK3-ALU-BS\"}]},{\"@type\":\"WebSite\",\"@id\":\"https:\/\/www.cobotracks.com\/de\/#website\",\"url\":\"https:\/\/www.cobotracks.com\/de\/\",\"name\":\"Cobotracks\",\"description\":\"Extending reach\",\"potentialAction\":[{\"@type\":\"SearchAction\",\"target\":{\"@type\":\"EntryPoint\",\"urlTemplate\":\"https:\/\/www.cobotracks.com\/de\/?s={search_term_string}\"},\"query-input\":{\"@type\":\"PropertyValueSpecification\",\"valueRequired\":true,\"valueName\":\"search_term_string\"}}],\"inLanguage\":\"de\"}]}<\/script>\n<!-- \/ Yoast SEO plugin. -->","yoast_head_json":{"title":"LMK3-ALU-BS - 7-Achs-Linearmodulset f\u00fcr UR3 - Cobotracks","description":"Gr\u00f6\u00dfere Reichweite Ihres Universal-Robots-UR3-Cobots durch unser Linearmodul-Set LMK3-ALU-BS. Ma\u00dfgeschneiderte L\u00f6sungen. Besuchen Sie uns!","robots":{"index":"index","follow":"follow","max-snippet":"max-snippet:-1","max-image-preview":"max-image-preview:large","max-video-preview":"max-video-preview:-1"},"canonical":"https:\/\/www.cobotracks.com\/de\/linear-motion-kit\/lmk3-alu-bs\/","og_locale":"de_DE","og_type":"article","og_title":"LMK3-ALU-BS - 7-Achs-Linearmodulset f\u00fcr UR3 - Cobotracks","og_description":"Gr\u00f6\u00dfere Reichweite Ihres Universal-Robots-UR3-Cobots durch unser Linearmodul-Set LMK3-ALU-BS. Ma\u00dfgeschneiderte L\u00f6sungen. Besuchen Sie uns!","og_url":"https:\/\/www.cobotracks.com\/de\/linear-motion-kit\/lmk3-alu-bs\/","og_site_name":"Cobotracks","article_modified_time":"2025-04-17T09:50:32+00:00","twitter_card":"summary_large_image","twitter_misc":{"Gesch\u00e4tzte Lesezeit":"2\u00a0Minuten"},"schema":{"@context":"https:\/\/schema.org","@graph":[{"@type":"WebPage","@id":"https:\/\/www.cobotracks.com\/de\/linear-motion-kit\/lmk3-alu-bs\/","url":"https:\/\/www.cobotracks.com\/de\/linear-motion-kit\/lmk3-alu-bs\/","name":"LMK3-ALU-BS - 7-Achs-Linearmodulset f\u00fcr UR3 - Cobotracks","isPartOf":{"@id":"https:\/\/www.cobotracks.com\/de\/#website"},"datePublished":"2021-04-22T13:32:14+00:00","dateModified":"2025-04-17T09:50:32+00:00","description":"Gr\u00f6\u00dfere Reichweite Ihres Universal-Robots-UR3-Cobots durch unser Linearmodul-Set LMK3-ALU-BS. Ma\u00dfgeschneiderte L\u00f6sungen. Besuchen Sie uns!","breadcrumb":{"@id":"https:\/\/www.cobotracks.com\/de\/linear-motion-kit\/lmk3-alu-bs\/#breadcrumb"},"inLanguage":"de","potentialAction":[{"@type":"ReadAction","target":["https:\/\/www.cobotracks.com\/de\/linear-motion-kit\/lmk3-alu-bs\/"]}]},{"@type":"BreadcrumbList","@id":"https:\/\/www.cobotracks.com\/de\/linear-motion-kit\/lmk3-alu-bs\/#breadcrumb","itemListElement":[{"@type":"ListItem","position":1,"name":"Home","item":"https:\/\/www.cobotracks.com\/de\/"},{"@type":"ListItem","position":2,"name":"Linear Motion Kit","item":"https:\/\/www.cobotracks.com\/de\/linear-motion-kit\/"},{"@type":"ListItem","position":3,"name":"LMK3-ALU-BS"}]},{"@type":"WebSite","@id":"https:\/\/www.cobotracks.com\/de\/#website","url":"https:\/\/www.cobotracks.com\/de\/","name":"Cobotracks","description":"Extending reach","potentialAction":[{"@type":"SearchAction","target":{"@type":"EntryPoint","urlTemplate":"https:\/\/www.cobotracks.com\/de\/?s={search_term_string}"},"query-input":{"@type":"PropertyValueSpecification","valueRequired":true,"valueName":"search_term_string"}}],"inLanguage":"de"}]}},"_links":{"self":[{"href":"https:\/\/www.cobotracks.com\/de\/wp-json\/wp\/v2\/pages\/1932","targetHints":{"allow":["GET"]}}],"collection":[{"href":"https:\/\/www.cobotracks.com\/de\/wp-json\/wp\/v2\/pages"}],"about":[{"href":"https:\/\/www.cobotracks.com\/de\/wp-json\/wp\/v2\/types\/page"}],"author":[{"embeddable":true,"href":"https:\/\/www.cobotracks.com\/de\/wp-json\/wp\/v2\/users\/4"}],"replies":[{"embeddable":true,"href":"https:\/\/www.cobotracks.com\/de\/wp-json\/wp\/v2\/comments?post=1932"}],"version-history":[{"count":5,"href":"https:\/\/www.cobotracks.com\/de\/wp-json\/wp\/v2\/pages\/1932\/revisions"}],"predecessor-version":[{"id":3405,"href":"https:\/\/www.cobotracks.com\/de\/wp-json\/wp\/v2\/pages\/1932\/revisions\/3405"}],"up":[{"embeddable":true,"href":"https:\/\/www.cobotracks.com\/de\/wp-json\/wp\/v2\/pages\/848"}],"wp:attachment":[{"href":"https:\/\/www.cobotracks.com\/de\/wp-json\/wp\/v2\/media?parent=1932"}],"curies":[{"name":"wp","href":"https:\/\/api.w.org\/{rel}","templated":true}]}}