{"id":840,"date":"2019-11-14T16:37:01","date_gmt":"2019-11-14T15:37:01","guid":{"rendered":"https:\/\/www.cobotracks.com\/?page_id=840"},"modified":"2024-10-30T16:43:09","modified_gmt":"2024-10-30T15:43:09","slug":"home","status":"publish","type":"page","link":"https:\/\/www.cobotracks.com\/de\/","title":{"rendered":"Home"},"content":{"rendered":"<div class=\"wpb-content-wrapper\"><p>[vc_section full_width=&#8220;stretch_row_content&#8220; css=&#8220;.vc_custom_1570275521145{margin-top: -4px !important;}&#8220;][vc_row el_class=&#8220;desktop-video-slider&#8220;][vc_column]\n\t\t\t<!-- START Desktop Slider REVOLUTION SLIDER 6.7.34 --><p class=\"rs-p-wp-fix\"><\/p>\n\t\t\t<rs-module-wrap id=\"rev_slider_1_1_wrapper\" data-source=\"gallery\" style=\"visibility:hidden;background:transparent;padding:0;margin:0px auto;margin-top:0;margin-bottom:0;\">\n\t\t\t\t<rs-module id=\"rev_slider_1_1\" style=\"\" data-version=\"6.7.34\">\n\t\t\t\t\t<rs-slides style=\"overflow: hidden; position: absolute;\">\n\t\t\t\t\t\t<rs-slide style=\"position: absolute;\" data-key=\"rs-1\" data-title=\"Slide\" data-anim=\"adpr:false;\" data-in=\"o:0;\" data-out=\"a:false;\">\n\t\t\t\t\t\t\t<img decoding=\"async\" src=\"\/\/www.cobotracks.com\/wp-content\/plugins\/revslider\/sr6\/assets\/assets\/dummy.png\" alt=\"\" title=\"COBOTRACKS-VIDEO-zonderaudio-smal_1.jpeg\" width=\"1920\" height=\"720\" class=\"rev-slidebg tp-rs-img rs-lazyload\" data-lazyload=\"\/\/www.cobotracks.com\/wp-content\/uploads\/revslider\/video-media\/COBOTRACKS-VIDEO-zonderaudio-smal_1.jpeg\" data-no-retina>\n\t\t\t\t\t\t\t<rs-bgvideo \n\t\t\t\t\t\t\t\tdata-video=\"v:100;w:100%;h:100%;nse:false;l:loopandnoslidestop;ptimer:false;vfc:true;\"\n\t\t\t\t\t\t\t\tdata-mp4=\"\/\/www.cobotracks.com\/wp-content\/uploads\/2023\/02\/COBOTRACKS-VIDEO-zonderaudio-smal.mp4\"\n\t\t\t\t\t\t\t><\/rs-bgvideo>\n<!---->\t\t\t\t\t<\/rs-slide>\n\t\t\t\t\t<\/rs-slides>\n\t\t\t\t<\/rs-module>\n\t\t\t\t<script>\n\t\t\t\t\tsetREVStartSize({c: 'rev_slider_1_1',rl:[1367,1240,778,480],el:[500],gw:[1368],gh:[500],type:'standard',justify:'',layout:'fullwidth',mh:\"0\"});if (window.RS_MODULES!==undefined && window.RS_MODULES.modules!==undefined && window.RS_MODULES.modules[\"revslider11\"]!==undefined) {window.RS_MODULES.modules[\"revslider11\"].once = false;window.revapi1 = undefined;if (window.RS_MODULES.checkMinimal!==undefined) window.RS_MODULES.checkMinimal()}\n\t\t\t\t<\/script>\n\t\t\t<\/rs-module-wrap>\n\t\t\t<!-- END REVOLUTION SLIDER -->\n[vc_raw_html el_id=&#8220;page-scrolldown&#8220;]JTNDZGl2JTIwY2xhc3MlM0QlMjJzY3JvbGxkb3duJTIyJTNFJTBBJTNDYSUyMGhyZWYlM0QlMjIlMjNhYm91dHVzJTIyJTNFJTNDaW1nJTIwc3JjJTNEJTIyaHR0cHMlM0ElMkYlMkZ3d3cuY29ib3RyYWNrcy5jb20lMkZ3cC1jb250ZW50JTJGdXBsb2FkcyUyRjIwMTklMkYxMSUyRnNjcm9sbC1kb3duLWFycm93LnBuZyUyMiUyRiUzRSUzQyUyRmElM0UlMEElM0MlMkZkaXYlM0U=[\/vc_raw_html][\/vc_column][\/vc_row][vc_row full_width=&#8220;stretch_row_content_no_spaces&#8220; el_class=&#8220;mobile-image-slider&#8220;][vc_column]\n\t\t\t<!-- START Mobile New Slider REVOLUTION SLIDER 6.7.34 --><p class=\"rs-p-wp-fix\"><\/p>\n\t\t\t<rs-module-wrap id=\"rev_slider_4_2_wrapper\" data-source=\"gallery\" style=\"visibility:hidden;background:transparent;padding:0;margin:0px auto;margin-top:0;margin-bottom:0;\">\n\t\t\t\t<rs-module id=\"rev_slider_4_2\" style=\"\" data-version=\"6.7.34\">\n\t\t\t\t\t<rs-slides style=\"overflow: hidden; position: absolute;\">\n\t\t\t\t\t\t<rs-slide style=\"position: absolute;\" data-key=\"rs-5\" data-title=\"Slide\" data-anim=\"adpr:false;\" data-in=\"o:0;\" data-out=\"a:false;\">\n\t\t\t\t\t\t\t<img decoding=\"async\" src=\"\/\/www.cobotracks.com\/wp-content\/plugins\/revslider\/sr6\/assets\/assets\/dummy.png\" alt=\"\" title=\"COBOTRACKS-VIDEO-zonderaudio-smal_1.jpeg\" width=\"1920\" height=\"720\" class=\"rev-slidebg tp-rs-img rs-lazyload\" data-lazyload=\"\/\/www.cobotracks.com\/wp-content\/uploads\/revslider\/video-media\/COBOTRACKS-VIDEO-zonderaudio-smal_1.jpeg\" data-no-retina>\n\t\t\t\t\t\t\t<rs-bgvideo \n\t\t\t\t\t\t\t\tdata-video=\"w:100%;h:100%;nse:false;l:true;ptimer:false;vfc:true;\"\n\t\t\t\t\t\t\t\tdata-mp4=\"\/\/www.cobotracks.com\/wp-content\/uploads\/2023\/02\/COBOTRACKS-VIDEO-zonderaudio-smal.mp4\"\n\t\t\t\t\t\t\t><\/rs-bgvideo>\n<!---->\t\t\t\t\t<\/rs-slide>\n\t\t\t\t\t<\/rs-slides>\n\t\t\t\t<\/rs-module>\n\t\t\t\t<script>\n\t\t\t\t\tsetREVStartSize({c: 'rev_slider_4_2',rl:[1367,1240,778,480],el:[311],gw:[800],gh:[311],type:'standard',justify:'',layout:'fullwidth',mh:\"0\"});if (window.RS_MODULES!==undefined && window.RS_MODULES.modules!==undefined && window.RS_MODULES.modules[\"revslider42\"]!==undefined) {window.RS_MODULES.modules[\"revslider42\"].once = false;window.revapi4 = undefined;if (window.RS_MODULES.checkMinimal!==undefined) window.RS_MODULES.checkMinimal()}\n\t\t\t\t<\/script>\n\t\t\t<\/rs-module-wrap>\n\t\t\t<!-- END REVOLUTION SLIDER -->\n[\/vc_column][\/vc_row][\/vc_section][vc_section full_width=&#8220;stretch_row&#8220; css=&#8220;.vc_custom_1573292347215{margin-top: -6px !important;padding-top: 80px !important;padding-bottom: 50px !important;background-color: #073c7c !important;}&#8220; el_id=&#8220;aboutus&#8220;][vc_row][vc_column][vc_custom_heading text=&#8220;\u00dcBER COBOTRACKS&#8220; font_container=&#8220;tag:h1|font_size:48|text_align:left|color:%23ffffff&#8220; google_fonts=&#8220;font_family:Source%20Sans%20Pro%3A200%2C200italic%2C300%2C300italic%2Cregular%2Citalic%2C600%2C600italic%2C700%2C700italic%2C900%2C900italic|font_style:900%20bold%20regular%3A900%3Anormal&#8220; css_animation=&#8220;fadeInUp&#8220; css=&#8220;.vc_custom_1573745741802{margin-bottom: 20px !important;}&#8220; el_class=&#8220;home-about-title&#8220;][vc_column_text css_animation=&#8220;fadeInUp&#8220; el_class=&#8220;home-about-description&#8220;]Cobotracks bietet L\u00f6sungen nach Ma\u00df, die die Reichweite von jeder Art von Cobot vergr\u00f6\u00dfern, indem er \u00fcber eine Linearachse gefahren wird. Ob es jetzt um das Stapeln von Paletten, das Bedienen mehrerer Maschinen oder das Schwei\u00dfen oder Verkleben gro\u00dfer Bauteile geht, dank des &#8222;<span style=\"text-decoration: underline;\"><span style=\"color: #ffffff;\"><a style=\"color: #ffffff; text-decoration: underline;\" href=\"https:\/\/www.cobotracks.com\/de\/linear-motion-kit\/\">Linear Motion Kits<\/a><\/span><\/span>&#8220; k\u00f6nnen die UR-Cobots so viel mehr und die M\u00f6glichkeiten sind endlos.<\/p>\n<p>F\u00fcr die Cobots UR3\/5\/10\/16 von Universal Robots, sowohl die CB3- als auch die e-Versionen, entwickelte Cobotracks das \u201eLinear Motion Kit\u201c. Dies ist eine einfache Plug-and-play-L\u00f6sung f\u00fcr jeden UR-Cobot. Das Linear Motion Kit umfasst die UR-Caps-Software, die einfach zu installieren und zu programmieren ist.[\/vc_column_text][vc_btn title=&#8220;WEITERE INFOS&#8220; style=&#8220;custom&#8220; custom_background=&#8220;#ffffff&#8220; custom_text=&#8220;#073c7c&#8220; shape=&#8220;square&#8220; css_animation=&#8220;fadeInUp&#8220; link=&#8220;url:https%3A%2F%2Fwww.cobotracks.com%2Fde%2Fuber-cobotracks%2F|title:%C3%9Cber%20Cobotracks||&#8220; el_class=&#8220;btn-download-product-brochure&#8220;][\/vc_column][\/vc_row][\/vc_section][vc_row css=&#8220;.vc_custom_1571840479078{padding-top: 80px !important;padding-bottom: 60px !important;}&#8220;][vc_column][vc_custom_heading text=&#8220;\u00dcBER COBOTS&#8220; font_container=&#8220;tag:h2|font_size:48|text_align:left|color:%23073c7c|line_height:0.7em&#8220; google_fonts=&#8220;font_family:Source%20Sans%20Pro%3A200%2C200italic%2C300%2C300italic%2Cregular%2Citalic%2C600%2C600italic%2C700%2C700italic%2C900%2C900italic|font_style:900%20bold%20regular%3A900%3Anormal&#8220; css_animation=&#8220;fadeInUp&#8220; css=&#8220;.vc_custom_1573745968812{margin-bottom: 30px !important;}&#8220; el_class=&#8220;home-video-title&#8220;][vc_column_text css_animation=&#8220;fadeInUp&#8220; el_class=&#8220;about-linear-motor&#8220;]<a href=\"https:\/\/www.cobotracks.com\/de\/nachrichten-ereignisse\/was-ist-ein-cobot\/\">Cobots<\/a> wurden vollst\u00e4ndig entwickelt, um sicher mit Menschen in einer gemeinsamen Arbeitsumgebung zusammenzuarbeiten, im Gegensatz zu Industrierobotern, die selbstst\u00e4ndig arbeiten oder nur in begrenztem Ma\u00dfe gesteuert werden. Dies passt perfekt in den Rahmen von Industrie 4.0., bei der sich Ger\u00e4te, Menschen und Daten miteinander verbinden und kommunizieren. Au\u00dferdem sind Cobots auch einfach zu programmieren und daher flexibel einsetzbar.[\/vc_column_text][vc_btn title=&#8220;MEHR LESEN&#8220; style=&#8220;custom&#8220; custom_background=&#8220;#073c7c&#8220; custom_text=&#8220;#ffffff&#8220; shape=&#8220;square&#8220; align=&#8220;left&#8220; i_icon_fontawesome=&#8220;fa fa-arrow-circle-right&#8220; css_animation=&#8220;fadeInUp&#8220; add_icon=&#8220;true&#8220; el_class=&#8220;btn-custom&#8220; css=&#8220;.vc_custom_1629661610633{margin-top: 14px !important;}&#8220; link=&#8220;url:https%3A%2F%2Fwww.cobotracks.com%2Fde%2Fnachrichten-ereignisse%2Fwas-ist-ein-cobot%2F|title:Was%20ist%20ein%20Cobot%3F||&#8220;][\/vc_column][\/vc_row][vc_section full_width=&#8220;stretch_row&#8220; css=&#8220;.vc_custom_1570197080778{padding-top: 80px !important;padding-bottom: 60px !important;}&#8220;][vc_row css=&#8220;.vc_custom_1570195821292{margin-bottom: 20px !important;}&#8220;][vc_column][vc_row_inner][vc_column_inner width=&#8220;1\/2&#8243;][vc_custom_heading text=&#8220;LINEAR MOTION KIT&#8220; font_container=&#8220;tag:h2|font_size:48|text_align:left|color:%23073c7c&#8220; google_fonts=&#8220;font_family:Source%20Sans%20Pro%3A200%2C200italic%2C300%2C300italic%2Cregular%2Citalic%2C600%2C600italic%2C700%2C700italic%2C900%2C900italic|font_style:900%20bold%20regular%3A900%3Anormal&#8220; css_animation=&#8220;fadeInLeft&#8220; el_class=&#8220;home-product-title&#8220;][\/vc_column_inner][vc_column_inner width=&#8220;1\/2&#8243;][vc_btn title=&#8220;LMK-BROSCH\u00dcRE HERUNTERLADEN&#8220; style=&#8220;custom&#8220; custom_background=&#8220;#073c7c&#8220; custom_text=&#8220;#ffffff&#8220; shape=&#8220;square&#8220; align=&#8220;right&#8220; i_icon_fontawesome=&#8220;&#8220; css_animation=&#8220;fadeInRight&#8220; add_icon=&#8220;true&#8220; el_class=&#8220;brochur-download&#8220; css=&#8220;.vc_custom_1705649604627{margin-top: 14px !important;}&#8220; link=&#8220;url:%2Fwp-content%2Fuploads%2F2024%2F01%2F18012024_brochure_cobotracks_LMK.pdf|title:LMK-Brosch%C3%BCre%20herunterladen|target:_blank&#8220;][\/vc_column_inner][\/vc_row_inner][\/vc_column][\/vc_row][vc_row][vc_column][vc_single_image image=&#8220;843&#8243; img_size=&#8220;full&#8220; css_animation=&#8220;fadeInUp&#8220; css=&#8220;.vc_custom_1570199151331{margin-bottom: 0px !important;}&#8220;][vc_btn title=&#8220;MEHR ERFAHREN&#8220; style=&#8220;custom&#8220; custom_background=&#8220;#073c7c&#8220; custom_text=&#8220;#ffffff&#8220; shape=&#8220;square&#8220; align=&#8220;center&#8220; i_icon_fontawesome=&#8220;fa fa-arrow-circle-right&#8220; css_animation=&#8220;fadeInUp&#8220; button_block=&#8220;true&#8220; add_icon=&#8220;true&#8220; el_class=&#8220;btn-find-more&#8220; link=&#8220;url:https%3A%2F%2Fwww.cobotracks.com%2Fde%2Flinear-motion-kit%2F|title:LINEAR%20MOTION%20KIT||&#8220;][vc_column_text css_animation=&#8220;fadeInUp&#8220; el_class=&#8220;home-product-name&#8220;]<\/p>\n<p style=\"text-align: center;\">BEDIENUNG MEHRERER MASCHINEN \/\/ SCHWEISSEN GROSSER TEILE \/\/ MEHRFACHE PALETTENPALETTIERUNG<\/p>\n<p>[\/vc_column_text][\/vc_column][\/vc_row][vc_row css=&#8220;.vc_custom_1570196501602{margin-top: 40px !important;}&#8220;][vc_column width=&#8220;1\/2&#8243;][\/vc_column][vc_column width=&#8220;1\/2&#8243;][\/vc_column][\/vc_row][vc_row][vc_column][vc_custom_heading text=&#8220;UNIVERSAL ROBOTS&#8220; font_container=&#8220;tag:h2|font_size:48|text_align:left|color:%23073c7c|line_height:0.7em&#8220; google_fonts=&#8220;font_family:Source%20Sans%20Pro%3A200%2C200italic%2C300%2C300italic%2Cregular%2Citalic%2C600%2C600italic%2C700%2C700italic%2C900%2C900italic|font_style:900%20bold%20regular%3A900%3Anormal&#8220; css_animation=&#8220;fadeInUp&#8220; css=&#8220;.vc_custom_1572883364700{margin-bottom: 30px !important;}&#8220; el_class=&#8220;home-video-title&#8220;][vc_row_inner][vc_column_inner width=&#8220;1\/2&#8243;][vc_column_text css_animation=&#8220;fadeInUp&#8220; el_class=&#8220;about-linear-motor&#8220;]Universal Robots ist der Marktf\u00fchrer und Vorreiter bei der Technologie von Cobots. Dank des UR+-Programms bietet UR verschiedenes zus\u00e4tzliches Zubeh\u00f6r und Anwendungen an. Erfahren Sie mehr \u00fcber Universal Robots.[\/vc_column_text][vc_btn title=&#8220;MEHR LESEN&#8220; style=&#8220;custom&#8220; custom_background=&#8220;#073c7c&#8220; custom_text=&#8220;#ffffff&#8220; shape=&#8220;square&#8220; align=&#8220;left&#8220; i_icon_fontawesome=&#8220;fa fa-arrow-circle-right&#8220; css_animation=&#8220;fadeInUp&#8220; add_icon=&#8220;true&#8220; el_class=&#8220;btn-custom&#8220; css=&#8220;.vc_custom_1629661634205{margin-top: 14px !important;}&#8220; link=&#8220;url:https%3A%2F%2Fwww.cobotracks.com%2Fde%2Fnachrichten-ereignisse%2Funiversal-robots-der-marktfuhrer-fur-cobots%2F|title:Universal%20Robots%20Zubeh%C3%B6r-%20und%20l%C3%B6sungen||&#8220;][\/vc_column_inner][vc_column_inner width=&#8220;1\/2&#8243;][vc_column_text el_class=&#8220;certified-description&#8220;]<\/p>\n<p style=\"text-align: center;\">Erfahren Sie mehr \u00fcber <a href=\"https:\/\/www.universal-robots.com\/de\/\" target=\"_blank\" rel=\"noopener noreferrer\">kollaborative Roboter<\/a> von Universal Robots.<\/p>\n<p>[\/vc_column_text][vc_single_image image=&#8220;3065&#8243; img_size=&#8220;100&#215;100&#8243; alignment=&#8220;center&#8220; css=&#8220;.vc_custom_1720772992431{margin-bottom: 6px !important;}&#8220;][\/vc_column_inner][\/vc_row_inner][\/vc_column][\/vc_row][\/vc_section][vc_section full_width=&#8220;stretch_row&#8220; css=&#8220;.vc_custom_1570198831754{padding-top: 80px !important;padding-bottom: 50px !important;background-color: #eeeeee !important;}&#8220;][vc_row][vc_column offset=&#8220;vc_col-lg-offset-0 vc_col-lg-7 vc_col-md-offset-0 vc_col-md-7 vc_col-sm-offset-0&#8243;][vc_single_image image=&#8220;646&#8243; img_size=&#8220;full&#8220; onclick=&#8220;custom_link&#8220; link=&#8220;https:\/\/www.cobotracks.com\/de\/linear-motion-axis-fur-alle-cobots\/&#8220;][\/vc_column][vc_column css_animation=&#8220;none&#8220; offset=&#8220;vc_col-lg-5 vc_col-md-5&#8243; el_class=&#8220;video-right-desc&#8220;][vc_custom_heading text=&#8220;LINEAR MOTION AXIS&#8220; font_container=&#8220;tag:h2|font_size:48|text_align:left|color:%23073c7c|line_height:0.7em&#8220; google_fonts=&#8220;font_family:Source%20Sans%20Pro%3A200%2C200italic%2C300%2C300italic%2Cregular%2Citalic%2C600%2C600italic%2C700%2C700italic%2C900%2C900italic|font_style:900%20bold%20regular%3A900%3Anormal&#8220; css_animation=&#8220;fadeInUp&#8220; css=&#8220;.vc_custom_1570275673403{margin-bottom: 30px !important;}&#8220; el_class=&#8220;home-video-title&#8220;][vc_column_text css_animation=&#8220;fadeInUp&#8220; el_class=&#8220;about-linear-motor&#8220;]Wie die mit Universal Robots kompatiblen \u201eLinear Motion Kits\u201c dient auch die \u201eLinear Motion Axis\u201c dazu, den Arbeitsbereich jeder Cobotmarke zu erweitern. Die L\u00e4nge der <a href=\"https:\/\/www.cobotracks.com\/de\/linear-motion-axis-fur-alle-cobots\/\">Linear Motion Axis<\/a> betr\u00e4gt bis zu 50 Meter, das Ger\u00e4t kann jedoch auch mit anderen LMA kombiniert werden.[\/vc_column_text][vc_btn title=&#8220;MEHR LESEN&#8220; style=&#8220;custom&#8220; custom_background=&#8220;#073c7c&#8220; custom_text=&#8220;#ffffff&#8220; shape=&#8220;square&#8220; align=&#8220;left&#8220; i_icon_fontawesome=&#8220;fa fa-arrow-circle-right&#8220; css_animation=&#8220;fadeInUp&#8220; add_icon=&#8220;true&#8220; el_class=&#8220;btn-custom&#8220; css=&#8220;.vc_custom_1574154265987{margin-top: 14px !important;}&#8220; link=&#8220;url:https%3A%2F%2Fwww.cobotracks.com%2Fde%2Flinear-motion-axis-fur-alle-cobots%2F|title:LINEAR%20MOTION%20AXIS||&#8220;][\/vc_column][\/vc_row][\/vc_section]<\/p>\n<\/div>","protected":false},"excerpt":{"rendered":"<p>Wir bieten ma\u00dfgeschneiderte 7-Achsenl\u00f6sungen, die die Reichweiten aller Cobots der Universal-Robots-Serie erh\u00f6hen. Entdecken Sie unsere Dienstleistungen!<\/p>\n","protected":false},"author":4,"featured_media":0,"parent":0,"menu_order":0,"comment_status":"closed","ping_status":"closed","template":"","meta":{"_acf_changed":false,"inline_featured_image":false,"footnotes":""},"class_list":["post-840","page","type-page","status-publish","hentry"],"acf":[],"yoast_head":"<!-- This site is optimized with the Yoast SEO plugin v26.8 - https:\/\/yoast.com\/product\/yoast-seo-wordpress\/ -->\n<title>Cobotracks - 7-Linearachsenmodule f\u00fcr Universal Robots<\/title>\n<meta name=\"description\" content=\"Cobotracks bietet 7-Achsen-L\u00f6sungen, die die Reichweite aller Universal Robots Cobots erh\u00f6hen. Klicken Sie hier f\u00fcr mehr Infos!\" \/>\n<meta name=\"robots\" content=\"index, follow, max-snippet:-1, max-image-preview:large, max-video-preview:-1\" \/>\n<link rel=\"canonical\" href=\"https:\/\/www.cobotracks.com\/de\/\" \/>\n<meta property=\"og:locale\" content=\"de_DE\" \/>\n<meta property=\"og:type\" content=\"article\" \/>\n<meta property=\"og:title\" content=\"Cobotracks - 7-Linearachsenmodule f\u00fcr Universal Robots\" \/>\n<meta property=\"og:description\" content=\"Cobotracks bietet 7-Achsen-L\u00f6sungen, die die Reichweite aller Universal Robots Cobots erh\u00f6hen. Klicken Sie hier f\u00fcr mehr Infos!\" \/>\n<meta property=\"og:url\" content=\"https:\/\/www.cobotracks.com\/de\/\" \/>\n<meta property=\"og:site_name\" content=\"Cobotracks\" \/>\n<meta property=\"article:modified_time\" content=\"2024-10-30T15:43:09+00:00\" \/>\n<meta name=\"twitter:card\" content=\"summary_large_image\" \/>\n<meta name=\"twitter:label1\" content=\"Gesch\u00e4tzte Lesezeit\" \/>\n\t<meta name=\"twitter:data1\" content=\"3\u00a0Minuten\" \/>\n<script type=\"application\/ld+json\" class=\"yoast-schema-graph\">{\"@context\":\"https:\/\/schema.org\",\"@graph\":[{\"@type\":\"WebPage\",\"@id\":\"https:\/\/www.cobotracks.com\/de\/\",\"url\":\"https:\/\/www.cobotracks.com\/de\/\",\"name\":\"Cobotracks - 7-Linearachsenmodule f\u00fcr Universal Robots\",\"isPartOf\":{\"@id\":\"https:\/\/www.cobotracks.com\/de\/#website\"},\"datePublished\":\"2019-11-14T15:37:01+00:00\",\"dateModified\":\"2024-10-30T15:43:09+00:00\",\"description\":\"Cobotracks bietet 7-Achsen-L\u00f6sungen, die die Reichweite aller Universal Robots Cobots erh\u00f6hen. Klicken Sie hier f\u00fcr mehr Infos!\",\"breadcrumb\":{\"@id\":\"https:\/\/www.cobotracks.com\/de\/#breadcrumb\"},\"inLanguage\":\"de\",\"potentialAction\":[{\"@type\":\"ReadAction\",\"target\":[\"https:\/\/www.cobotracks.com\/de\/\"]}]},{\"@type\":\"BreadcrumbList\",\"@id\":\"https:\/\/www.cobotracks.com\/de\/#breadcrumb\",\"itemListElement\":[{\"@type\":\"ListItem\",\"position\":1,\"name\":\"Home\",\"item\":\"https:\/\/www.cobotracks.com\/de\/\"},{\"@type\":\"ListItem\",\"position\":2,\"name\":\"Home\"}]},{\"@type\":\"WebSite\",\"@id\":\"https:\/\/www.cobotracks.com\/de\/#website\",\"url\":\"https:\/\/www.cobotracks.com\/de\/\",\"name\":\"Cobotracks\",\"description\":\"Extending reach\",\"potentialAction\":[{\"@type\":\"SearchAction\",\"target\":{\"@type\":\"EntryPoint\",\"urlTemplate\":\"https:\/\/www.cobotracks.com\/de\/?s={search_term_string}\"},\"query-input\":{\"@type\":\"PropertyValueSpecification\",\"valueRequired\":true,\"valueName\":\"search_term_string\"}}],\"inLanguage\":\"de\"}]}<\/script>\n<!-- \/ Yoast SEO plugin. -->","yoast_head_json":{"title":"Cobotracks - 7-Linearachsenmodule f\u00fcr Universal Robots","description":"Cobotracks bietet 7-Achsen-L\u00f6sungen, die die Reichweite aller Universal Robots Cobots erh\u00f6hen. Klicken Sie hier f\u00fcr mehr Infos!","robots":{"index":"index","follow":"follow","max-snippet":"max-snippet:-1","max-image-preview":"max-image-preview:large","max-video-preview":"max-video-preview:-1"},"canonical":"https:\/\/www.cobotracks.com\/de\/","og_locale":"de_DE","og_type":"article","og_title":"Cobotracks - 7-Linearachsenmodule f\u00fcr Universal Robots","og_description":"Cobotracks bietet 7-Achsen-L\u00f6sungen, die die Reichweite aller Universal Robots Cobots erh\u00f6hen. Klicken Sie hier f\u00fcr mehr Infos!","og_url":"https:\/\/www.cobotracks.com\/de\/","og_site_name":"Cobotracks","article_modified_time":"2024-10-30T15:43:09+00:00","twitter_card":"summary_large_image","twitter_misc":{"Gesch\u00e4tzte Lesezeit":"3\u00a0Minuten"},"schema":{"@context":"https:\/\/schema.org","@graph":[{"@type":"WebPage","@id":"https:\/\/www.cobotracks.com\/de\/","url":"https:\/\/www.cobotracks.com\/de\/","name":"Cobotracks - 7-Linearachsenmodule f\u00fcr Universal Robots","isPartOf":{"@id":"https:\/\/www.cobotracks.com\/de\/#website"},"datePublished":"2019-11-14T15:37:01+00:00","dateModified":"2024-10-30T15:43:09+00:00","description":"Cobotracks bietet 7-Achsen-L\u00f6sungen, die die Reichweite aller Universal Robots Cobots erh\u00f6hen. Klicken Sie hier f\u00fcr mehr Infos!","breadcrumb":{"@id":"https:\/\/www.cobotracks.com\/de\/#breadcrumb"},"inLanguage":"de","potentialAction":[{"@type":"ReadAction","target":["https:\/\/www.cobotracks.com\/de\/"]}]},{"@type":"BreadcrumbList","@id":"https:\/\/www.cobotracks.com\/de\/#breadcrumb","itemListElement":[{"@type":"ListItem","position":1,"name":"Home","item":"https:\/\/www.cobotracks.com\/de\/"},{"@type":"ListItem","position":2,"name":"Home"}]},{"@type":"WebSite","@id":"https:\/\/www.cobotracks.com\/de\/#website","url":"https:\/\/www.cobotracks.com\/de\/","name":"Cobotracks","description":"Extending reach","potentialAction":[{"@type":"SearchAction","target":{"@type":"EntryPoint","urlTemplate":"https:\/\/www.cobotracks.com\/de\/?s={search_term_string}"},"query-input":{"@type":"PropertyValueSpecification","valueRequired":true,"valueName":"search_term_string"}}],"inLanguage":"de"}]}},"_links":{"self":[{"href":"https:\/\/www.cobotracks.com\/de\/wp-json\/wp\/v2\/pages\/840","targetHints":{"allow":["GET"]}}],"collection":[{"href":"https:\/\/www.cobotracks.com\/de\/wp-json\/wp\/v2\/pages"}],"about":[{"href":"https:\/\/www.cobotracks.com\/de\/wp-json\/wp\/v2\/types\/page"}],"author":[{"embeddable":true,"href":"https:\/\/www.cobotracks.com\/de\/wp-json\/wp\/v2\/users\/4"}],"replies":[{"embeddable":true,"href":"https:\/\/www.cobotracks.com\/de\/wp-json\/wp\/v2\/comments?post=840"}],"version-history":[{"count":5,"href":"https:\/\/www.cobotracks.com\/de\/wp-json\/wp\/v2\/pages\/840\/revisions"}],"predecessor-version":[{"id":3068,"href":"https:\/\/www.cobotracks.com\/de\/wp-json\/wp\/v2\/pages\/840\/revisions\/3068"}],"wp:attachment":[{"href":"https:\/\/www.cobotracks.com\/de\/wp-json\/wp\/v2\/media?parent=840"}],"curies":[{"name":"wp","href":"https:\/\/api.w.org\/{rel}","templated":true}]}}