{"id":879,"date":"2019-11-15T12:41:43","date_gmt":"2019-11-15T11:41:43","guid":{"rendered":"https:\/\/www.cobotracks.com\/?page_id=879"},"modified":"2023-02-07T07:53:40","modified_gmt":"2023-02-07T06:53:40","slug":"kontakt","status":"publish","type":"page","link":"https:\/\/www.cobotracks.com\/de\/kontakt\/","title":{"rendered":"Kontakt"},"content":{"rendered":"<div class=\"wpb-content-wrapper\"><p>[vc_section css=&#8220;.vc_custom_1570524469652{padding-top: 30px !important;padding-bottom: 40px !important;}&#8220;][vc_row][vc_column][vc_column_text css_animation=&#8220;fadeInLeft&#8220; css=&#8220;.vc_custom_1570527201106{margin-bottom: 30px !important;}&#8220;]<div class=\"custom-breadcrumbs\"><span property=\"itemListElement\" typeof=\"ListItem\"><a property=\"item\" typeof=\"WebPage\" title=\"Go to Cobotracks.\" href=\"https:\/\/www.cobotracks.com\/de\/\" class=\"home\" ><span property=\"name\">Home<\/span><\/a><meta property=\"position\" content=\"1\"><\/span> \/\/ <span property=\"itemListElement\" typeof=\"ListItem\"><a property=\"item\" typeof=\"WebPage\" title=\"Go to Nachrichten und Ereignisse.\" href=\"https:\/\/www.cobotracks.com\/de\/nachrichten-ereignisse\/\" class=\"post-root post post-post\" aria-current=\"page\"><span property=\"name\">Nachrichten und Ereignisse<\/span><\/a><meta property=\"position\" content=\"2\"><\/span><\/div>[\/vc_column_text][vc_custom_heading text=&#8220;KONTAKTIEREN SIE UNS&#8220; font_container=&#8220;tag:h1|font_size:60|text_align:left|color:%23073c7c&#8220; google_fonts=&#8220;font_family:Source%20Sans%20Pro%3A200%2C200italic%2C300%2C300italic%2Cregular%2Citalic%2C600%2C600italic%2C700%2C700italic%2C900%2C900italic|font_style:900%20bold%20regular%3A900%3Anormal&#8220; css_animation=&#8220;fadeInUp&#8220; el_class=&#8220;title-blue&#8220;][\/vc_column][\/vc_row][vc_row content_placement=&#8220;top&#8220; css=&#8220;.vc_custom_1570525125425{margin-top: 30px !important;}&#8220;][vc_column css_animation=&#8220;fadeInUp&#8220; width=&#8220;1\/3&#8243; css=&#8220;.vc_custom_1571310463933{margin-top: 0px !important;border-right-width: 2px !important;padding-top: 0px !important;border-right-color: #a0a0a0 !important;border-right-style: solid !important;}&#8220; offset=&#8220;vc_col-lg-2 vc_col-md-2&#8243; el_class=&#8220;contact-col-left&#8220;][vc_column_text css_animation=&#8220;none&#8220; el_class=&#8220;contact-page-info&#8220; css=&#8220;.vc_custom_1575031940289{margin-bottom: 0px !important;}&#8220;]COBOTRACKS<br \/>\nTHOR PARK 8300<br \/>\n3600 GENK (B)[\/vc_column_text][\/vc_column][vc_column css_animation=&#8220;fadeInUp&#8220; width=&#8220;1\/4&#8243; offset=&#8220;vc_col-lg-3 vc_col-md-4&#8243; el_class=&#8220;contact-col-right&#8220;][vc_column_text css_animation=&#8220;none&#8220; el_class=&#8220;contact-page-info&#8220; css=&#8220;.vc_custom_1675752803567{margin-bottom: 0px !important;padding-left: 20px !important;}&#8220;]<strong>M<\/strong> +32 (0)474 81 18 73<br \/>\n<strong>E<\/strong> INFO@COBOTRACKS.COM<br \/>\n<strong>VAT<\/strong> BE0727.999.648<br \/>\n<!--<strong>LINKEDIN <\/strong><a href=\"https:\/\/www.linkedin.com\/company\/cobotracks-bv\/\" target=\"_blank\" rel=\"noopener noreferrer\">Cobotracks<\/a>-->[\/vc_column_text][\/vc_column][vc_column css_animation=&#8220;fadeInUp&#8220; width=&#8220;7\/12&#8243; el_class=&#8220;contact-col-social&#8220; offset=&#8220;vc_col-lg-7 vc_col-md-4&#8243;][vc_column_text css_animation=&#8220;none&#8220; el_class=&#8220;contact-page-info&#8220; css=&#8220;.vc_custom_1675752809792{margin-bottom: 0px !important;padding-left: 20px !important;}&#8220;]<a href=\"https:\/\/www.linkedin.com\/company\/cobotracks-bv\/\" target=\"_blank\" rel=\"noopener noreferrer\"><strong><i class=\"fa fa-linkedin\"><\/i> LinkedIn <\/strong><\/a><br \/>\n<a href=\"https:\/\/www.xing.com\/companies\/cobotracks\" target=\"_blank\" rel=\"noopener noreferrer\"><strong><i class=\"fa fa-xing-square\"><\/i> xing <\/strong><\/a><br \/>\n<a href=\"https:\/\/www.youtube.com\/channel\/UCR_AdV58up57f_k4LJis0WQ\" target=\"_blank\" rel=\"noopener noreferrer\"><strong><i class=\"fa fa-youtube-play\"><\/i> Youtube <\/strong><\/a><br \/>\n<a href=\"https:\/\/www.instagram.com\/cobotracks\/\" target=\"_blank\" rel=\"noopener noreferrer\"><strong><i class=\"fa fa-instagram\"><\/i> Instagram <\/strong><\/a>[\/vc_column_text][\/vc_column][\/vc_row][vc_row css=&#8220;.vc_custom_1570526031353{margin-top: 50px !important;}&#8220;][vc_column][vc_column_text css_animation=&#8220;fadeInUp&#8220;]\n<div class=\"wpcf7 no-js\" id=\"wpcf7-f262-o1\" lang=\"en-US\" dir=\"ltr\" data-wpcf7-id=\"262\">\n<div class=\"screen-reader-response\"><p role=\"status\" aria-live=\"polite\" aria-atomic=\"true\"><\/p> <ul><\/ul><\/div>\n<form action=\"\/de\/wp-json\/wp\/v2\/pages\/879#wpcf7-f262-o1\" method=\"post\" class=\"wpcf7-form init\" aria-label=\"Contact form\" novalidate=\"novalidate\" data-status=\"init\">\n<fieldset class=\"hidden-fields-container\"><input type=\"hidden\" name=\"_wpcf7\" value=\"262\" \/><input type=\"hidden\" name=\"_wpcf7_version\" value=\"6.1.4\" \/><input type=\"hidden\" name=\"_wpcf7_locale\" value=\"en_US\" \/><input type=\"hidden\" name=\"_wpcf7_unit_tag\" value=\"wpcf7-f262-o1\" \/><input type=\"hidden\" name=\"_wpcf7_container_post\" value=\"0\" \/><input type=\"hidden\" name=\"_wpcf7_posted_data_hash\" value=\"\" \/><input type=\"hidden\" name=\"_wpcf7_recaptcha_response\" value=\"\" \/>\n<\/fieldset>\n<div class=\"form-row-single\">\n\t<div class=\"form-column-left\">\n\t\t<p><span class=\"wpcf7-form-control-wrap\" data-name=\"first-name\"><input size=\"40\" maxlength=\"400\" class=\"wpcf7-form-control wpcf7-text wpcf7-validates-as-required btn-text\" aria-required=\"true\" aria-invalid=\"false\" placeholder=\"VORNAME*\" value=\"\" type=\"text\" name=\"first-name\" \/><\/span>\n\t\t<\/p>\n\t<\/div>\n\t<div class=\"form-column-right\">\n\t\t<p><span class=\"wpcf7-form-control-wrap\" data-name=\"last-name\"><input size=\"40\" maxlength=\"400\" class=\"wpcf7-form-control wpcf7-text wpcf7-validates-as-required btn-text\" aria-required=\"true\" aria-invalid=\"false\" placeholder=\"NACHNAME*\" value=\"\" type=\"text\" name=\"last-name\" \/><\/span>\n\t\t<\/p>\n\t<\/div>\n<\/div>\n<div class=\"form-row-single\">\n\t<div class=\"form-column-left\">\n\t\t<p><span class=\"wpcf7-form-control-wrap\" data-name=\"email\"><input size=\"40\" maxlength=\"400\" class=\"wpcf7-form-control wpcf7-email wpcf7-validates-as-required wpcf7-text wpcf7-validates-as-email btn-text\" aria-required=\"true\" aria-invalid=\"false\" placeholder=\"E-MAIL*\" value=\"\" type=\"email\" name=\"email\" \/><\/span>\n\t\t<\/p>\n\t<\/div>\n\t<div class=\"form-column-right\">\n\t\t<p><span class=\"wpcf7-form-control-wrap\" data-name=\"phone\"><input size=\"40\" maxlength=\"400\" class=\"wpcf7-form-control wpcf7-text btn-text\" aria-invalid=\"false\" placeholder=\"TELEFON\" value=\"\" type=\"text\" name=\"phone\" \/><\/span>\n\t\t<\/p>\n\t<\/div>\n<\/div>\n<div class=\"form-row-single\">\n\t<div class=\"form-column-left\">\n\t\t<p><span class=\"wpcf7-form-control-wrap\" data-name=\"companyname\"><input size=\"40\" maxlength=\"400\" class=\"wpcf7-form-control wpcf7-text btn-text\" aria-invalid=\"false\" placeholder=\"FIRMA\" value=\"\" type=\"text\" name=\"companyname\" \/><\/span>\n\t\t<\/p>\n\t<\/div>\n\t<div class=\"form-column-right\">\n\t\t<p><span class=\"wpcf7-form-control-wrap\" data-name=\"vatno\"><input size=\"40\" maxlength=\"400\" class=\"wpcf7-form-control wpcf7-text btn-text\" aria-invalid=\"false\" placeholder=\"UMSATZSTEUERIDENTIFIKATIONSNUMMER\" value=\"\" type=\"text\" name=\"vatno\" \/><\/span>\n\t\t<\/p>\n\t<\/div>\n<\/div>\n<div class=\"form-row-single\">\n\t<p><label>NACHRICHT<\/label><br \/>\n<span class=\"wpcf7-form-control-wrap\" data-name=\"message\"><textarea cols=\"40\" rows=\"6\" maxlength=\"2000\" class=\"wpcf7-form-control wpcf7-textarea btn-textarea\" aria-invalid=\"false\" name=\"message\"><\/textarea><\/span>\n\t<\/p>\n<\/div>\n<div class=\"form-row-single\">\n<span class=\"wpcf7-form-control-wrap recaptcha\" data-name=\"recaptcha\"><span data-sitekey=\"6LfSPkMUAAAAAOnF10EVL9arKKK_tl5S_Op2rMeg\" class=\"wpcf7-form-control wpcf7-recaptcha g-recaptcha\"><\/span>\r\n<noscript>\r\n\t<div class=\"grecaptcha-noscript\">\r\n\t\t<iframe src=\"https:\/\/www.google.com\/recaptcha\/api\/fallback?k=6LfSPkMUAAAAAOnF10EVL9arKKK_tl5S_Op2rMeg\" frameborder=\"0\" scrolling=\"no\" width=\"310\" height=\"430\">\r\n\t\t<\/iframe>\r\n\t\t<textarea name=\"g-recaptcha-response\" rows=\"3\" cols=\"40\" placeholder=\"reCaptcha Response Here\">\r\n\t\t<\/textarea>\r\n\t<\/div>\r\n<\/noscript>\r\n<\/span>\n<\/div>\n<p><input class=\"wpcf7-form-control wpcf7-submit has-spinner btn-contact\" type=\"submit\" value=\"SENDEN\" \/>\n<\/p><div class=\"wpcf7-response-output\" aria-hidden=\"true\"><\/div>\n<\/form>\n<\/div>\n[\/vc_column_text][\/vc_column][\/vc_row][vc_row][vc_column][vc_gmaps link=&#8220;#E-8_JTNDaWZyYW1lJTIwc3JjJTNEJTIyaHR0cHMlM0ElMkYlMkZ3d3cuZ29vZ2xlLmNvbSUyRm1hcHMlMkZlbWJlZCUzRnBiJTNEJTIxMW0xOCUyMTFtMTIlMjExbTMlMjExZDI1MTEuMjA1MDY1Nzc3MzczJTIxMmQ1LjUzODg3NzM1MTM4NDUxNiUyMTNkNTAuOTkzODgyNjA2MzEwNjg0JTIxMm0zJTIxMWYwJTIxMmYwJTIxM2YwJTIxM20yJTIxMWkxMDI0JTIxMmk3NjglMjE0ZjEzLjElMjEzbTMlMjExbTIlMjExczB4NDdjMGQ5NmY4Njg2NzlkZiUyNTNBMHg0OTdhYjUxOWQyN2Y4OWMzJTIxMnNDb2JvdHJhY2tzJTI1M0ElMjUyMEhvbWUlMjE1ZTAlMjEzbTIlMjExc2VuJTIxMnNpbiUyMTR2MTU3MDUyNzEwMjM1MiUyMTVtMiUyMTFzZW4lMjEyc2luJTIyJTIwd2lkdGglM0QlMjI2MDAlMjIlMjBoZWlnaHQlM0QlMjI0NTAlMjIlMjBmcmFtZWJvcmRlciUzRCUyMjAlMjIlMjBzdHlsZSUzRCUyMmJvcmRlciUzQTAlM0IlMjIlMjBhbGxvd2Z1bGxzY3JlZW4lM0QlMjIlMjIlM0UlM0MlMkZpZnJhbWUlM0U=&#8220; css_animation=&#8220;fadeInUp&#8220; el_class=&#8220;contact-google-map&#8220;][\/vc_column][\/vc_row][\/vc_section]<\/p>\n<\/div>","protected":false},"excerpt":{"rendered":"<p>M\u00f6chten sie ihre Reichweite erweitern? Vereinbaren sie einen Termin!<\/p>\n","protected":false},"author":4,"featured_media":0,"parent":0,"menu_order":0,"comment_status":"closed","ping_status":"closed","template":"","meta":{"_acf_changed":false,"inline_featured_image":false,"footnotes":""},"class_list":["post-879","page","type-page","status-publish","hentry"],"acf":[],"yoast_head":"<!-- This site is optimized with the Yoast SEO plugin v26.8 - https:\/\/yoast.com\/product\/yoast-seo-wordpress\/ -->\n<title>Kontakt - Reichweite von jedem Cobot zu vergr\u00f6\u00dfern - Cobotracks<\/title>\n<meta name=\"description\" content=\"M\u00f6chten Sie ihre Reichweite erweitern? Zusammen analysieren wir Ihre Herausforderung und erarbeiten die richtige L\u00f6sung. Kontakt aufnehmen!\" \/>\n<meta name=\"robots\" content=\"index, follow, max-snippet:-1, max-image-preview:large, max-video-preview:-1\" \/>\n<link rel=\"canonical\" href=\"https:\/\/www.cobotracks.com\/de\/kontakt\/\" \/>\n<meta property=\"og:locale\" content=\"de_DE\" \/>\n<meta property=\"og:type\" content=\"article\" \/>\n<meta property=\"og:title\" content=\"Kontakt - Reichweite von jedem Cobot zu vergr\u00f6\u00dfern - Cobotracks\" \/>\n<meta property=\"og:description\" content=\"M\u00f6chten Sie ihre Reichweite erweitern? Zusammen analysieren wir Ihre Herausforderung und erarbeiten die richtige L\u00f6sung. Kontakt aufnehmen!\" \/>\n<meta property=\"og:url\" content=\"https:\/\/www.cobotracks.com\/de\/kontakt\/\" \/>\n<meta property=\"og:site_name\" content=\"Cobotracks\" \/>\n<meta property=\"article:modified_time\" content=\"2023-02-07T06:53:40+00:00\" \/>\n<meta name=\"twitter:card\" content=\"summary_large_image\" \/>\n<meta name=\"twitter:label1\" content=\"Gesch\u00e4tzte Lesezeit\" \/>\n\t<meta name=\"twitter:data1\" content=\"1\u00a0Minute\" \/>\n<script type=\"application\/ld+json\" class=\"yoast-schema-graph\">{\"@context\":\"https:\/\/schema.org\",\"@graph\":[{\"@type\":\"WebPage\",\"@id\":\"https:\/\/www.cobotracks.com\/de\/kontakt\/\",\"url\":\"https:\/\/www.cobotracks.com\/de\/kontakt\/\",\"name\":\"Kontakt - Reichweite von jedem Cobot zu vergr\u00f6\u00dfern - Cobotracks\",\"isPartOf\":{\"@id\":\"https:\/\/www.cobotracks.com\/de\/#website\"},\"datePublished\":\"2019-11-15T11:41:43+00:00\",\"dateModified\":\"2023-02-07T06:53:40+00:00\",\"description\":\"M\u00f6chten Sie ihre Reichweite erweitern? Zusammen analysieren wir Ihre Herausforderung und erarbeiten die richtige L\u00f6sung. Kontakt aufnehmen!\",\"breadcrumb\":{\"@id\":\"https:\/\/www.cobotracks.com\/de\/kontakt\/#breadcrumb\"},\"inLanguage\":\"de\",\"potentialAction\":[{\"@type\":\"ReadAction\",\"target\":[\"https:\/\/www.cobotracks.com\/de\/kontakt\/\"]}]},{\"@type\":\"BreadcrumbList\",\"@id\":\"https:\/\/www.cobotracks.com\/de\/kontakt\/#breadcrumb\",\"itemListElement\":[{\"@type\":\"ListItem\",\"position\":1,\"name\":\"Home\",\"item\":\"https:\/\/www.cobotracks.com\/de\/\"},{\"@type\":\"ListItem\",\"position\":2,\"name\":\"Kontakt\"}]},{\"@type\":\"WebSite\",\"@id\":\"https:\/\/www.cobotracks.com\/de\/#website\",\"url\":\"https:\/\/www.cobotracks.com\/de\/\",\"name\":\"Cobotracks\",\"description\":\"Extending reach\",\"potentialAction\":[{\"@type\":\"SearchAction\",\"target\":{\"@type\":\"EntryPoint\",\"urlTemplate\":\"https:\/\/www.cobotracks.com\/de\/?s={search_term_string}\"},\"query-input\":{\"@type\":\"PropertyValueSpecification\",\"valueRequired\":true,\"valueName\":\"search_term_string\"}}],\"inLanguage\":\"de\"}]}<\/script>\n<!-- \/ Yoast SEO plugin. -->","yoast_head_json":{"title":"Kontakt - Reichweite von jedem Cobot zu vergr\u00f6\u00dfern - Cobotracks","description":"M\u00f6chten Sie ihre Reichweite erweitern? Zusammen analysieren wir Ihre Herausforderung und erarbeiten die richtige L\u00f6sung. Kontakt aufnehmen!","robots":{"index":"index","follow":"follow","max-snippet":"max-snippet:-1","max-image-preview":"max-image-preview:large","max-video-preview":"max-video-preview:-1"},"canonical":"https:\/\/www.cobotracks.com\/de\/kontakt\/","og_locale":"de_DE","og_type":"article","og_title":"Kontakt - Reichweite von jedem Cobot zu vergr\u00f6\u00dfern - Cobotracks","og_description":"M\u00f6chten Sie ihre Reichweite erweitern? Zusammen analysieren wir Ihre Herausforderung und erarbeiten die richtige L\u00f6sung. Kontakt aufnehmen!","og_url":"https:\/\/www.cobotracks.com\/de\/kontakt\/","og_site_name":"Cobotracks","article_modified_time":"2023-02-07T06:53:40+00:00","twitter_card":"summary_large_image","twitter_misc":{"Gesch\u00e4tzte Lesezeit":"1\u00a0Minute"},"schema":{"@context":"https:\/\/schema.org","@graph":[{"@type":"WebPage","@id":"https:\/\/www.cobotracks.com\/de\/kontakt\/","url":"https:\/\/www.cobotracks.com\/de\/kontakt\/","name":"Kontakt - Reichweite von jedem Cobot zu vergr\u00f6\u00dfern - Cobotracks","isPartOf":{"@id":"https:\/\/www.cobotracks.com\/de\/#website"},"datePublished":"2019-11-15T11:41:43+00:00","dateModified":"2023-02-07T06:53:40+00:00","description":"M\u00f6chten Sie ihre Reichweite erweitern? Zusammen analysieren wir Ihre Herausforderung und erarbeiten die richtige L\u00f6sung. Kontakt aufnehmen!","breadcrumb":{"@id":"https:\/\/www.cobotracks.com\/de\/kontakt\/#breadcrumb"},"inLanguage":"de","potentialAction":[{"@type":"ReadAction","target":["https:\/\/www.cobotracks.com\/de\/kontakt\/"]}]},{"@type":"BreadcrumbList","@id":"https:\/\/www.cobotracks.com\/de\/kontakt\/#breadcrumb","itemListElement":[{"@type":"ListItem","position":1,"name":"Home","item":"https:\/\/www.cobotracks.com\/de\/"},{"@type":"ListItem","position":2,"name":"Kontakt"}]},{"@type":"WebSite","@id":"https:\/\/www.cobotracks.com\/de\/#website","url":"https:\/\/www.cobotracks.com\/de\/","name":"Cobotracks","description":"Extending reach","potentialAction":[{"@type":"SearchAction","target":{"@type":"EntryPoint","urlTemplate":"https:\/\/www.cobotracks.com\/de\/?s={search_term_string}"},"query-input":{"@type":"PropertyValueSpecification","valueRequired":true,"valueName":"search_term_string"}}],"inLanguage":"de"}]}},"_links":{"self":[{"href":"https:\/\/www.cobotracks.com\/de\/wp-json\/wp\/v2\/pages\/879","targetHints":{"allow":["GET"]}}],"collection":[{"href":"https:\/\/www.cobotracks.com\/de\/wp-json\/wp\/v2\/pages"}],"about":[{"href":"https:\/\/www.cobotracks.com\/de\/wp-json\/wp\/v2\/types\/page"}],"author":[{"embeddable":true,"href":"https:\/\/www.cobotracks.com\/de\/wp-json\/wp\/v2\/users\/4"}],"replies":[{"embeddable":true,"href":"https:\/\/www.cobotracks.com\/de\/wp-json\/wp\/v2\/comments?post=879"}],"version-history":[{"count":5,"href":"https:\/\/www.cobotracks.com\/de\/wp-json\/wp\/v2\/pages\/879\/revisions"}],"predecessor-version":[{"id":2775,"href":"https:\/\/www.cobotracks.com\/de\/wp-json\/wp\/v2\/pages\/879\/revisions\/2775"}],"wp:attachment":[{"href":"https:\/\/www.cobotracks.com\/de\/wp-json\/wp\/v2\/media?parent=879"}],"curies":[{"name":"wp","href":"https:\/\/api.w.org\/{rel}","templated":true}]}}