{"id":1537,"date":"2021-03-10T09:15:29","date_gmt":"2021-03-10T08:15:29","guid":{"rendered":"https:\/\/www.cobotracks.com\/?page_id=1537"},"modified":"2022-04-27T11:29:25","modified_gmt":"2022-04-27T09:29:25","slug":"a-propos-de-cobotracks","status":"publish","type":"page","link":"https:\/\/www.cobotracks.com\/fr\/a-propos-de-cobotracks\/","title":{"rendered":"\u00c0 propos de Cobotracks"},"content":{"rendered":"<div class=\"wpb-content-wrapper\"><p>[vc_section full_width=\u00a0\u00bbstretch_row\u00a0\u00bb css=\u00a0\u00bb.vc_custom_1570199787938{padding-top: 80px !important;padding-bottom: 80px !important;background-color: #eeeeee !important;}\u00a0\u00bb][vc_row][vc_column][vc_single_image image=\u00a0\u00bb1538&Prime; img_size=\u00a0\u00bbfull\u00a0\u00bb alignment=\u00a0\u00bbcenter\u00a0\u00bb css_animation=\u00a0\u00bbfadeIn\u00a0\u00bb css=\u00a0\u00bb.vc_custom_1570276817670{margin-bottom: 0px !important;}\u00a0\u00bb][\/vc_column][\/vc_row][\/vc_section][vc_section css=\u00a0\u00bb.vc_custom_1570279635402{padding-top: 80px !important;padding-bottom: 40px !important;}\u00a0\u00bb][vc_row css_animation=\u00a0\u00bbfadeIn\u00a0\u00bb css=\u00a0\u00bb.vc_custom_1572945391822{margin-bottom: 0px !important;}\u00a0\u00bb][vc_column][vc_custom_heading text=\u00a0\u00bb\u00c0 PROPOS DE COBOTRACKS\u00a0\u00bb font_container=\u00a0\u00bbtag:h1|font_size:48|text_align:left|color:%23073c7c\u00a0\u00bb google_fonts=\u00a0\u00bbfont_family:Source%20Sans%20Pro%3A200%2C200italic%2C300%2C300italic%2Cregular%2Citalic%2C600%2C600italic%2C700%2C700italic%2C900%2C900italic|font_style:900%20bold%20regular%3A900%3Anormal\u00a0\u00bb el_class=\u00a0\u00bbpage-about-title\u00a0\u00bb css=\u00a0\u00bb.vc_custom_1614691446424{margin-bottom: 20px !important;}\u00a0\u00bb][vc_column_text el_class=\u00a0\u00bbpage-about-desc\u00a0\u00bb]Cobotracks est bas\u00e9 \u00e0 Genk, dans le Thor Park, plus pr\u00e9cis\u00e9ment dans l&rsquo;<a href=\"https:\/\/www.incubathor.be\/\">IncubaThor<\/a>. Ce lieu est id\u00e9al pour les start-ups et les entreprises en expansion. La soci\u00e9t\u00e9 propose des solutions aux entreprises qui souhaitent augmenter la port\u00e9e de leur robot collaboratif. Gr\u00e2ce au Linear Motion Kit, le robot collaboratif se d\u00e9place sur une piste lin\u00e9aire pour, par exemple, empiler des palettes.<\/p>\n<p>Ce kit est \u00e9quip\u00e9 du logiciel UR Caps, compatible avec les robots collaboratifs d&rsquo;Universal Robots, ce qui en fait une solution simple et pr\u00eate \u00e0 l&#8217;emploi. Le \u00ab Linear Motion Axis \u00bb propose une solution visant \u00e0 augmenter la port\u00e9e des robots collaboratifs des autres marques.<\/p>\n<p>En d&rsquo;autres termes\u00a0: Cobotracks propose des solutions personnalis\u00e9es qui augmentent la port\u00e9e de tout type de robot collaboratif en permettant un d\u00e9placement le long d&rsquo;une piste lin\u00e9aire. Qu&rsquo;il s&rsquo;agisse d&#8217;empiler des palettes, d&rsquo;utiliser plusieurs machines, ou de souder de grandes palettes.[\/vc_column_text][\/vc_column][\/vc_row][vc_row css_animation=\u00a0\u00bbnone\u00a0\u00bb css=\u00a0\u00bb.vc_custom_1572945410057{margin-bottom: 0px !important;}\u00a0\u00bb][vc_column][vc_column_text css_animation=\u00a0\u00bbfadeIn\u00a0\u00bb el_class=\u00a0\u00bbpage-about-desc\u00a0\u00bb]<span style=\"font-size: 14pt;\"><strong>LES SOLUTIONS POUR UNIVERSAL ROBOTS<\/strong><\/span><\/p>\n<p>Cobotracks a d\u00e9velopp\u00e9 le \u00ab Linear Motion Kit \u00bb avec certification UR+ pour les mod\u00e8les \u00ab UR-3\/5\/10\/16 (et e-series) \u00bb d&rsquo;Universal Robots. Cela signifie que nos LMK ont \u00e9t\u00e9 test\u00e9s et approuv\u00e9s par Universal Robots. Par cons\u00e9quent, les acheteurs b\u00e9n\u00e9ficient d&rsquo;une installation facile, d&rsquo;un fonctionnement fiable, d&rsquo;une exp\u00e9rience utilisateur homog\u00e8ne et d&rsquo;une programmation simple.[\/vc_column_text][vc_column_text css_animation=\u00a0\u00bbfadeIn\u00a0\u00bb el_class=\u00a0\u00bbpage-about-desc\u00a0\u00bb]<span style=\"font-size: 14pt;\"><strong>LES SOLUTIONS POUR TOUS LES AUTRES ROBOTS COLLABORATIFS<\/strong><\/span><\/p>\n<p>Le \u00ab Linear Motion Axis \u00bb concerne les autres entreprises qui commercialisent des robots collaboratifs. Il s&rsquo;agit d&rsquo;une solution permettant d&rsquo;augmenter la port\u00e9e du robot collaboratif.[\/vc_column_text][vc_column_text css_animation=\u00a0\u00bbfadeIn\u00a0\u00bb el_class=\u00a0\u00bbpage-about-desc\u00a0\u00bb]<span style=\"font-size: 14pt;\"><strong>DES SOLUTIONS PERSONNALIS\u00c9ES<\/strong><\/span><\/p>\n<p>Les activit\u00e9s et les applications des robots collaboratifs sont diff\u00e9rentes, que vous souhaitiez commencer par notre \u00ab Linear Motion Kit \u00bb ou notre \u00ab Linear Motion Axis \u00bb. Nous analysons votre demande, et nos ing\u00e9nieurs collaborent avec vous pour d\u00e9velopper la solution adapt\u00e9e \u00e0 vos besoins.<\/p>\n<p>&nbsp;<\/p>\n<p>[\/vc_column_text][\/vc_column][\/vc_row][vc_row css_animation=\u00a0\u00bbfadeIn\u00a0\u00bb css=\u00a0\u00bb.vc_custom_1572945700100{border-bottom-width: 1px !important;padding-top: 10px !important;padding-bottom: 40px !important;border-bottom-color: #eeeeee !important;border-bottom-style: solid !important;}\u00a0\u00bb][vc_column][vc_single_image image=\u00a0\u00bb1539&Prime; img_size=\u00a0\u00bbfull\u00a0\u00bb css=\u00a0\u00bb.vc_custom_1608200885043{margin-bottom: 20px !important;}\u00a0\u00bb][vc_custom_heading text=\u00a0\u00bbEXPERTISE\u00a0\u00bb font_container=\u00a0\u00bbtag:h3|font_size:20|text_align:left|color:%23073c7c\u00a0\u00bb google_fonts=\u00a0\u00bbfont_family:Source%20Sans%20Pro%3A200%2C200italic%2C300%2C300italic%2Cregular%2Citalic%2C600%2C600italic%2C700%2C700italic%2C900%2C900italic|font_style:900%20bold%20regular%3A900%3Anormal\u00a0\u00bb el_class=\u00a0\u00bbabout-service-single-title\u00a0\u00bb css=\u00a0\u00bb.vc_custom_1570280155065{margin-bottom: 10px !important;}\u00a0\u00bb][vc_custom_heading text=\u00a0\u00bbCobotracks vient de s&rsquo;\u00e9tablir, mais compte d\u00e9j\u00e0 sur plus de 25 ans d&rsquo;expertise dans le domaine de la technologie lin\u00e9aire (soci\u00e9t\u00e9 issue de l&rsquo;essaimage de Vansichen Linear Technology). Sa collaboration avec les meilleurs ing\u00e9nieurs exp\u00e9riment\u00e9s et experts dans ce domaine permet \u00e0 l&rsquo;entreprise de faire preuve d&rsquo;innovation et de proposer des solutions personnalis\u00e9es sans \u00e9gales. Qu&rsquo;il s&rsquo;agisse d&rsquo;une simple installation ou d&rsquo;une configuration tr\u00e8s complexe, les ing\u00e9nieurs de Cobotracks collaborent avec le client pour d\u00e9velopper la meilleure solution.\u00a0\u00bb font_container=\u00a0\u00bbtag:p|font_size:18|text_align:left|color:%23333333&Prime; google_fonts=\u00a0\u00bbfont_family:Source%20Sans%20Pro%3A200%2C200italic%2C300%2C300italic%2Cregular%2Citalic%2C600%2C600italic%2C700%2C700italic%2C900%2C900italic|font_style:400%20regular%3A400%3Anormal\u00a0\u00bb el_class=\u00a0\u00bbabout-service-single-desc\u00a0\u00bb][\/vc_column][\/vc_row][vc_row css_animation=\u00a0\u00bbfadeIn\u00a0\u00bb css=\u00a0\u00bb.vc_custom_1572945706981{border-bottom-width: 1px !important;padding-top: 20px !important;padding-bottom: 40px !important;border-bottom-color: #eeeeee !important;border-bottom-style: solid !important;}\u00a0\u00bb][vc_column][vc_single_image image=\u00a0\u00bb1540&Prime; img_size=\u00a0\u00bbfull\u00a0\u00bb css=\u00a0\u00bb.vc_custom_1608200900146{margin-bottom: 20px !important;}\u00a0\u00bb][vc_custom_heading text=\u00a0\u00bbQUALIT\u00c9\u00a0\u00bb font_container=\u00a0\u00bbtag:h3|font_size:20|text_align:left|color:%23073c7c\u00a0\u00bb google_fonts=\u00a0\u00bbfont_family:Source%20Sans%20Pro%3A200%2C200italic%2C300%2C300italic%2Cregular%2Citalic%2C600%2C600italic%2C700%2C700italic%2C900%2C900italic|font_style:900%20bold%20regular%3A900%3Anormal\u00a0\u00bb el_class=\u00a0\u00bbabout-service-single-title\u00a0\u00bb css=\u00a0\u00bb.vc_custom_1614691851282{margin-bottom: 10px !important;}\u00a0\u00bb][vc_custom_heading text=\u00a0\u00bbEn utilisant des composants internationaux et de premi\u00e8re qualit\u00e9 (y compris SEW), Cobotracks excelle sur tous les plans. Une rapidit\u00e9 accrue, une port\u00e9e sup\u00e9rieure, etc. En outre, la disponibilit\u00e9 rapide des composants ne constitue pas un probl\u00e8me, ce qui est essentiel pour la continuit\u00e9 de la production.\u00a0\u00bb font_container=\u00a0\u00bbtag:p|font_size:18|text_align:left|color:%23333333&Prime; google_fonts=\u00a0\u00bbfont_family:Source%20Sans%20Pro%3A200%2C200italic%2C300%2C300italic%2Cregular%2Citalic%2C600%2C600italic%2C700%2C700italic%2C900%2C900italic|font_style:400%20regular%3A400%3Anormal\u00a0\u00bb el_class=\u00a0\u00bbabout-service-single-desc\u00a0\u00bb][\/vc_column][\/vc_row][vc_row css_animation=\u00a0\u00bbfadeIn\u00a0\u00bb css=\u00a0\u00bb.vc_custom_1572945713968{border-bottom-width: 1px !important;padding-top: 20px !important;padding-bottom: 40px !important;border-bottom-color: #eeeeee !important;border-bottom-style: solid !important;}\u00a0\u00bb][vc_column][vc_single_image image=\u00a0\u00bb1541&Prime; img_size=\u00a0\u00bbfull\u00a0\u00bb css=\u00a0\u00bb.vc_custom_1608200917558{margin-bottom: 20px !important;}\u00a0\u00bb][vc_custom_heading text=\u00a0\u00bbPERSONNALISATION EN FONCTION DES BESOINS DES CLIENTS\u00a0\u00bb font_container=\u00a0\u00bbtag:h3|font_size:20|text_align:left|color:%23073c7c\u00a0\u00bb google_fonts=\u00a0\u00bbfont_family:Source%20Sans%20Pro%3A200%2C200italic%2C300%2C300italic%2Cregular%2Citalic%2C600%2C600italic%2C700%2C700italic%2C900%2C900italic|font_style:900%20bold%20regular%3A900%3Anormal\u00a0\u00bb el_class=\u00a0\u00bbabout-service-single-title\u00a0\u00bb css=\u00a0\u00bb.vc_custom_1614691887134{margin-bottom: 10px !important;}\u00a0\u00bb][vc_custom_heading text=\u00a0\u00bbChez Cobotracks, nous sommes conscients que chaque activit\u00e9 pr\u00e9sente des exigences diff\u00e9rentes. Chaque entreprise m\u00e8ne des activit\u00e9 sp\u00e9cifiques qui pr\u00e9sentent toujours des exigences de production particuli\u00e8res. Gr\u00e2ce \u00e0 nos nombreuses ann\u00e9es d&rsquo;expertise, nous savons parfaitement comment personnaliser nos produits en fonction des besoins de nos clients.\u00a0\u00bb font_container=\u00a0\u00bbtag:p|font_size:18|text_align:left|color:%23333333&Prime; google_fonts=\u00a0\u00bbfont_family:Source%20Sans%20Pro%3A200%2C200italic%2C300%2C300italic%2Cregular%2Citalic%2C600%2C600italic%2C700%2C700italic%2C900%2C900italic|font_style:400%20regular%3A400%3Anormal\u00a0\u00bb el_class=\u00a0\u00bbabout-service-single-desc\u00a0\u00bb][\/vc_column][\/vc_row][vc_row css_animation=\u00a0\u00bbfadeIn\u00a0\u00bb css=\u00a0\u00bb.vc_custom_1572945721686{padding-top: 20px !important;padding-bottom: 30px !important;}\u00a0\u00bb][vc_column][vc_single_image image=\u00a0\u00bb1542&Prime; img_size=\u00a0\u00bbfull\u00a0\u00bb css=\u00a0\u00bb.vc_custom_1608200936200{margin-bottom: 20px !important;}\u00a0\u00bb][vc_custom_heading text=\u00a0\u00bbDES CANAUX DE COMMUNICATION COURTS\u00a0\u00bb font_container=\u00a0\u00bbtag:h3|font_size:20|text_align:left|color:%23073c7c\u00a0\u00bb google_fonts=\u00a0\u00bbfont_family:Source%20Sans%20Pro%3A200%2C200italic%2C300%2C300italic%2Cregular%2Citalic%2C600%2C600italic%2C700%2C700italic%2C900%2C900italic|font_style:900%20bold%20regular%3A900%3Anormal\u00a0\u00bb el_class=\u00a0\u00bbabout-service-single-title\u00a0\u00bb css=\u00a0\u00bb.vc_custom_1614691916812{margin-bottom: 10px !important;}\u00a0\u00bb][vc_custom_heading text=\u00a0\u00bbChez Cobotracks, nous attachons une grande importance \u00e0 la communication et aux services personnalis\u00e9s. Pas de points de contact changeants ou de cr\u00e9ation de tickets par les fournisseurs. Nous nous effor\u00e7ons de communiquer aussi rapidement et personnellement que possible. Que le projet se trouve dans sa phase initiale, en d\u00e9veloppement ou en apr\u00e8s-vente, nous nous engageons aupr\u00e8s de vous, avec notre expertise, nos conseils et nos solutions.\u00a0\u00bb font_container=\u00a0\u00bbtag:p|font_size:18|text_align:left|color:%23333333&Prime; google_fonts=\u00a0\u00bbfont_family:Source%20Sans%20Pro%3A200%2C200italic%2C300%2C300italic%2Cregular%2Citalic%2C600%2C600italic%2C700%2C700italic%2C900%2C900italic|font_style:400%20regular%3A400%3Anormal\u00a0\u00bb el_class=\u00a0\u00bbabout-service-single-desc\u00a0\u00bb][\/vc_column][\/vc_row][\/vc_section][vc_section full_width=\u00a0\u00bbstretch_row\u00a0\u00bb css=\u00a0\u00bb.vc_custom_1570280557090{padding-top: 20px !important;padding-bottom: 20px !important;background-color: #eeeeee !important;}\u00a0\u00bb][vc_row][vc_column][vc_column_text el_class=\u00a0\u00bbpage-footer-tagline-info\u00a0\u00bb css=\u00a0\u00bb.vc_custom_1615498861171{margin-bottom: 0px !important;}\u00a0\u00bb]<\/p>\n<p style=\"text-align: center;\">VOUS SOUHAITEZ AUGMENTER VOTRE PORT\u00c9E? <a href=\"https:\/\/www.cobotracks.com\/fr\/contact\/\">RENCONTRONS-NOUS<\/a>!<\/p>\n<p>[\/vc_column_text][\/vc_column][\/vc_row][\/vc_section]<\/p>\n<\/div>","protected":false},"excerpt":{"rendered":"<p>Cobotracks propose des solutions aux entreprises qui souhaitent augmenter la port\u00e9e de leur robot collaboratif.<\/p>\n","protected":false},"author":4,"featured_media":0,"parent":0,"menu_order":0,"comment_status":"closed","ping_status":"closed","template":"","meta":{"_acf_changed":false,"inline_featured_image":false,"footnotes":""},"class_list":["post-1537","page","type-page","status-publish","hentry"],"acf":[],"yoast_head":"<!-- This site is optimized with the Yoast SEO plugin v26.8 - https:\/\/yoast.com\/product\/yoast-seo-wordpress\/ -->\n<title>\u00c0 propos de Cobotracks - Solutions pour Universal Robots - Cobotracks<\/title>\n<meta name=\"description\" content=\"\u00c0 propos de Cobotracks. La soci\u00e9t\u00e9 propose des solutions aux entreprises qui souhaitent augmenter la port\u00e9e de leur robot collaboratif.\" \/>\n<meta name=\"robots\" content=\"index, follow, max-snippet:-1, max-image-preview:large, max-video-preview:-1\" \/>\n<link rel=\"canonical\" href=\"https:\/\/www.cobotracks.com\/fr\/a-propos-de-cobotracks\/\" \/>\n<meta property=\"og:locale\" content=\"fr_FR\" \/>\n<meta property=\"og:type\" content=\"article\" \/>\n<meta property=\"og:title\" content=\"\u00c0 propos de Cobotracks - Solutions pour Universal Robots - Cobotracks\" \/>\n<meta property=\"og:description\" content=\"\u00c0 propos de Cobotracks. La soci\u00e9t\u00e9 propose des solutions aux entreprises qui souhaitent augmenter la port\u00e9e de leur robot collaboratif.\" \/>\n<meta property=\"og:url\" content=\"https:\/\/www.cobotracks.com\/fr\/a-propos-de-cobotracks\/\" \/>\n<meta property=\"og:site_name\" content=\"Cobotracks\" \/>\n<meta property=\"article:modified_time\" content=\"2022-04-27T09:29:25+00:00\" \/>\n<meta name=\"twitter:card\" content=\"summary_large_image\" \/>\n<meta name=\"twitter:label1\" content=\"Dur\u00e9e de lecture estim\u00e9e\" \/>\n\t<meta name=\"twitter:data1\" content=\"7 minutes\" \/>\n<script type=\"application\/ld+json\" class=\"yoast-schema-graph\">{\"@context\":\"https:\/\/schema.org\",\"@graph\":[{\"@type\":\"WebPage\",\"@id\":\"https:\/\/www.cobotracks.com\/fr\/a-propos-de-cobotracks\/\",\"url\":\"https:\/\/www.cobotracks.com\/fr\/a-propos-de-cobotracks\/\",\"name\":\"\u00c0 propos de Cobotracks - Solutions pour Universal Robots - Cobotracks\",\"isPartOf\":{\"@id\":\"https:\/\/www.cobotracks.com\/fr\/#website\"},\"datePublished\":\"2021-03-10T08:15:29+00:00\",\"dateModified\":\"2022-04-27T09:29:25+00:00\",\"description\":\"\u00c0 propos de Cobotracks. La soci\u00e9t\u00e9 propose des solutions aux entreprises qui souhaitent augmenter la port\u00e9e de leur robot collaboratif.\",\"breadcrumb\":{\"@id\":\"https:\/\/www.cobotracks.com\/fr\/a-propos-de-cobotracks\/#breadcrumb\"},\"inLanguage\":\"fr-FR\",\"potentialAction\":[{\"@type\":\"ReadAction\",\"target\":[\"https:\/\/www.cobotracks.com\/fr\/a-propos-de-cobotracks\/\"]}]},{\"@type\":\"BreadcrumbList\",\"@id\":\"https:\/\/www.cobotracks.com\/fr\/a-propos-de-cobotracks\/#breadcrumb\",\"itemListElement\":[{\"@type\":\"ListItem\",\"position\":1,\"name\":\"Home\",\"item\":\"https:\/\/www.cobotracks.com\/fr\/\"},{\"@type\":\"ListItem\",\"position\":2,\"name\":\"\u00c0 propos de Cobotracks\"}]},{\"@type\":\"WebSite\",\"@id\":\"https:\/\/www.cobotracks.com\/fr\/#website\",\"url\":\"https:\/\/www.cobotracks.com\/fr\/\",\"name\":\"Cobotracks\",\"description\":\"Extending reach\",\"potentialAction\":[{\"@type\":\"SearchAction\",\"target\":{\"@type\":\"EntryPoint\",\"urlTemplate\":\"https:\/\/www.cobotracks.com\/fr\/?s={search_term_string}\"},\"query-input\":{\"@type\":\"PropertyValueSpecification\",\"valueRequired\":true,\"valueName\":\"search_term_string\"}}],\"inLanguage\":\"fr-FR\"}]}<\/script>\n<!-- \/ Yoast SEO plugin. -->","yoast_head_json":{"title":"\u00c0 propos de Cobotracks - Solutions pour Universal Robots - Cobotracks","description":"\u00c0 propos de Cobotracks. La soci\u00e9t\u00e9 propose des solutions aux entreprises qui souhaitent augmenter la port\u00e9e de leur robot collaboratif.","robots":{"index":"index","follow":"follow","max-snippet":"max-snippet:-1","max-image-preview":"max-image-preview:large","max-video-preview":"max-video-preview:-1"},"canonical":"https:\/\/www.cobotracks.com\/fr\/a-propos-de-cobotracks\/","og_locale":"fr_FR","og_type":"article","og_title":"\u00c0 propos de Cobotracks - Solutions pour Universal Robots - Cobotracks","og_description":"\u00c0 propos de Cobotracks. La soci\u00e9t\u00e9 propose des solutions aux entreprises qui souhaitent augmenter la port\u00e9e de leur robot collaboratif.","og_url":"https:\/\/www.cobotracks.com\/fr\/a-propos-de-cobotracks\/","og_site_name":"Cobotracks","article_modified_time":"2022-04-27T09:29:25+00:00","twitter_card":"summary_large_image","twitter_misc":{"Dur\u00e9e de lecture estim\u00e9e":"7 minutes"},"schema":{"@context":"https:\/\/schema.org","@graph":[{"@type":"WebPage","@id":"https:\/\/www.cobotracks.com\/fr\/a-propos-de-cobotracks\/","url":"https:\/\/www.cobotracks.com\/fr\/a-propos-de-cobotracks\/","name":"\u00c0 propos de Cobotracks - Solutions pour Universal Robots - Cobotracks","isPartOf":{"@id":"https:\/\/www.cobotracks.com\/fr\/#website"},"datePublished":"2021-03-10T08:15:29+00:00","dateModified":"2022-04-27T09:29:25+00:00","description":"\u00c0 propos de Cobotracks. La soci\u00e9t\u00e9 propose des solutions aux entreprises qui souhaitent augmenter la port\u00e9e de leur robot collaboratif.","breadcrumb":{"@id":"https:\/\/www.cobotracks.com\/fr\/a-propos-de-cobotracks\/#breadcrumb"},"inLanguage":"fr-FR","potentialAction":[{"@type":"ReadAction","target":["https:\/\/www.cobotracks.com\/fr\/a-propos-de-cobotracks\/"]}]},{"@type":"BreadcrumbList","@id":"https:\/\/www.cobotracks.com\/fr\/a-propos-de-cobotracks\/#breadcrumb","itemListElement":[{"@type":"ListItem","position":1,"name":"Home","item":"https:\/\/www.cobotracks.com\/fr\/"},{"@type":"ListItem","position":2,"name":"\u00c0 propos de Cobotracks"}]},{"@type":"WebSite","@id":"https:\/\/www.cobotracks.com\/fr\/#website","url":"https:\/\/www.cobotracks.com\/fr\/","name":"Cobotracks","description":"Extending reach","potentialAction":[{"@type":"SearchAction","target":{"@type":"EntryPoint","urlTemplate":"https:\/\/www.cobotracks.com\/fr\/?s={search_term_string}"},"query-input":{"@type":"PropertyValueSpecification","valueRequired":true,"valueName":"search_term_string"}}],"inLanguage":"fr-FR"}]}},"_links":{"self":[{"href":"https:\/\/www.cobotracks.com\/fr\/wp-json\/wp\/v2\/pages\/1537","targetHints":{"allow":["GET"]}}],"collection":[{"href":"https:\/\/www.cobotracks.com\/fr\/wp-json\/wp\/v2\/pages"}],"about":[{"href":"https:\/\/www.cobotracks.com\/fr\/wp-json\/wp\/v2\/types\/page"}],"author":[{"embeddable":true,"href":"https:\/\/www.cobotracks.com\/fr\/wp-json\/wp\/v2\/users\/4"}],"replies":[{"embeddable":true,"href":"https:\/\/www.cobotracks.com\/fr\/wp-json\/wp\/v2\/comments?post=1537"}],"version-history":[{"count":5,"href":"https:\/\/www.cobotracks.com\/fr\/wp-json\/wp\/v2\/pages\/1537\/revisions"}],"predecessor-version":[{"id":1804,"href":"https:\/\/www.cobotracks.com\/fr\/wp-json\/wp\/v2\/pages\/1537\/revisions\/1804"}],"wp:attachment":[{"href":"https:\/\/www.cobotracks.com\/fr\/wp-json\/wp\/v2\/media?parent=1537"}],"curies":[{"name":"wp","href":"https:\/\/api.w.org\/{rel}","templated":true}]}}