{"id":1546,"date":"2021-03-10T09:27:01","date_gmt":"2021-03-10T08:27:01","guid":{"rendered":"https:\/\/www.cobotracks.com\/?page_id=1546"},"modified":"2023-02-07T07:53:52","modified_gmt":"2023-02-07T06:53:52","slug":"contact","status":"publish","type":"page","link":"https:\/\/www.cobotracks.com\/fr\/contact\/","title":{"rendered":"Contact"},"content":{"rendered":"<div class=\"wpb-content-wrapper\"><p>[vc_section css=\u00a0\u00bb.vc_custom_1570524469652{padding-top: 30px !important;padding-bottom: 40px !important;}\u00a0\u00bb][vc_row][vc_column][vc_column_text css_animation=\u00a0\u00bbfadeInLeft\u00a0\u00bb css=\u00a0\u00bb.vc_custom_1570527201106{margin-bottom: 30px !important;}\u00a0\u00bb]<div class=\"custom-breadcrumbs\"><span property=\"itemListElement\" typeof=\"ListItem\"><a property=\"item\" typeof=\"WebPage\" title=\"Go to Cobotracks.\" href=\"https:\/\/www.cobotracks.com\/fr\/\" class=\"home\" ><span property=\"name\">Home<\/span><\/a><meta property=\"position\" content=\"1\"><\/span> \/\/ <span property=\"itemListElement\" typeof=\"ListItem\"><a property=\"item\" typeof=\"WebPage\" title=\"Go to Actualit\u00e9s et \u00e9v\u00e9nements.\" href=\"https:\/\/www.cobotracks.com\/fr\/actualites-et-evenements\/\" class=\"post-root post post-post\" aria-current=\"page\"><span property=\"name\">Actualit\u00e9s et \u00e9v\u00e9nements<\/span><\/a><meta property=\"position\" content=\"2\"><\/span><\/div>[\/vc_column_text][vc_custom_heading text=\u00a0\u00bbCONTACTEZ-NOUS\u00a0\u00bb font_container=\u00a0\u00bbtag:h1|font_size:60|text_align:left|color:%23073c7c\u00a0\u00bb google_fonts=\u00a0\u00bbfont_family:Source%20Sans%20Pro%3A200%2C200italic%2C300%2C300italic%2Cregular%2Citalic%2C600%2C600italic%2C700%2C700italic%2C900%2C900italic|font_style:900%20bold%20regular%3A900%3Anormal\u00a0\u00bb css_animation=\u00a0\u00bbfadeInUp\u00a0\u00bb el_class=\u00a0\u00bbtitle-blue\u00a0\u00bb][\/vc_column][\/vc_row][vc_row content_placement=\u00a0\u00bbtop\u00a0\u00bb css=\u00a0\u00bb.vc_custom_1570525125425{margin-top: 30px !important;}\u00a0\u00bb][vc_column css_animation=\u00a0\u00bbfadeInUp\u00a0\u00bb width=\u00a0\u00bb1\/3&Prime; css=\u00a0\u00bb.vc_custom_1571310463933{margin-top: 0px !important;border-right-width: 2px !important;padding-top: 0px !important;border-right-color: #a0a0a0 !important;border-right-style: solid !important;}\u00a0\u00bb offset=\u00a0\u00bbvc_col-lg-2 vc_col-md-2&Prime; el_class=\u00a0\u00bbcontact-col-left\u00a0\u00bb][vc_column_text css_animation=\u00a0\u00bbnone\u00a0\u00bb el_class=\u00a0\u00bbcontact-page-info\u00a0\u00bb css=\u00a0\u00bb.vc_custom_1575031903352{margin-bottom: 0px !important;}\u00a0\u00bb]COBOTRACKS<br \/>\nTHOR PARK 8300<br \/>\n3600 GENK (B)[\/vc_column_text][\/vc_column][vc_column css_animation=\u00a0\u00bbfadeInUp\u00a0\u00bb width=\u00a0\u00bb1\/4&Prime; el_class=\u00a0\u00bbcontact-col-right\u00a0\u00bb offset=\u00a0\u00bbvc_col-lg-3 vc_col-md-4&Prime; css=\u00a0\u00bb.vc_custom_1675752830118{margin-top: 0px !important;border-right-width: 2px !important;padding-top: 0px !important;border-right-color: #a0a0a0 !important;border-right-style: solid !important;}\u00a0\u00bb][vc_column_text css_animation=\u00a0\u00bbfadeInUp\u00a0\u00bb el_class=\u00a0\u00bbcontact-page-info\u00a0\u00bb css=\u00a0\u00bb.vc_custom_1619075705732{margin-bottom: 0px !important;padding-left: 20px !important;}\u00a0\u00bb]<strong>M<\/strong> +32 (0)474 81 18 73<br \/>\n<strong>E<\/strong> INFO@COBOTRACKS.COM<br \/>\n<strong>TVA<\/strong> BE0727.999.648<br \/>\n<!--<strong>LinkedIn <\/strong><a href=\"https:\/\/www.linkedin.com\/company\/cobotracks-bv\/\" target=\"_blank\" rel=\"noopener noreferrer\">Cobotracks bv<\/a>-->[\/vc_column_text][\/vc_column][vc_column width=\u00a0\u00bb7\/12&Prime; el_class=\u00a0\u00bbcontact-col-social\u00a0\u00bb offset=\u00a0\u00bbvc_col-lg-7 vc_col-md-4&Prime;][vc_column_text css_animation=\u00a0\u00bbfadeInUp\u00a0\u00bb el_class=\u00a0\u00bbcontact-page-info\u00a0\u00bb css=\u00a0\u00bb.vc_custom_1619000544152{margin-bottom: 0px !important;padding-left: 20px !important;}\u00a0\u00bb]<a href=\"https:\/\/www.linkedin.com\/company\/cobotracks-bv\/\" target=\"_blank\" rel=\"noopener noreferrer\"><strong><i class=\"fa fa-linkedin\"><\/i> LinkedIn <\/strong><\/a><br \/>\n<a href=\"https:\/\/www.xing.com\/companies\/cobotracks\" target=\"_blank\" rel=\"noopener noreferrer\"><strong><i class=\"fa fa-xing-square\"><\/i> xing <\/strong><\/a><br \/>\n<a href=\"https:\/\/www.youtube.com\/channel\/UCR_AdV58up57f_k4LJis0WQ\" target=\"_blank\" rel=\"noopener noreferrer\"><strong><i class=\"fa fa-youtube-play\"><\/i> Youtube <\/strong><\/a><br \/>\n<a href=\"https:\/\/www.instagram.com\/cobotracks\/\" target=\"_blank\" rel=\"noopener noreferrer\"><strong><i class=\"fa fa-instagram\"><\/i> Instagram <\/strong><\/a>[\/vc_column_text][\/vc_column][\/vc_row][vc_row css=\u00a0\u00bb.vc_custom_1570526031353{margin-top: 50px !important;}\u00a0\u00bb][vc_column][vc_column_text css_animation=\u00a0\u00bbfadeInUp\u00a0\u00bb]\n<div class=\"wpcf7 no-js\" id=\"wpcf7-f1715-o1\" lang=\"en-US\" dir=\"ltr\" data-wpcf7-id=\"1715\">\n<div class=\"screen-reader-response\"><p role=\"status\" aria-live=\"polite\" aria-atomic=\"true\"><\/p> <ul><\/ul><\/div>\n<form action=\"\/fr\/wp-json\/wp\/v2\/pages\/1546#wpcf7-f1715-o1\" method=\"post\" class=\"wpcf7-form init\" aria-label=\"Contact form\" novalidate=\"novalidate\" data-status=\"init\">\n<fieldset class=\"hidden-fields-container\"><input type=\"hidden\" name=\"_wpcf7\" value=\"1715\" \/><input type=\"hidden\" name=\"_wpcf7_version\" value=\"6.1.4\" \/><input type=\"hidden\" name=\"_wpcf7_locale\" value=\"en_US\" \/><input type=\"hidden\" name=\"_wpcf7_unit_tag\" value=\"wpcf7-f1715-o1\" \/><input type=\"hidden\" name=\"_wpcf7_container_post\" value=\"0\" \/><input type=\"hidden\" name=\"_wpcf7_posted_data_hash\" value=\"\" \/><input type=\"hidden\" name=\"_wpcf7_recaptcha_response\" value=\"\" \/>\n<\/fieldset>\n<div class=\"form-row-single\">\n\t<div class=\"form-column-left\">\n\t\t<p><span class=\"wpcf7-form-control-wrap\" data-name=\"first-name\"><input size=\"40\" maxlength=\"400\" class=\"wpcf7-form-control wpcf7-text wpcf7-validates-as-required btn-text\" aria-required=\"true\" aria-invalid=\"false\" placeholder=\"PRENOM*\" value=\"\" type=\"text\" name=\"first-name\" \/><\/span>\n\t\t<\/p>\n\t<\/div>\n\t<div class=\"form-column-right\">\n\t\t<p><span class=\"wpcf7-form-control-wrap\" data-name=\"last-name\"><input size=\"40\" maxlength=\"400\" class=\"wpcf7-form-control wpcf7-text wpcf7-validates-as-required btn-text\" aria-required=\"true\" aria-invalid=\"false\" placeholder=\"NOM DE FAMILLE*\" value=\"\" type=\"text\" name=\"last-name\" \/><\/span>\n\t\t<\/p>\n\t<\/div>\n<\/div>\n<div class=\"form-row-single\">\n\t<div class=\"form-column-left\">\n\t\t<p><span class=\"wpcf7-form-control-wrap\" data-name=\"email\"><input size=\"40\" maxlength=\"400\" class=\"wpcf7-form-control wpcf7-email wpcf7-validates-as-required wpcf7-text wpcf7-validates-as-email btn-text\" aria-required=\"true\" aria-invalid=\"false\" placeholder=\"E-MAIL*\" value=\"\" type=\"email\" name=\"email\" \/><\/span>\n\t\t<\/p>\n\t<\/div>\n\t<div class=\"form-column-right\">\n\t\t<p><span class=\"wpcf7-form-control-wrap\" data-name=\"phone\"><input size=\"40\" maxlength=\"400\" class=\"wpcf7-form-control wpcf7-text btn-text\" aria-invalid=\"false\" placeholder=\"TELEPHONE\" value=\"\" type=\"text\" name=\"phone\" \/><\/span>\n\t\t<\/p>\n\t<\/div>\n<\/div>\n<div class=\"form-row-single\">\n\t<div class=\"form-column-left\">\n\t\t<p><span class=\"wpcf7-form-control-wrap\" data-name=\"companyname\"><input size=\"40\" maxlength=\"400\" class=\"wpcf7-form-control wpcf7-text btn-text\" aria-invalid=\"false\" placeholder=\"SOCIETE\" value=\"\" type=\"text\" name=\"companyname\" \/><\/span>\n\t\t<\/p>\n\t<\/div>\n\t<div class=\"form-column-right\">\n\t\t<p><span class=\"wpcf7-form-control-wrap\" data-name=\"vatno\"><input size=\"40\" maxlength=\"400\" class=\"wpcf7-form-control wpcf7-text btn-text\" aria-invalid=\"false\" placeholder=\"NUMERO DE TVA\" value=\"\" type=\"text\" name=\"vatno\" \/><\/span>\n\t\t<\/p>\n\t<\/div>\n<\/div>\n<div class=\"form-row-single\">\n\t<p><label>MESSAGE<\/label><br \/>\n<span class=\"wpcf7-form-control-wrap\" data-name=\"message\"><textarea cols=\"40\" rows=\"6\" maxlength=\"2000\" class=\"wpcf7-form-control wpcf7-textarea btn-textarea\" aria-invalid=\"false\" name=\"message\"><\/textarea><\/span>\n\t<\/p>\n<\/div>\n<div class=\"form-row-single\">\n<span class=\"wpcf7-form-control-wrap recaptcha\" data-name=\"recaptcha\"><span data-sitekey=\"6LfSPkMUAAAAAOnF10EVL9arKKK_tl5S_Op2rMeg\" class=\"wpcf7-form-control wpcf7-recaptcha g-recaptcha\"><\/span>\r\n<noscript>\r\n\t<div class=\"grecaptcha-noscript\">\r\n\t\t<iframe src=\"https:\/\/www.google.com\/recaptcha\/api\/fallback?k=6LfSPkMUAAAAAOnF10EVL9arKKK_tl5S_Op2rMeg\" frameborder=\"0\" scrolling=\"no\" width=\"310\" height=\"430\">\r\n\t\t<\/iframe>\r\n\t\t<textarea name=\"g-recaptcha-response\" rows=\"3\" cols=\"40\" placeholder=\"reCaptcha Response Here\">\r\n\t\t<\/textarea>\r\n\t<\/div>\r\n<\/noscript>\r\n<\/span>\n<\/div>\n<p><input class=\"wpcf7-form-control wpcf7-submit has-spinner btn-contact\" type=\"submit\" value=\"NOUS CONTACTER\" \/>\n<\/p><div class=\"wpcf7-response-output\" aria-hidden=\"true\"><\/div>\n<\/form>\n<\/div>\n[\/vc_column_text][\/vc_column][\/vc_row][vc_row][vc_column][vc_gmaps link=\u00a0\u00bb#E-8_JTNDaWZyYW1lJTIwc3JjJTNEJTIyaHR0cHMlM0ElMkYlMkZ3d3cuZ29vZ2xlLmNvbSUyRm1hcHMlMkZlbWJlZCUzRnBiJTNEJTIxMW0xOCUyMTFtMTIlMjExbTMlMjExZDI1MTEuMjA1MDY1Nzc3MzczJTIxMmQ1LjUzODg3NzM1MTM4NDUxNiUyMTNkNTAuOTkzODgyNjA2MzEwNjg0JTIxMm0zJTIxMWYwJTIxMmYwJTIxM2YwJTIxM20yJTIxMWkxMDI0JTIxMmk3NjglMjE0ZjEzLjElMjEzbTMlMjExbTIlMjExczB4NDdjMGQ5NmY4Njg2NzlkZiUyNTNBMHg0OTdhYjUxOWQyN2Y4OWMzJTIxMnNDb2JvdHJhY2tzJTI1M0ElMjUyMEhvbWUlMjE1ZTAlMjEzbTIlMjExc2VuJTIxMnNpbiUyMTR2MTU3MDUyNzEwMjM1MiUyMTVtMiUyMTFzZW4lMjEyc2luJTIyJTIwd2lkdGglM0QlMjI2MDAlMjIlMjBoZWlnaHQlM0QlMjI0NTAlMjIlMjBmcmFtZWJvcmRlciUzRCUyMjAlMjIlMjBzdHlsZSUzRCUyMmJvcmRlciUzQTAlM0IlMjIlMjBhbGxvd2Z1bGxzY3JlZW4lM0QlMjIlMjIlM0UlM0MlMkZpZnJhbWUlM0U=\u00a0\u00bb css_animation=\u00a0\u00bbfadeInUp\u00a0\u00bb el_class=\u00a0\u00bbcontact-google-map\u00a0\u00bb][\/vc_column][\/vc_row][\/vc_section]<\/p>\n<\/div>","protected":false},"excerpt":{"rendered":"<p>Vous voulez augmenter la port\u00e9e de votre cobot ? Nous mettre au d\u00e9fi avec un concept cr\u00e9atif ? Contactez-nous. Nous sommes heureux de vous aider !<\/p>\n","protected":false},"author":4,"featured_media":0,"parent":0,"menu_order":0,"comment_status":"closed","ping_status":"closed","template":"","meta":{"_acf_changed":false,"inline_featured_image":false,"footnotes":""},"class_list":["post-1546","page","type-page","status-publish","hentry"],"acf":[],"yoast_head":"<!-- This site is optimized with the Yoast SEO plugin v26.8 - https:\/\/yoast.com\/product\/yoast-seo-wordpress\/ -->\n<title>Contact - Mettez-nous au d\u00e9fi avec un concept cr\u00e9atif - Cobotracks<\/title>\n<meta name=\"description\" content=\"Vous voulez augmenter la port\u00e9e de votre cobot ? Nous mettre au d\u00e9fi avec un concept cr\u00e9atif ? Contact Cobotracks!\" \/>\n<meta name=\"robots\" content=\"index, follow, max-snippet:-1, max-image-preview:large, max-video-preview:-1\" \/>\n<link rel=\"canonical\" href=\"https:\/\/www.cobotracks.com\/fr\/contact\/\" \/>\n<meta property=\"og:locale\" content=\"fr_FR\" \/>\n<meta property=\"og:type\" content=\"article\" \/>\n<meta property=\"og:title\" content=\"Contact - Mettez-nous au d\u00e9fi avec un concept cr\u00e9atif - Cobotracks\" \/>\n<meta property=\"og:description\" content=\"Vous voulez augmenter la port\u00e9e de votre cobot ? Nous mettre au d\u00e9fi avec un concept cr\u00e9atif ? Contact Cobotracks!\" \/>\n<meta property=\"og:url\" content=\"https:\/\/www.cobotracks.com\/fr\/contact\/\" \/>\n<meta property=\"og:site_name\" content=\"Cobotracks\" \/>\n<meta property=\"article:modified_time\" content=\"2023-02-07T06:53:52+00:00\" \/>\n<meta name=\"twitter:card\" content=\"summary_large_image\" \/>\n<meta name=\"twitter:label1\" content=\"Dur\u00e9e de lecture estim\u00e9e\" \/>\n\t<meta name=\"twitter:data1\" content=\"1 minute\" \/>\n<script type=\"application\/ld+json\" class=\"yoast-schema-graph\">{\"@context\":\"https:\/\/schema.org\",\"@graph\":[{\"@type\":\"WebPage\",\"@id\":\"https:\/\/www.cobotracks.com\/fr\/contact\/\",\"url\":\"https:\/\/www.cobotracks.com\/fr\/contact\/\",\"name\":\"Contact - Mettez-nous au d\u00e9fi avec un concept cr\u00e9atif - Cobotracks\",\"isPartOf\":{\"@id\":\"https:\/\/www.cobotracks.com\/fr\/#website\"},\"datePublished\":\"2021-03-10T08:27:01+00:00\",\"dateModified\":\"2023-02-07T06:53:52+00:00\",\"description\":\"Vous voulez augmenter la port\u00e9e de votre cobot ? Nous mettre au d\u00e9fi avec un concept cr\u00e9atif ? Contact Cobotracks!\",\"breadcrumb\":{\"@id\":\"https:\/\/www.cobotracks.com\/fr\/contact\/#breadcrumb\"},\"inLanguage\":\"fr-FR\",\"potentialAction\":[{\"@type\":\"ReadAction\",\"target\":[\"https:\/\/www.cobotracks.com\/fr\/contact\/\"]}]},{\"@type\":\"BreadcrumbList\",\"@id\":\"https:\/\/www.cobotracks.com\/fr\/contact\/#breadcrumb\",\"itemListElement\":[{\"@type\":\"ListItem\",\"position\":1,\"name\":\"Home\",\"item\":\"https:\/\/www.cobotracks.com\/fr\/\"},{\"@type\":\"ListItem\",\"position\":2,\"name\":\"Contact\"}]},{\"@type\":\"WebSite\",\"@id\":\"https:\/\/www.cobotracks.com\/fr\/#website\",\"url\":\"https:\/\/www.cobotracks.com\/fr\/\",\"name\":\"Cobotracks\",\"description\":\"Extending reach\",\"potentialAction\":[{\"@type\":\"SearchAction\",\"target\":{\"@type\":\"EntryPoint\",\"urlTemplate\":\"https:\/\/www.cobotracks.com\/fr\/?s={search_term_string}\"},\"query-input\":{\"@type\":\"PropertyValueSpecification\",\"valueRequired\":true,\"valueName\":\"search_term_string\"}}],\"inLanguage\":\"fr-FR\"}]}<\/script>\n<!-- \/ Yoast SEO plugin. -->","yoast_head_json":{"title":"Contact - Mettez-nous au d\u00e9fi avec un concept cr\u00e9atif - Cobotracks","description":"Vous voulez augmenter la port\u00e9e de votre cobot ? Nous mettre au d\u00e9fi avec un concept cr\u00e9atif ? Contact Cobotracks!","robots":{"index":"index","follow":"follow","max-snippet":"max-snippet:-1","max-image-preview":"max-image-preview:large","max-video-preview":"max-video-preview:-1"},"canonical":"https:\/\/www.cobotracks.com\/fr\/contact\/","og_locale":"fr_FR","og_type":"article","og_title":"Contact - Mettez-nous au d\u00e9fi avec un concept cr\u00e9atif - Cobotracks","og_description":"Vous voulez augmenter la port\u00e9e de votre cobot ? Nous mettre au d\u00e9fi avec un concept cr\u00e9atif ? Contact Cobotracks!","og_url":"https:\/\/www.cobotracks.com\/fr\/contact\/","og_site_name":"Cobotracks","article_modified_time":"2023-02-07T06:53:52+00:00","twitter_card":"summary_large_image","twitter_misc":{"Dur\u00e9e de lecture estim\u00e9e":"1 minute"},"schema":{"@context":"https:\/\/schema.org","@graph":[{"@type":"WebPage","@id":"https:\/\/www.cobotracks.com\/fr\/contact\/","url":"https:\/\/www.cobotracks.com\/fr\/contact\/","name":"Contact - Mettez-nous au d\u00e9fi avec un concept cr\u00e9atif - Cobotracks","isPartOf":{"@id":"https:\/\/www.cobotracks.com\/fr\/#website"},"datePublished":"2021-03-10T08:27:01+00:00","dateModified":"2023-02-07T06:53:52+00:00","description":"Vous voulez augmenter la port\u00e9e de votre cobot ? Nous mettre au d\u00e9fi avec un concept cr\u00e9atif ? Contact Cobotracks!","breadcrumb":{"@id":"https:\/\/www.cobotracks.com\/fr\/contact\/#breadcrumb"},"inLanguage":"fr-FR","potentialAction":[{"@type":"ReadAction","target":["https:\/\/www.cobotracks.com\/fr\/contact\/"]}]},{"@type":"BreadcrumbList","@id":"https:\/\/www.cobotracks.com\/fr\/contact\/#breadcrumb","itemListElement":[{"@type":"ListItem","position":1,"name":"Home","item":"https:\/\/www.cobotracks.com\/fr\/"},{"@type":"ListItem","position":2,"name":"Contact"}]},{"@type":"WebSite","@id":"https:\/\/www.cobotracks.com\/fr\/#website","url":"https:\/\/www.cobotracks.com\/fr\/","name":"Cobotracks","description":"Extending reach","potentialAction":[{"@type":"SearchAction","target":{"@type":"EntryPoint","urlTemplate":"https:\/\/www.cobotracks.com\/fr\/?s={search_term_string}"},"query-input":{"@type":"PropertyValueSpecification","valueRequired":true,"valueName":"search_term_string"}}],"inLanguage":"fr-FR"}]}},"_links":{"self":[{"href":"https:\/\/www.cobotracks.com\/fr\/wp-json\/wp\/v2\/pages\/1546","targetHints":{"allow":["GET"]}}],"collection":[{"href":"https:\/\/www.cobotracks.com\/fr\/wp-json\/wp\/v2\/pages"}],"about":[{"href":"https:\/\/www.cobotracks.com\/fr\/wp-json\/wp\/v2\/types\/page"}],"author":[{"embeddable":true,"href":"https:\/\/www.cobotracks.com\/fr\/wp-json\/wp\/v2\/users\/4"}],"replies":[{"embeddable":true,"href":"https:\/\/www.cobotracks.com\/fr\/wp-json\/wp\/v2\/comments?post=1546"}],"version-history":[{"count":5,"href":"https:\/\/www.cobotracks.com\/fr\/wp-json\/wp\/v2\/pages\/1546\/revisions"}],"predecessor-version":[{"id":2776,"href":"https:\/\/www.cobotracks.com\/fr\/wp-json\/wp\/v2\/pages\/1546\/revisions\/2776"}],"wp:attachment":[{"href":"https:\/\/www.cobotracks.com\/fr\/wp-json\/wp\/v2\/media?parent=1546"}],"curies":[{"name":"wp","href":"https:\/\/api.w.org\/{rel}","templated":true}]}}