{"id":1548,"date":"2021-03-10T10:16:47","date_gmt":"2021-03-10T09:16:47","guid":{"rendered":"https:\/\/www.cobotracks.com\/?page_id=1548"},"modified":"2023-02-09T14:32:54","modified_gmt":"2023-02-09T13:32:54","slug":"solutions-personnalisees","status":"publish","type":"page","link":"https:\/\/www.cobotracks.com\/fr\/solutions-personnalisees\/","title":{"rendered":"Solutions personnalis\u00e9es"},"content":{"rendered":"<div class=\"wpb-content-wrapper\"><p>[vc_section css=\u00a0\u00bb.vc_custom_1570535111374{padding-top: 30px !important;padding-bottom: 40px !important;}\u00a0\u00bb][vc_row][vc_column][vc_column_text css_animation=\u00a0\u00bbfadeInLeft\u00a0\u00bb]<div class=\"custom-breadcrumbs\"><span property=\"itemListElement\" typeof=\"ListItem\"><a property=\"item\" typeof=\"WebPage\" title=\"Go to Cobotracks.\" href=\"https:\/\/www.cobotracks.com\/fr\/\" class=\"home\" ><span property=\"name\">Home<\/span><\/a><meta property=\"position\" content=\"1\"><\/span> \/\/ <span property=\"itemListElement\" typeof=\"ListItem\"><a property=\"item\" typeof=\"WebPage\" title=\"Go to Actualit\u00e9s et \u00e9v\u00e9nements.\" href=\"https:\/\/www.cobotracks.com\/fr\/actualites-et-evenements\/\" class=\"post-root post post-post\" aria-current=\"page\"><span property=\"name\">Actualit\u00e9s et \u00e9v\u00e9nements<\/span><\/a><meta property=\"position\" content=\"2\"><\/span><\/div>[\/vc_column_text][\/vc_column][\/vc_row][vc_row css=\u00a0\u00bb.vc_custom_1570280112642{margin-bottom: 0px !important;}\u00a0\u00bb][vc_column][vc_custom_heading text=\u00a0\u00bbSolutions personnalis\u00e9es Linear Motion 7 axes pour toutes les configurations de robot collaboratif\u00a0\u00bb font_container=\u00a0\u00bbtag:h1|font_size:48|text_align:left|color:%23073c7c\u00a0\u00bb google_fonts=\u00a0\u00bbfont_family:Source%20Sans%20Pro%3A200%2C200italic%2C300%2C300italic%2Cregular%2Citalic%2C600%2C600italic%2C700%2C700italic%2C900%2C900italic|font_style:900%20bold%20regular%3A900%3Anormal\u00a0\u00bb css_animation=\u00a0\u00bbfadeInUp\u00a0\u00bb el_class=\u00a0\u00bbpage-about-title\u00a0\u00bb css=\u00a0\u00bb.vc_custom_1614694245098{margin-bottom: 20px !important;}\u00a0\u00bb][vc_column_text css_animation=\u00a0\u00bbfadeInUp\u00a0\u00bb el_class=\u00a0\u00bbpage-about-desc\u00a0\u00bb]Vous souhaitez augmenter la port\u00e9e de votre robot collaboratif et vous avez besoin de solutions personnalis\u00e9es pour votre application sp\u00e9cifique\u00a0?<\/p>\n<p>Chez Cobotracks, nous sommes conscients que chaque activit\u00e9 pr\u00e9sente des exigences diff\u00e9rentes. Chaque entreprise m\u00e8ne des activit\u00e9s sp\u00e9cifiques et n\u00e9cessite des solutions particuli\u00e8res pour optimiser la production. En collaborant avec les meilleurs ing\u00e9nieurs exp\u00e9riment\u00e9s et experts dans la technologie lin\u00e9aire, nous pouvons faire preuve d&rsquo;innovation et proposer des solutions personnalis\u00e9es sans \u00e9gales pour votre robot collaboratif. Qu&rsquo;il s&rsquo;agisse d&rsquo;un simple \u00ab Linear Motion Kit \u00bb ou d&rsquo;une configuration complexe avec plusieurs syst\u00e8mes d&rsquo;axes, les ing\u00e9nieurs de Cobotracks collaborent avec vous pour trouver la meilleure solution. Nous proposons \u00e9galement des solutions OEM sp\u00e9cifiques con\u00e7ues en fonction de vos besoins.<\/p>\n<p>Vous recherchez une solution enti\u00e8rement int\u00e9gr\u00e9e qui inclut notre \u00ab <a href=\"https:\/\/www.cobotracks.com\/fr\/linear-motion-kit\/\">Linear Motion Kit<\/a> \u00bb ou notre \u00ab <a href=\"https:\/\/www.cobotracks.com\/fr\/linear-motion-axis\/\">Linear Motion Axis<\/a> \u00bb? Aucun probl\u00e8me, nous pouvons consulter nos partenaires pour vous proposer un projet complet. Ils int\u00e9greront notre produit dans votre solution de robot collaboratif.<\/p>\n<p>Suivez-nous sur <a href=\"https:\/\/www.linkedin.com\/company\/cobotracks-bv\/\" target=\"_blank\" rel=\"noopener\">LinkedIn<\/a>.[\/vc_column_text][\/vc_column][\/vc_row][vc_row disable_element=\u00a0\u00bbyes\u00a0\u00bb css=\u00a0\u00bb.vc_custom_1572944695828{margin-top: 30px !important;}\u00a0\u00bb][vc_column width=\u00a0\u00bb1\/3&Prime;][vc_single_image image=\u00a0\u00bb278&Prime; img_size=\u00a0\u00bbfull\u00a0\u00bb css_animation=\u00a0\u00bbfadeInUp\u00a0\u00bb css=\u00a0\u00bb.vc_custom_1570540625418{margin-bottom: 0px !important;}\u00a0\u00bb][vc_btn title=\u00a0\u00bbLMK3&Prime; style=\u00a0\u00bbcustom\u00a0\u00bb custom_background=\u00a0\u00bb#073c7c\u00a0\u00bb custom_text=\u00a0\u00bb#ffffff\u00a0\u00bb shape=\u00a0\u00bbsquare\u00a0\u00bb align=\u00a0\u00bbcenter\u00a0\u00bb i_icon_fontawesome=\u00a0\u00bbfa fa-arrow-circle-o-right\u00a0\u00bb css_animation=\u00a0\u00bbfadeInUp\u00a0\u00bb button_block=\u00a0\u00bbtrue\u00a0\u00bb add_icon=\u00a0\u00bbtrue\u00a0\u00bb el_class=\u00a0\u00bbproduct-link-btn\u00a0\u00bb link=\u00a0\u00bburl:%23|title:LMK%203||\u00a0\u00bb][\/vc_column][vc_column width=\u00a0\u00bb1\/3&Prime;][vc_single_image image=\u00a0\u00bb278&Prime; img_size=\u00a0\u00bbfull\u00a0\u00bb css_animation=\u00a0\u00bbfadeInUp\u00a0\u00bb css=\u00a0\u00bb.vc_custom_1570540638563{margin-bottom: 0px !important;}\u00a0\u00bb][vc_btn title=\u00a0\u00bbLMK5&Prime; style=\u00a0\u00bbcustom\u00a0\u00bb custom_background=\u00a0\u00bb#073c7c\u00a0\u00bb custom_text=\u00a0\u00bb#ffffff\u00a0\u00bb shape=\u00a0\u00bbsquare\u00a0\u00bb align=\u00a0\u00bbcenter\u00a0\u00bb i_icon_fontawesome=\u00a0\u00bbfa fa-arrow-circle-o-right\u00a0\u00bb css_animation=\u00a0\u00bbfadeInUp\u00a0\u00bb button_block=\u00a0\u00bbtrue\u00a0\u00bb add_icon=\u00a0\u00bbtrue\u00a0\u00bb el_class=\u00a0\u00bbproduct-link-btn\u00a0\u00bb link=\u00a0\u00bburl:%23|title:LMK%205||\u00a0\u00bb][\/vc_column][vc_column width=\u00a0\u00bb1\/3&Prime;][vc_single_image image=\u00a0\u00bb278&Prime; img_size=\u00a0\u00bbfull\u00a0\u00bb css_animation=\u00a0\u00bbfadeInUp\u00a0\u00bb css=\u00a0\u00bb.vc_custom_1570540651870{margin-bottom: 0px !important;}\u00a0\u00bb][vc_btn title=\u00a0\u00bbLMK10&Prime; style=\u00a0\u00bbcustom\u00a0\u00bb custom_background=\u00a0\u00bb#073c7c\u00a0\u00bb custom_text=\u00a0\u00bb#ffffff\u00a0\u00bb shape=\u00a0\u00bbsquare\u00a0\u00bb align=\u00a0\u00bbcenter\u00a0\u00bb i_icon_fontawesome=\u00a0\u00bbfa fa-arrow-circle-o-right\u00a0\u00bb css_animation=\u00a0\u00bbfadeInUp\u00a0\u00bb button_block=\u00a0\u00bbtrue\u00a0\u00bb add_icon=\u00a0\u00bbtrue\u00a0\u00bb el_class=\u00a0\u00bbproduct-link-btn\u00a0\u00bb link=\u00a0\u00bburl:%23|title:LMK%2010||\u00a0\u00bb][\/vc_column][\/vc_row][vc_row disable_element=\u00a0\u00bbyes\u00a0\u00bb css=\u00a0\u00bb.vc_custom_1572944703979{margin-top: 40px !important;}\u00a0\u00bb][vc_column][vc_custom_heading text=\u00a0\u00bbFEATURES\u00a0\u00bb font_container=\u00a0\u00bbtag:h2|font_size:24|text_align:left|color:%23073c7c\u00a0\u00bb google_fonts=\u00a0\u00bbfont_family:Source%20Sans%20Pro%3A200%2C200italic%2C300%2C300italic%2Cregular%2Citalic%2C600%2C600italic%2C700%2C700italic%2C900%2C900italic|font_style:900%20bold%20regular%3A900%3Anormal\u00a0\u00bb css_animation=\u00a0\u00bbfadeInUp\u00a0\u00bb el_class=\u00a0\u00bbtitle-feature\u00a0\u00bb][vc_column_text css_animation=\u00a0\u00bbfadeInUp\u00a0\u00bb el_class=\u00a0\u00bbfeature-table\u00a0\u00bb]<\/p>\n<table style=\"border-collapse: collapse; width: 100%; height: 290px;\">\n<tbody>\n<tr style=\"height: 82px;\">\n<td style=\"width: 50%; height: 82px;\">\n<h5>Robust industrial steel design with SEW Servo Drive<\/h5>\n<\/td>\n<td style=\"width: 50%; height: 82px;\">\n<h5>High accuracy<\/h5>\n<\/td>\n<\/tr>\n<tr style=\"height: 82px;\">\n<td style=\"width: 50%; height: 82px;\">\n<h5>100% cycle time with 100% load on robot<\/h5>\n<\/td>\n<td style=\"width: 50%; height: 82px;\">\n<h5>Customized solutions<\/h5>\n<\/td>\n<\/tr>\n<tr style=\"height: 63px;\">\n<td style=\"width: 50%; height: 63px;\">\n<h5>Length up to 50m<\/h5>\n<\/td>\n<td style=\"width: 50%; height: 63px;\">\n<h5>Collision detection<\/h5>\n<\/td>\n<\/tr>\n<tr style=\"height: 63px;\">\n<td style=\"width: 50%; height: 63px;\">\n<h5>UR Caps Software<\/h5>\n<p>Very easy to install and program<br \/>\nInfinite programming points<br \/>\nAdjustable speed Movement robot<br \/>\nduring movement LMK<\/td>\n<td style=\"width: 50%; height: 63px;\"><\/td>\n<\/tr>\n<\/tbody>\n<\/table>\n<p>[\/vc_column_text][\/vc_column][\/vc_row][vc_row disable_element=\u00a0\u00bbyes\u00a0\u00bb][vc_column][vc_custom_heading text=\u00a0\u00bbAPPLICATIONS\u00a0\u00bb font_container=\u00a0\u00bbtag:h2|font_size:24|text_align:left|color:%23073c7c\u00a0\u00bb google_fonts=\u00a0\u00bbfont_family:Source%20Sans%20Pro%3A200%2C200italic%2C300%2C300italic%2Cregular%2Citalic%2C600%2C600italic%2C700%2C700italic%2C900%2C900italic|font_style:900%20bold%20regular%3A900%3Anormal\u00a0\u00bb el_class=\u00a0\u00bbtitle-feature\u00a0\u00bb][vc_custom_heading text=\u00a0\u00bbEXTEND THE REACH OF YOUR COBOT\u00a0\u00bb font_container=\u00a0\u00bbtag:h2|font_size:24|text_align:left|color:%23073c7c\u00a0\u00bb google_fonts=\u00a0\u00bbfont_family:Source%20Sans%20Pro%3A200%2C200italic%2C300%2C300italic%2Cregular%2Citalic%2C600%2C600italic%2C700%2C700italic%2C900%2C900italic|font_style:300%20light%20regular%3A300%3Anormal\u00a0\u00bb el_class=\u00a0\u00bbtitle-feature\u00a0\u00bb][vc_row_inner equal_height=\u00a0\u00bbyes\u00a0\u00bb css=\u00a0\u00bb.vc_custom_1570540295664{margin-top: 40px !important;}\u00a0\u00bb][vc_column_inner el_class=\u00a0\u00bbapp-single\u00a0\u00bb width=\u00a0\u00bb1\/2&Prime; offset=\u00a0\u00bbvc_col-lg-3 vc_col-md-3&Prime;][vc_single_image image=\u00a0\u00bb293&Prime; img_size=\u00a0\u00bbfull\u00a0\u00bb alignment=\u00a0\u00bbcenter\u00a0\u00bb css_animation=\u00a0\u00bbzoomIn\u00a0\u00bb][vc_custom_heading text=\u00a0\u00bbMultiple machine tendering\u00a0\u00bb font_container=\u00a0\u00bbtag:h3|font_size:22|text_align:center|color:%23073c7c\u00a0\u00bb google_fonts=\u00a0\u00bbfont_family:Source%20Sans%20Pro%3A200%2C200italic%2C300%2C300italic%2Cregular%2Citalic%2C600%2C600italic%2C700%2C700italic%2C900%2C900italic|font_style:900%20bold%20regular%3A900%3Anormal\u00a0\u00bb css_animation=\u00a0\u00bbfadeInUp\u00a0\u00bb el_class=\u00a0\u00bbapp-title\u00a0\u00bb][\/vc_column_inner][vc_column_inner el_class=\u00a0\u00bbapp-single\u00a0\u00bb width=\u00a0\u00bb1\/2&Prime; offset=\u00a0\u00bbvc_col-lg-3 vc_col-md-3&Prime;][vc_single_image image=\u00a0\u00bb300&Prime; img_size=\u00a0\u00bbfull\u00a0\u00bb alignment=\u00a0\u00bbcenter\u00a0\u00bb css_animation=\u00a0\u00bbzoomIn\u00a0\u00bb][vc_custom_heading text=\u00a0\u00bbMULTIPLE PALLET PALLETISING\u00a0\u00bb font_container=\u00a0\u00bbtag:h3|font_size:22|text_align:center|color:%23073c7c\u00a0\u00bb google_fonts=\u00a0\u00bbfont_family:Source%20Sans%20Pro%3A200%2C200italic%2C300%2C300italic%2Cregular%2Citalic%2C600%2C600italic%2C700%2C700italic%2C900%2C900italic|font_style:900%20bold%20regular%3A900%3Anormal\u00a0\u00bb css_animation=\u00a0\u00bbfadeInUp\u00a0\u00bb el_class=\u00a0\u00bbapp-title\u00a0\u00bb][\/vc_column_inner][vc_column_inner el_class=\u00a0\u00bbapp-single\u00a0\u00bb width=\u00a0\u00bb1\/2&Prime; offset=\u00a0\u00bbvc_col-lg-3 vc_col-md-3&Prime;][vc_single_image image=\u00a0\u00bb298&Prime; img_size=\u00a0\u00bbfull\u00a0\u00bb alignment=\u00a0\u00bbcenter\u00a0\u00bb css_animation=\u00a0\u00bbzoomIn\u00a0\u00bb][vc_custom_heading text=\u00a0\u00bbWELDING BIG PARTS\u00a0\u00bb font_container=\u00a0\u00bbtag:h3|font_size:22|text_align:center|color:%23073c7c\u00a0\u00bb google_fonts=\u00a0\u00bbfont_family:Source%20Sans%20Pro%3A200%2C200italic%2C300%2C300italic%2Cregular%2Citalic%2C600%2C600italic%2C700%2C700italic%2C900%2C900italic|font_style:900%20bold%20regular%3A900%3Anormal\u00a0\u00bb css_animation=\u00a0\u00bbfadeInUp\u00a0\u00bb el_class=\u00a0\u00bbapp-title\u00a0\u00bb][\/vc_column_inner][vc_column_inner el_class=\u00a0\u00bbapp-single\u00a0\u00bb width=\u00a0\u00bb1\/2&Prime; offset=\u00a0\u00bbvc_col-lg-3 vc_col-md-3&Prime;][vc_single_image image=\u00a0\u00bb299&Prime; img_size=\u00a0\u00bbfull\u00a0\u00bb alignment=\u00a0\u00bbcenter\u00a0\u00bb css_animation=\u00a0\u00bbzoomIn\u00a0\u00bb][vc_custom_heading text=\u00a0\u00bbPOLISHING &amp; GLUING BIG PARTS\u00a0\u00bb font_container=\u00a0\u00bbtag:h3|font_size:22|text_align:center|color:%23073c7c\u00a0\u00bb google_fonts=\u00a0\u00bbfont_family:Source%20Sans%20Pro%3A200%2C200italic%2C300%2C300italic%2Cregular%2Citalic%2C600%2C600italic%2C700%2C700italic%2C900%2C900italic|font_style:900%20bold%20regular%3A900%3Anormal\u00a0\u00bb css_animation=\u00a0\u00bbfadeInUp\u00a0\u00bb el_class=\u00a0\u00bbapp-title\u00a0\u00bb][\/vc_column_inner][\/vc_row_inner][\/vc_column][\/vc_row][vc_row disable_element=\u00a0\u00bbyes\u00a0\u00bb css=\u00a0\u00bb.vc_custom_1572944718089{margin-top: 40px !important;}\u00a0\u00bb][vc_column][vc_custom_heading text=\u00a0\u00bbLINEAR MOTION KIT INCLUDES\u00a0\u00bb font_container=\u00a0\u00bbtag:h2|font_size:24|text_align:left|color:%23073c7c\u00a0\u00bb google_fonts=\u00a0\u00bbfont_family:Source%20Sans%20Pro%3A200%2C200italic%2C300%2C300italic%2Cregular%2Citalic%2C600%2C600italic%2C700%2C700italic%2C900%2C900italic|font_style:900%20bold%20regular%3A900%3Anormal\u00a0\u00bb css_animation=\u00a0\u00bbfadeInUp\u00a0\u00bb el_class=\u00a0\u00bbtitle-feature\u00a0\u00bb][vc_column_text css_animation=\u00a0\u00bbfadeInUp\u00a0\u00bb el_class=\u00a0\u00bbfeature-table\u00a0\u00bb]<\/p>\n<table style=\"border-collapse: collapse; width: 100%; height: 96px;\">\n<tbody>\n<tr style=\"height: 24px;\">\n<td style=\"width: 50%; height: 24px;\">\n<h5>Axis with limit switches<\/h5>\n<\/td>\n<td style=\"width: 50%; height: 24px;\">\n<h5>Cable chain<\/h5>\n<\/td>\n<\/tr>\n<tr style=\"height: 24px;\">\n<td style=\"width: 50%; height: 24px;\">\n<h5>SEW Servo motor &amp; Drive<\/h5>\n<\/td>\n<td style=\"width: 50%; height: 24px;\">\n<h5>USB with URcap software<\/h5>\n<\/td>\n<\/tr>\n<tr style=\"height: 24px;\">\n<td style=\"width: 50%; height: 24px;\">\n<h5>Planetary Gearbox<\/h5>\n<\/td>\n<td style=\"width: 50%; height: 24px;\">\n<h5>Control Box<\/h5>\n<\/td>\n<\/tr>\n<tr style=\"height: 24px;\">\n<td style=\"width: 50%; height: 24px;\">\n<h5>Cables<\/h5>\n<\/td>\n<td style=\"width: 50%; height: 24px;\">\n<h5>English instruction Manual<\/h5>\n<\/td>\n<\/tr>\n<\/tbody>\n<\/table>\n<p>[\/vc_column_text][\/vc_column][\/vc_row][\/vc_section][vc_section full_width=\u00a0\u00bbstretch_row\u00a0\u00bb css=\u00a0\u00bb.vc_custom_1570280557090{padding-top: 20px !important;padding-bottom: 20px !important;background-color: #eeeeee !important;}\u00a0\u00bb][vc_row][vc_column][vc_column_text el_class=\u00a0\u00bbpage-footer-tagline-info\u00a0\u00bb css=\u00a0\u00bb.vc_custom_1615373873319{margin-bottom: 0px !important;}\u00a0\u00bb]<\/p>\n<p style=\"text-align: center;\">Vous avez-vous une id\u00e9e en t\u00eate ? <a href=\"https:\/\/www.cobotracks.com\/fr\/contact\/\">CONTACTEZ-NOUS<\/a>!<\/p>\n<p>[\/vc_column_text][\/vc_column][\/vc_row][\/vc_section]<\/p>\n<\/div>","protected":false},"excerpt":{"rendered":"<p>Augmentez la port\u00e9e de votre cobot. Nous proposons des solutions personnalis\u00e9es pour accro\u00eetre la fonctionnalit\u00e9. Visitez-nous maintenant !<\/p>\n","protected":false},"author":4,"featured_media":0,"parent":0,"menu_order":0,"comment_status":"closed","ping_status":"closed","template":"","meta":{"_acf_changed":false,"inline_featured_image":false,"footnotes":""},"class_list":["post-1548","page","type-page","status-publish","hentry"],"acf":[],"yoast_head":"<!-- This site is optimized with the Yoast SEO plugin v26.8 - https:\/\/yoast.com\/product\/yoast-seo-wordpress\/ -->\n<title>Solutions personnalis\u00e9es de mouvement lin\u00e9aire - Cobotracks<\/title>\n<meta name=\"description\" content=\"Augmentez la port\u00e9e de votre cobot. Nous proposons des solutions personnalis\u00e9es pour accro\u00eetre la fonctionnalit\u00e9. Visitez-nous maintenant !\" \/>\n<meta name=\"robots\" content=\"index, follow, max-snippet:-1, max-image-preview:large, max-video-preview:-1\" \/>\n<link rel=\"canonical\" href=\"https:\/\/www.cobotracks.com\/fr\/solutions-personnalisees\/\" \/>\n<meta property=\"og:locale\" content=\"fr_FR\" \/>\n<meta property=\"og:type\" content=\"article\" \/>\n<meta property=\"og:title\" content=\"Solutions personnalis\u00e9es de mouvement lin\u00e9aire - Cobotracks\" \/>\n<meta property=\"og:description\" content=\"Augmentez la port\u00e9e de votre cobot. Nous proposons des solutions personnalis\u00e9es pour accro\u00eetre la fonctionnalit\u00e9. Visitez-nous maintenant !\" \/>\n<meta property=\"og:url\" content=\"https:\/\/www.cobotracks.com\/fr\/solutions-personnalisees\/\" \/>\n<meta property=\"og:site_name\" content=\"Cobotracks\" \/>\n<meta property=\"article:modified_time\" content=\"2023-02-09T13:32:54+00:00\" \/>\n<meta name=\"twitter:card\" content=\"summary_large_image\" \/>\n<meta name=\"twitter:label1\" content=\"Dur\u00e9e de lecture estim\u00e9e\" \/>\n\t<meta name=\"twitter:data1\" content=\"2 minutes\" \/>\n<script type=\"application\/ld+json\" class=\"yoast-schema-graph\">{\"@context\":\"https:\/\/schema.org\",\"@graph\":[{\"@type\":\"WebPage\",\"@id\":\"https:\/\/www.cobotracks.com\/fr\/solutions-personnalisees\/\",\"url\":\"https:\/\/www.cobotracks.com\/fr\/solutions-personnalisees\/\",\"name\":\"Solutions personnalis\u00e9es de mouvement lin\u00e9aire - Cobotracks\",\"isPartOf\":{\"@id\":\"https:\/\/www.cobotracks.com\/fr\/#website\"},\"datePublished\":\"2021-03-10T09:16:47+00:00\",\"dateModified\":\"2023-02-09T13:32:54+00:00\",\"description\":\"Augmentez la port\u00e9e de votre cobot. Nous proposons des solutions personnalis\u00e9es pour accro\u00eetre la fonctionnalit\u00e9. Visitez-nous maintenant !\",\"breadcrumb\":{\"@id\":\"https:\/\/www.cobotracks.com\/fr\/solutions-personnalisees\/#breadcrumb\"},\"inLanguage\":\"fr-FR\",\"potentialAction\":[{\"@type\":\"ReadAction\",\"target\":[\"https:\/\/www.cobotracks.com\/fr\/solutions-personnalisees\/\"]}]},{\"@type\":\"BreadcrumbList\",\"@id\":\"https:\/\/www.cobotracks.com\/fr\/solutions-personnalisees\/#breadcrumb\",\"itemListElement\":[{\"@type\":\"ListItem\",\"position\":1,\"name\":\"Home\",\"item\":\"https:\/\/www.cobotracks.com\/fr\/\"},{\"@type\":\"ListItem\",\"position\":2,\"name\":\"Solutions personnalis\u00e9es\"}]},{\"@type\":\"WebSite\",\"@id\":\"https:\/\/www.cobotracks.com\/fr\/#website\",\"url\":\"https:\/\/www.cobotracks.com\/fr\/\",\"name\":\"Cobotracks\",\"description\":\"Extending reach\",\"potentialAction\":[{\"@type\":\"SearchAction\",\"target\":{\"@type\":\"EntryPoint\",\"urlTemplate\":\"https:\/\/www.cobotracks.com\/fr\/?s={search_term_string}\"},\"query-input\":{\"@type\":\"PropertyValueSpecification\",\"valueRequired\":true,\"valueName\":\"search_term_string\"}}],\"inLanguage\":\"fr-FR\"}]}<\/script>\n<!-- \/ Yoast SEO plugin. -->","yoast_head_json":{"title":"Solutions personnalis\u00e9es de mouvement lin\u00e9aire - Cobotracks","description":"Augmentez la port\u00e9e de votre cobot. Nous proposons des solutions personnalis\u00e9es pour accro\u00eetre la fonctionnalit\u00e9. Visitez-nous maintenant !","robots":{"index":"index","follow":"follow","max-snippet":"max-snippet:-1","max-image-preview":"max-image-preview:large","max-video-preview":"max-video-preview:-1"},"canonical":"https:\/\/www.cobotracks.com\/fr\/solutions-personnalisees\/","og_locale":"fr_FR","og_type":"article","og_title":"Solutions personnalis\u00e9es de mouvement lin\u00e9aire - Cobotracks","og_description":"Augmentez la port\u00e9e de votre cobot. Nous proposons des solutions personnalis\u00e9es pour accro\u00eetre la fonctionnalit\u00e9. Visitez-nous maintenant !","og_url":"https:\/\/www.cobotracks.com\/fr\/solutions-personnalisees\/","og_site_name":"Cobotracks","article_modified_time":"2023-02-09T13:32:54+00:00","twitter_card":"summary_large_image","twitter_misc":{"Dur\u00e9e de lecture estim\u00e9e":"2 minutes"},"schema":{"@context":"https:\/\/schema.org","@graph":[{"@type":"WebPage","@id":"https:\/\/www.cobotracks.com\/fr\/solutions-personnalisees\/","url":"https:\/\/www.cobotracks.com\/fr\/solutions-personnalisees\/","name":"Solutions personnalis\u00e9es de mouvement lin\u00e9aire - Cobotracks","isPartOf":{"@id":"https:\/\/www.cobotracks.com\/fr\/#website"},"datePublished":"2021-03-10T09:16:47+00:00","dateModified":"2023-02-09T13:32:54+00:00","description":"Augmentez la port\u00e9e de votre cobot. Nous proposons des solutions personnalis\u00e9es pour accro\u00eetre la fonctionnalit\u00e9. Visitez-nous maintenant !","breadcrumb":{"@id":"https:\/\/www.cobotracks.com\/fr\/solutions-personnalisees\/#breadcrumb"},"inLanguage":"fr-FR","potentialAction":[{"@type":"ReadAction","target":["https:\/\/www.cobotracks.com\/fr\/solutions-personnalisees\/"]}]},{"@type":"BreadcrumbList","@id":"https:\/\/www.cobotracks.com\/fr\/solutions-personnalisees\/#breadcrumb","itemListElement":[{"@type":"ListItem","position":1,"name":"Home","item":"https:\/\/www.cobotracks.com\/fr\/"},{"@type":"ListItem","position":2,"name":"Solutions personnalis\u00e9es"}]},{"@type":"WebSite","@id":"https:\/\/www.cobotracks.com\/fr\/#website","url":"https:\/\/www.cobotracks.com\/fr\/","name":"Cobotracks","description":"Extending reach","potentialAction":[{"@type":"SearchAction","target":{"@type":"EntryPoint","urlTemplate":"https:\/\/www.cobotracks.com\/fr\/?s={search_term_string}"},"query-input":{"@type":"PropertyValueSpecification","valueRequired":true,"valueName":"search_term_string"}}],"inLanguage":"fr-FR"}]}},"_links":{"self":[{"href":"https:\/\/www.cobotracks.com\/fr\/wp-json\/wp\/v2\/pages\/1548","targetHints":{"allow":["GET"]}}],"collection":[{"href":"https:\/\/www.cobotracks.com\/fr\/wp-json\/wp\/v2\/pages"}],"about":[{"href":"https:\/\/www.cobotracks.com\/fr\/wp-json\/wp\/v2\/types\/page"}],"author":[{"embeddable":true,"href":"https:\/\/www.cobotracks.com\/fr\/wp-json\/wp\/v2\/users\/4"}],"replies":[{"embeddable":true,"href":"https:\/\/www.cobotracks.com\/fr\/wp-json\/wp\/v2\/comments?post=1548"}],"version-history":[{"count":5,"href":"https:\/\/www.cobotracks.com\/fr\/wp-json\/wp\/v2\/pages\/1548\/revisions"}],"predecessor-version":[{"id":2792,"href":"https:\/\/www.cobotracks.com\/fr\/wp-json\/wp\/v2\/pages\/1548\/revisions\/2792"}],"wp:attachment":[{"href":"https:\/\/www.cobotracks.com\/fr\/wp-json\/wp\/v2\/media?parent=1548"}],"curies":[{"name":"wp","href":"https:\/\/api.w.org\/{rel}","templated":true}]}}