{"id":1550,"date":"2021-03-10T10:20:17","date_gmt":"2021-03-10T09:20:17","guid":{"rendered":"https:\/\/www.cobotracks.com\/?page_id=1550"},"modified":"2024-09-25T11:43:45","modified_gmt":"2024-09-25T09:43:45","slug":"page-daccueil","status":"publish","type":"page","link":"https:\/\/www.cobotracks.com\/fr\/","title":{"rendered":"Page d&rsquo;accueil"},"content":{"rendered":"<div class=\"wpb-content-wrapper\"><p>[vc_section full_width=\u00a0\u00bbstretch_row_content\u00a0\u00bb css=\u00a0\u00bb.vc_custom_1570275521145{margin-top: -4px !important;}\u00a0\u00bb][vc_row el_class=\u00a0\u00bbdesktop-video-slider\u00a0\u00bb][vc_column]\n\t\t\t<!-- START Desktop Slider REVOLUTION SLIDER 6.7.34 --><p class=\"rs-p-wp-fix\"><\/p>\n\t\t\t<rs-module-wrap id=\"rev_slider_1_1_wrapper\" data-source=\"gallery\" style=\"visibility:hidden;background:transparent;padding:0;margin:0px auto;margin-top:0;margin-bottom:0;\">\n\t\t\t\t<rs-module id=\"rev_slider_1_1\" style=\"\" data-version=\"6.7.34\">\n\t\t\t\t\t<rs-slides style=\"overflow: hidden; position: absolute;\">\n\t\t\t\t\t\t<rs-slide style=\"position: absolute;\" data-key=\"rs-1\" data-title=\"Slide\" data-anim=\"adpr:false;\" data-in=\"o:0;\" data-out=\"a:false;\">\n\t\t\t\t\t\t\t<img decoding=\"async\" src=\"\/\/www.cobotracks.com\/wp-content\/plugins\/revslider\/sr6\/assets\/assets\/dummy.png\" alt=\"\" title=\"COBOTRACKS-VIDEO-zonderaudio-smal_1.jpeg\" width=\"1920\" height=\"720\" class=\"rev-slidebg tp-rs-img rs-lazyload\" data-lazyload=\"\/\/www.cobotracks.com\/wp-content\/uploads\/revslider\/video-media\/COBOTRACKS-VIDEO-zonderaudio-smal_1.jpeg\" data-no-retina>\n\t\t\t\t\t\t\t<rs-bgvideo \n\t\t\t\t\t\t\t\tdata-video=\"v:100;w:100%;h:100%;nse:false;l:loopandnoslidestop;ptimer:false;vfc:true;\"\n\t\t\t\t\t\t\t\tdata-mp4=\"\/\/www.cobotracks.com\/wp-content\/uploads\/2023\/02\/COBOTRACKS-VIDEO-zonderaudio-smal.mp4\"\n\t\t\t\t\t\t\t><\/rs-bgvideo>\n<!---->\t\t\t\t\t<\/rs-slide>\n\t\t\t\t\t<\/rs-slides>\n\t\t\t\t<\/rs-module>\n\t\t\t\t<script>\n\t\t\t\t\tsetREVStartSize({c: 'rev_slider_1_1',rl:[1367,1240,778,480],el:[500],gw:[1368],gh:[500],type:'standard',justify:'',layout:'fullwidth',mh:\"0\"});if (window.RS_MODULES!==undefined && window.RS_MODULES.modules!==undefined && window.RS_MODULES.modules[\"revslider11\"]!==undefined) {window.RS_MODULES.modules[\"revslider11\"].once = false;window.revapi1 = undefined;if (window.RS_MODULES.checkMinimal!==undefined) window.RS_MODULES.checkMinimal()}\n\t\t\t\t<\/script>\n\t\t\t<\/rs-module-wrap>\n\t\t\t<!-- END REVOLUTION SLIDER -->\n[vc_raw_html el_id=\u00a0\u00bbpage-scrolldown\u00a0\u00bb]JTNDZGl2JTIwY2xhc3MlM0QlMjJzY3JvbGxkb3duJTIyJTNFJTBBJTNDYSUyMGhyZWYlM0QlMjIlMjNhYm91dHVzJTIyJTNFJTNDaW1nJTIwc3JjJTNEJTIyaHR0cHMlM0ElMkYlMkZ3d3cuY29ib3RyYWNrcy5jb20lMkZ3cC1jb250ZW50JTJGdXBsb2FkcyUyRjIwMTklMkYxMSUyRnNjcm9sbC1kb3duLWFycm93LnBuZyUyMiUyRiUzRSUzQyUyRmElM0UlMEElM0MlMkZkaXYlM0U=[\/vc_raw_html][\/vc_column][\/vc_row][vc_row full_width=\u00a0\u00bbstretch_row_content_no_spaces\u00a0\u00bb el_class=\u00a0\u00bbmobile-image-slider\u00a0\u00bb][vc_column]\n\t\t\t<!-- START Mobile New Slider REVOLUTION SLIDER 6.7.34 --><p class=\"rs-p-wp-fix\"><\/p>\n\t\t\t<rs-module-wrap id=\"rev_slider_4_2_wrapper\" data-source=\"gallery\" style=\"visibility:hidden;background:transparent;padding:0;margin:0px auto;margin-top:0;margin-bottom:0;\">\n\t\t\t\t<rs-module id=\"rev_slider_4_2\" style=\"\" data-version=\"6.7.34\">\n\t\t\t\t\t<rs-slides style=\"overflow: hidden; position: absolute;\">\n\t\t\t\t\t\t<rs-slide style=\"position: absolute;\" data-key=\"rs-5\" data-title=\"Slide\" data-anim=\"adpr:false;\" data-in=\"o:0;\" data-out=\"a:false;\">\n\t\t\t\t\t\t\t<img decoding=\"async\" src=\"\/\/www.cobotracks.com\/wp-content\/plugins\/revslider\/sr6\/assets\/assets\/dummy.png\" alt=\"\" title=\"COBOTRACKS-VIDEO-zonderaudio-smal_1.jpeg\" width=\"1920\" height=\"720\" class=\"rev-slidebg tp-rs-img rs-lazyload\" data-lazyload=\"\/\/www.cobotracks.com\/wp-content\/uploads\/revslider\/video-media\/COBOTRACKS-VIDEO-zonderaudio-smal_1.jpeg\" data-no-retina>\n\t\t\t\t\t\t\t<rs-bgvideo \n\t\t\t\t\t\t\t\tdata-video=\"w:100%;h:100%;nse:false;l:true;ptimer:false;vfc:true;\"\n\t\t\t\t\t\t\t\tdata-mp4=\"\/\/www.cobotracks.com\/wp-content\/uploads\/2023\/02\/COBOTRACKS-VIDEO-zonderaudio-smal.mp4\"\n\t\t\t\t\t\t\t><\/rs-bgvideo>\n<!---->\t\t\t\t\t<\/rs-slide>\n\t\t\t\t\t<\/rs-slides>\n\t\t\t\t<\/rs-module>\n\t\t\t\t<script>\n\t\t\t\t\tsetREVStartSize({c: 'rev_slider_4_2',rl:[1367,1240,778,480],el:[311],gw:[800],gh:[311],type:'standard',justify:'',layout:'fullwidth',mh:\"0\"});if (window.RS_MODULES!==undefined && window.RS_MODULES.modules!==undefined && window.RS_MODULES.modules[\"revslider42\"]!==undefined) {window.RS_MODULES.modules[\"revslider42\"].once = false;window.revapi4 = undefined;if (window.RS_MODULES.checkMinimal!==undefined) window.RS_MODULES.checkMinimal()}\n\t\t\t\t<\/script>\n\t\t\t<\/rs-module-wrap>\n\t\t\t<!-- END REVOLUTION SLIDER -->\n[\/vc_column][\/vc_row][\/vc_section][vc_section full_width=\u00a0\u00bbstretch_row\u00a0\u00bb css=\u00a0\u00bb.vc_custom_1573292347215{margin-top: -6px !important;padding-top: 80px !important;padding-bottom: 50px !important;background-color: #073c7c !important;}\u00a0\u00bb el_id=\u00a0\u00bbaboutus\u00a0\u00bb][vc_row][vc_column][vc_custom_heading text=\u00a0\u00bb\u00c0 PROPOS DE COBOTRACKS\u00a0\u00bb font_container=\u00a0\u00bbtag:h1|font_size:48|text_align:left|color:%23ffffff\u00a0\u00bb google_fonts=\u00a0\u00bbfont_family:Source%20Sans%20Pro%3A200%2C200italic%2C300%2C300italic%2Cregular%2Citalic%2C600%2C600italic%2C700%2C700italic%2C900%2C900italic|font_style:900%20bold%20regular%3A900%3Anormal\u00a0\u00bb css_animation=\u00a0\u00bbfadeInUp\u00a0\u00bb css=\u00a0\u00bb.vc_custom_1614758594040{margin-bottom: 20px !important;}\u00a0\u00bb el_class=\u00a0\u00bbhome-about-title\u00a0\u00bb][vc_column_text css_animation=\u00a0\u00bbfadeInUp\u00a0\u00bb el_class=\u00a0\u00bbhome-about-description\u00a0\u00bb]Cobotracks propose des solutions personnalis\u00e9es qui augmentent la port\u00e9e de chaque type de robot collaboratif en permettant un d\u00e9placement le long d&rsquo;une piste lin\u00e9aire. Qu&rsquo;il s&rsquo;agisse d&#8217;empiler des palettes, d&rsquo;utiliser plusieurs machines, ou de souder ou coller des grandes pi\u00e8ces, le <span style=\"text-decoration: underline;\"><span style=\"color: #ffffff; text-decoration: underline;\"><a style=\"color: #ffffff; text-decoration: underline;\" href=\"https:\/\/www.cobotracks.com\/fr\/linear-motion-kit\/\">Linear Motion Kit<\/a><\/span><\/span> permet aux robots collaboratifs UR d&rsquo;en faire toujours plus, les possibilit\u00e9s sont infinies.<\/p>\n<p>Cobotracks a d\u00e9velopp\u00e9 le \u00ab Linear Motion Kit \u00bb pour les robots \u00ab UR-3\/5\/10\/16 \u00bb d&rsquo;Universal Robots, de version CB3 et \u00e9lectronique. Il s&rsquo;agit d&rsquo;une solution simple et pr\u00eate \u00e0 l&#8217;emploi \u00e0 destination de tous les robots collaboratifs UR. Le Linear Motion Kit inclut le logiciel UR Caps, facile \u00e0 installer et \u00e0 programmer.[\/vc_column_text][vc_btn title=\u00a0\u00bbPLUS D&rsquo;INFORMATIONS\u00a0\u00bb style=\u00a0\u00bbcustom\u00a0\u00bb custom_background=\u00a0\u00bb#ffffff\u00a0\u00bb custom_text=\u00a0\u00bb#073c7c\u00a0\u00bb shape=\u00a0\u00bbsquare\u00a0\u00bb css_animation=\u00a0\u00bbfadeInUp\u00a0\u00bb link=\u00a0\u00bburl:https%3A%2F%2Fwww.cobotracks.com%2Ffr%2Fa-propos-de-cobotracks%2F|||\u00a0\u00bb el_class=\u00a0\u00bbbtn-download-product-brochure\u00a0\u00bb][\/vc_column][\/vc_row][\/vc_section][vc_row css=\u00a0\u00bb.vc_custom_1571840479078{padding-top: 80px !important;padding-bottom: 60px !important;}\u00a0\u00bb][vc_column][vc_custom_heading text=\u00a0\u00bb\u00c0 PROPOS DES ROBOTS COLLABORATIFS\u00a0\u00bb font_container=\u00a0\u00bbtag:h2|font_size:48|text_align:left|color:%23073c7c|line_height:0.7em\u00a0\u00bb google_fonts=\u00a0\u00bbfont_family:Source%20Sans%20Pro%3A200%2C200italic%2C300%2C300italic%2Cregular%2Citalic%2C600%2C600italic%2C700%2C700italic%2C900%2C900italic|font_style:900%20bold%20regular%3A900%3Anormal\u00a0\u00bb css_animation=\u00a0\u00bbfadeInUp\u00a0\u00bb css=\u00a0\u00bb.vc_custom_1614758888286{margin-bottom: 30px !important;}\u00a0\u00bb el_class=\u00a0\u00bbhome-video-title\u00a0\u00bb][vc_column_text css_animation=\u00a0\u00bbfadeInUp\u00a0\u00bb el_class=\u00a0\u00bbabout-linear-motor\u00a0\u00bb]<a href=\"https:\/\/www.cobotracks.com\/fr\/actualites-et-evenements\/que-sont-les-robots-collaboratifs\/\">Les robots collaboratifs<\/a> sont enti\u00e8rement con\u00e7us pour \u00eatre utilis\u00e9s en toute s\u00e9curit\u00e9 en pr\u00e9sence de personnes dans un environnement commun, au contraire des robots industriels qui fonctionnent de mani\u00e8re ind\u00e9pendante ou ne sont contr\u00f4lables que dans une certaine mesure. Cela s&rsquo;inscrit pleinement dans le cadre de l&rsquo;industrie\u00a04.0, o\u00f9 les dispositifs, les machines, les personnes et les donn\u00e9es se connectent et communiquent. En outre, les robots collaboratifs sont faciles \u00e0 programmer, ce qui permet donc de les utiliser de mani\u00e8re flexible.[\/vc_column_text][vc_btn title=\u00a0\u00bbEN SAVOIR PLUS\u00a0\u00bb style=\u00a0\u00bbcustom\u00a0\u00bb custom_background=\u00a0\u00bb#073c7c\u00a0\u00bb custom_text=\u00a0\u00bb#ffffff\u00a0\u00bb shape=\u00a0\u00bbsquare\u00a0\u00bb align=\u00a0\u00bbleft\u00a0\u00bb i_icon_fontawesome=\u00a0\u00bbfa fa-arrow-circle-right\u00a0\u00bb css_animation=\u00a0\u00bbfadeInUp\u00a0\u00bb add_icon=\u00a0\u00bbtrue\u00a0\u00bb el_class=\u00a0\u00bbbtn-custom\u00a0\u00bb css=\u00a0\u00bb.vc_custom_1629661671734{margin-top: 14px !important;}\u00a0\u00bb link=\u00a0\u00bburl:https%3A%2F%2Fwww.cobotracks.com%2Ffr%2Factualites-et-evenements%2Fque-sont-les-robots-collaboratifs%2F|title:WHAT%20IS%20A%20COBOT||\u00a0\u00bb][\/vc_column][\/vc_row][vc_section full_width=\u00a0\u00bbstretch_row\u00a0\u00bb css=\u00a0\u00bb.vc_custom_1570197080778{padding-top: 80px !important;padding-bottom: 60px !important;}\u00a0\u00bb][vc_row css=\u00a0\u00bb.vc_custom_1570195821292{margin-bottom: 20px !important;}\u00a0\u00bb][vc_column][vc_row_inner][vc_column_inner width=\u00a0\u00bb1\/2&Prime;][vc_custom_heading text=\u00a0\u00bbLINEAR MOTION KIT\u00a0\u00bb font_container=\u00a0\u00bbtag:h2|font_size:48|text_align:left|color:%23073c7c\u00a0\u00bb google_fonts=\u00a0\u00bbfont_family:Source%20Sans%20Pro%3A200%2C200italic%2C300%2C300italic%2Cregular%2Citalic%2C600%2C600italic%2C700%2C700italic%2C900%2C900italic|font_style:900%20bold%20regular%3A900%3Anormal\u00a0\u00bb css_animation=\u00a0\u00bbfadeInLeft\u00a0\u00bb el_class=\u00a0\u00bbhome-product-title\u00a0\u00bb][\/vc_column_inner][vc_column_inner width=\u00a0\u00bb1\/2&Prime;][vc_btn title=\u00a0\u00bbT\u00c9L\u00c9CHARGER LA BROCHURE LMK\u00a0\u00bb style=\u00a0\u00bbcustom\u00a0\u00bb custom_background=\u00a0\u00bb#073c7c\u00a0\u00bb custom_text=\u00a0\u00bb#ffffff\u00a0\u00bb shape=\u00a0\u00bbsquare\u00a0\u00bb align=\u00a0\u00bbright\u00a0\u00bb i_icon_fontawesome=\u00a0\u00bb\u00a0\u00bb css_animation=\u00a0\u00bbfadeInRight\u00a0\u00bb add_icon=\u00a0\u00bbtrue\u00a0\u00bb el_class=\u00a0\u00bbbrochur-download\u00a0\u00bb css=\u00a0\u00bb.vc_custom_1705649251494{margin-top: 14px !important;}\u00a0\u00bb link=\u00a0\u00bburl:%2Fwp-content%2Fuploads%2F2024%2F01%2F18012024_brochure_cobotracks_LMK.pdf|title:Download%20the%20Linear%20Motion%20Kit%20brochure|target:_blank\u00a0\u00bb][\/vc_column_inner][\/vc_row_inner][\/vc_column][\/vc_row][vc_row][vc_column][vc_single_image image=\u00a0\u00bb38&Prime; img_size=\u00a0\u00bbfull\u00a0\u00bb css_animation=\u00a0\u00bbfadeInUp\u00a0\u00bb css=\u00a0\u00bb.vc_custom_1608201784061{margin-bottom: 0px !important;}\u00a0\u00bb][vc_btn title=\u00a0\u00bbEN SAVOIR PLUS\u00a0\u00bb style=\u00a0\u00bbcustom\u00a0\u00bb custom_background=\u00a0\u00bb#073c7c\u00a0\u00bb custom_text=\u00a0\u00bb#ffffff\u00a0\u00bb shape=\u00a0\u00bbsquare\u00a0\u00bb align=\u00a0\u00bbcenter\u00a0\u00bb i_icon_fontawesome=\u00a0\u00bbfa fa-arrow-circle-right\u00a0\u00bb css_animation=\u00a0\u00bbfadeInUp\u00a0\u00bb button_block=\u00a0\u00bbtrue\u00a0\u00bb add_icon=\u00a0\u00bbtrue\u00a0\u00bb el_class=\u00a0\u00bbbtn-find-more\u00a0\u00bb link=\u00a0\u00bburl:https%3A%2F%2Fwww.cobotracks.com%2Ffr%2Flinear-motion-kit%2F|title:LINEAR%20MOTION%20KIT||\u00a0\u00bb][vc_column_text css_animation=\u00a0\u00bbfadeInUp\u00a0\u00bb el_class=\u00a0\u00bbhome-product-name\u00a0\u00bb]<\/p>\n<p style=\"text-align: center;\">UTILISATION DE PLUSIEURS MACHINES \/\/ SOUDAGE DE GRANDES PI\u00c8CES \/\/ PALETTISATION DE PLUSIEURS PALETTES<\/p>\n<p>[\/vc_column_text][\/vc_column][\/vc_row][vc_row css=\u00a0\u00bb.vc_custom_1570196501602{margin-top: 40px !important;}\u00a0\u00bb][vc_column width=\u00a0\u00bb1\/2&Prime;][\/vc_column][vc_column width=\u00a0\u00bb1\/2&Prime;][\/vc_column][\/vc_row][vc_row][vc_column][vc_custom_heading text=\u00a0\u00bbUNIVERSAL ROBOTS\u00a0\u00bb font_container=\u00a0\u00bbtag:h2|font_size:48|text_align:left|color:%23073c7c|line_height:0.7em\u00a0\u00bb google_fonts=\u00a0\u00bbfont_family:Source%20Sans%20Pro%3A200%2C200italic%2C300%2C300italic%2Cregular%2Citalic%2C600%2C600italic%2C700%2C700italic%2C900%2C900italic|font_style:900%20bold%20regular%3A900%3Anormal\u00a0\u00bb css_animation=\u00a0\u00bbfadeInUp\u00a0\u00bb css=\u00a0\u00bb.vc_custom_1572883364700{margin-bottom: 30px !important;}\u00a0\u00bb el_class=\u00a0\u00bbhome-video-title\u00a0\u00bb][vc_row_inner][vc_column_inner width=\u00a0\u00bb1\/2&Prime;][vc_column_text css_animation=\u00a0\u00bbfadeInUp\u00a0\u00bb el_class=\u00a0\u00bbabout-linear-motor\u00a0\u00bb]Universal Robots est le leader du march\u00e9, ainsi que le pionnier de la technologie de robot collaboratif. Gr\u00e2ce au programme UR+, UR propose diff\u00e9rents accessoires et applications suppl\u00e9mentaires. En savoir plus sur Universal Robots.[\/vc_column_text][vc_btn title=\u00a0\u00bbEN SAVOIR PLUS\u00a0\u00bb style=\u00a0\u00bbcustom\u00a0\u00bb custom_background=\u00a0\u00bb#073c7c\u00a0\u00bb custom_text=\u00a0\u00bb#ffffff\u00a0\u00bb shape=\u00a0\u00bbsquare\u00a0\u00bb align=\u00a0\u00bbleft\u00a0\u00bb i_icon_fontawesome=\u00a0\u00bbfa fa-arrow-circle-right\u00a0\u00bb css_animation=\u00a0\u00bbfadeInUp\u00a0\u00bb add_icon=\u00a0\u00bbtrue\u00a0\u00bb el_class=\u00a0\u00bbbtn-custom\u00a0\u00bb css=\u00a0\u00bb.vc_custom_1629661697889{margin-top: 14px !important;}\u00a0\u00bb link=\u00a0\u00bburl:https%3A%2F%2Fwww.cobotracks.com%2Ffr%2Factualites-et-evenements%2Funiversal-robots%2F|title:UNIVERSAL%20ROBOTS%2C%20MARKET%20LEADER%20FOR%20COBOTS||\u00a0\u00bb][\/vc_column_inner][vc_column_inner width=\u00a0\u00bb1\/2&Prime;][vc_column_text el_class=\u00a0\u00bbcertified-description\u00a0\u00bb]<\/p>\n<p style=\"text-align: center;\">En savoir plus sur <a href=\"https:\/\/www.universal-robots.com\/products\">les robots collaboratifs<\/a> d&rsquo;Universal Robots.<\/p>\n<p>[\/vc_column_text][vc_single_image image=\u00a0\u00bb3064&Prime; img_size=\u00a0\u00bb100&#215;100&Prime; alignment=\u00a0\u00bbcenter\u00a0\u00bb css=\u00a0\u00bb.vc_custom_1720773059980{margin-bottom: 6px !important;}\u00a0\u00bb][\/vc_column_inner][\/vc_row_inner][\/vc_column][\/vc_row][\/vc_section][vc_section full_width=\u00a0\u00bbstretch_row\u00a0\u00bb css=\u00a0\u00bb.vc_custom_1570198831754{padding-top: 80px !important;padding-bottom: 50px !important;background-color: #eeeeee !important;}\u00a0\u00bb][vc_row][vc_column offset=\u00a0\u00bbvc_col-lg-offset-0 vc_col-lg-7 vc_col-md-offset-0 vc_col-md-7 vc_col-sm-offset-0&Prime;][vc_single_image image=\u00a0\u00bb644&Prime; img_size=\u00a0\u00bbfull\u00a0\u00bb onclick=\u00a0\u00bbcustom_link\u00a0\u00bb link=\u00a0\u00bbhttps:\/\/www.cobotracks.com\/linear-motion-axis-for-all-cobots\/\u00a0\u00bb][\/vc_column][vc_column css_animation=\u00a0\u00bbnone\u00a0\u00bb offset=\u00a0\u00bbvc_col-lg-5 vc_col-md-5&Prime; el_class=\u00a0\u00bbvideo-right-desc\u00a0\u00bb][vc_custom_heading text=\u00a0\u00bbLINEAR MOTION AXIS\u00a0\u00bb font_container=\u00a0\u00bbtag:h2|font_size:48|text_align:left|color:%23073c7c|line_height:0.7em\u00a0\u00bb google_fonts=\u00a0\u00bbfont_family:Source%20Sans%20Pro%3A200%2C200italic%2C300%2C300italic%2Cregular%2Citalic%2C600%2C600italic%2C700%2C700italic%2C900%2C900italic|font_style:900%20bold%20regular%3A900%3Anormal\u00a0\u00bb css_animation=\u00a0\u00bbfadeInUp\u00a0\u00bb css=\u00a0\u00bb.vc_custom_1570275673403{margin-bottom: 30px !important;}\u00a0\u00bb el_class=\u00a0\u00bbhome-video-title\u00a0\u00bb][vc_column_text css_animation=\u00a0\u00bbfadeInUp\u00a0\u00bb el_class=\u00a0\u00bbabout-linear-motor\u00a0\u00bb]\u00c0 l&rsquo;instar des \u00ab Linear Motion Kits \u00bb qui sont compatibles avec les mod\u00e8les d&rsquo;Universal Robots, le \u00ab <a href=\"https:\/\/www.cobotracks.com\/fr\/linear-motion-axis\/\">Linear Motion Axis<\/a> \u00bb\u00a0permet de d\u00e9velopper la zone de travail des robots collaboratifs de toute marque. La longueur du Linear Motion Axis va jusqu&rsquo;\u00e0 50 m\u00e8tres, mais le dispositif peut \u00e9galement \u00eatre combin\u00e9 \u00e0 d&rsquo;autres LMA.[\/vc_column_text][vc_btn title=\u00a0\u00bbEN SAVOIR PLUS\u00a0\u00bb style=\u00a0\u00bbcustom\u00a0\u00bb custom_background=\u00a0\u00bb#073c7c\u00a0\u00bb custom_text=\u00a0\u00bb#ffffff\u00a0\u00bb shape=\u00a0\u00bbsquare\u00a0\u00bb align=\u00a0\u00bbleft\u00a0\u00bb i_icon_fontawesome=\u00a0\u00bbfa fa-arrow-circle-right\u00a0\u00bb css_animation=\u00a0\u00bbfadeInUp\u00a0\u00bb add_icon=\u00a0\u00bbtrue\u00a0\u00bb el_class=\u00a0\u00bbbtn-custom\u00a0\u00bb css=\u00a0\u00bb.vc_custom_1615376046979{margin-top: 14px !important;}\u00a0\u00bb link=\u00a0\u00bburl:https%3A%2F%2Fwww.cobotracks.com%2Ffr%2Flinear-motion-axis%2F|title:LINEAR%20MOTION%20AXIS||\u00a0\u00bb][\/vc_column][\/vc_row][\/vc_section]<\/p>\n<\/div>","protected":false},"excerpt":{"rendered":"<p>[vc_section full_width=\u00a0\u00bbstretch_row_content\u00a0\u00bb css=\u00a0\u00bb.vc_custom_1570275521145{margin-top: -4px !important;}\u00a0\u00bb][vc_row el_class=\u00a0\u00bbdesktop-video-slider\u00a0\u00bb][vc_column][vc_raw_html el_id=\u00a0\u00bbpage-scrolldown\u00a0\u00bb]JTNDZGl2JTIwY2xhc3MlM0QlMjJzY3JvbGxkb3duJTIyJTNFJTBBJTNDYSUyMGhyZWYlM0QlMjIlMjNhYm91dHVzJTIyJTNFJTNDaW1nJTIwc3JjJTNEJTIyaHR0cHMlM0ElMkYlMkZ3d3cuY29ib3RyYWNrcy5jb20lMkZ3cC1jb250ZW50JTJGdXBsb2FkcyUyRjIwMTklMkYxMSUyRnNjcm9sbC1kb3duLWFycm93LnBuZyUyMiUyRiUzRSUzQyUyRmElM0UlMEElM0MlMkZkaXYlM0U=[\/vc_raw_html][\/vc_column][\/vc_row][vc_row full_width=\u00a0\u00bbstretch_row_content_no_spaces\u00a0\u00bb el_class=\u00a0\u00bbmobile-image-slider\u00a0\u00bb][vc_column][\/vc_column][\/vc_row][\/vc_section][vc_section full_width=\u00a0\u00bbstretch_row\u00a0\u00bb css=\u00a0\u00bb.vc_custom_1573292347215{margin-top: -6px !important;padding-top: 80px !important;padding-bottom: 50px !important;background-color: #073c7c !important;}\u00a0\u00bb el_id=\u00a0\u00bbaboutus\u00a0\u00bb][vc_row][vc_column][vc_custom_heading text=\u00a0\u00bb\u00c0 PROPOS DE COBOTRACKS\u00a0\u00bb font_container=\u00a0\u00bbtag:h1|font_size:48|text_align:left|color:%23ffffff\u00a0\u00bb google_fonts=\u00a0\u00bbfont_family:Source%20Sans%20Pro%3A200%2C200italic%2C300%2C300italic%2Cregular%2Citalic%2C600%2C600italic%2C700%2C700italic%2C900%2C900italic|font_style:900%20bold%20regular%3A900%3Anormal\u00a0\u00bb css_animation=\u00a0\u00bbfadeInUp\u00a0\u00bb<\/p>\n","protected":false},"author":4,"featured_media":0,"parent":0,"menu_order":0,"comment_status":"closed","ping_status":"closed","template":"","meta":{"_acf_changed":false,"inline_featured_image":false,"footnotes":""},"class_list":["post-1550","page","type-page","status-publish","hentry"],"acf":[],"yoast_head":"<!-- This site is optimized with the Yoast SEO plugin v26.8 - https:\/\/yoast.com\/product\/yoast-seo-wordpress\/ -->\n<title>Cobotracks - Mouvements lin\u00e9aires 7\u00e8me axe pour Universal Robots<\/title>\n<meta name=\"description\" content=\"Cobotracks propose des solutions 7\u00e8me axe pour \u00e9tendre la port\u00e9e des cobots Universal Robots. D\u00e9couvrez plus ici !\" \/>\n<meta name=\"robots\" content=\"index, follow, max-snippet:-1, max-image-preview:large, max-video-preview:-1\" \/>\n<link rel=\"canonical\" href=\"https:\/\/www.cobotracks.com\/fr\/\" \/>\n<meta property=\"og:locale\" content=\"fr_FR\" \/>\n<meta property=\"og:type\" content=\"article\" \/>\n<meta property=\"og:title\" content=\"Cobotracks - Mouvements lin\u00e9aires 7\u00e8me axe pour Universal Robots\" \/>\n<meta property=\"og:description\" content=\"Cobotracks propose des solutions 7\u00e8me axe pour \u00e9tendre la port\u00e9e des cobots Universal Robots. D\u00e9couvrez plus ici !\" \/>\n<meta property=\"og:url\" content=\"https:\/\/www.cobotracks.com\/fr\/\" \/>\n<meta property=\"og:site_name\" content=\"Cobotracks\" \/>\n<meta property=\"article:modified_time\" content=\"2024-09-25T09:43:45+00:00\" \/>\n<meta name=\"twitter:card\" content=\"summary_large_image\" \/>\n<meta name=\"twitter:label1\" content=\"Dur\u00e9e de lecture estim\u00e9e\" \/>\n\t<meta name=\"twitter:data1\" content=\"3 minutes\" \/>\n<script type=\"application\/ld+json\" class=\"yoast-schema-graph\">{\"@context\":\"https:\/\/schema.org\",\"@graph\":[{\"@type\":\"WebPage\",\"@id\":\"https:\/\/www.cobotracks.com\/fr\/\",\"url\":\"https:\/\/www.cobotracks.com\/fr\/\",\"name\":\"Cobotracks - Mouvements lin\u00e9aires 7\u00e8me axe pour Universal Robots\",\"isPartOf\":{\"@id\":\"https:\/\/www.cobotracks.com\/fr\/#website\"},\"datePublished\":\"2021-03-10T09:20:17+00:00\",\"dateModified\":\"2024-09-25T09:43:45+00:00\",\"description\":\"Cobotracks propose des solutions 7\u00e8me axe pour \u00e9tendre la port\u00e9e des cobots Universal Robots. D\u00e9couvrez plus ici !\",\"breadcrumb\":{\"@id\":\"https:\/\/www.cobotracks.com\/fr\/#breadcrumb\"},\"inLanguage\":\"fr-FR\",\"potentialAction\":[{\"@type\":\"ReadAction\",\"target\":[\"https:\/\/www.cobotracks.com\/fr\/\"]}]},{\"@type\":\"BreadcrumbList\",\"@id\":\"https:\/\/www.cobotracks.com\/fr\/#breadcrumb\",\"itemListElement\":[{\"@type\":\"ListItem\",\"position\":1,\"name\":\"Home\",\"item\":\"https:\/\/www.cobotracks.com\/fr\/\"},{\"@type\":\"ListItem\",\"position\":2,\"name\":\"Page d&#8217;accueil\"}]},{\"@type\":\"WebSite\",\"@id\":\"https:\/\/www.cobotracks.com\/fr\/#website\",\"url\":\"https:\/\/www.cobotracks.com\/fr\/\",\"name\":\"Cobotracks\",\"description\":\"Extending reach\",\"potentialAction\":[{\"@type\":\"SearchAction\",\"target\":{\"@type\":\"EntryPoint\",\"urlTemplate\":\"https:\/\/www.cobotracks.com\/fr\/?s={search_term_string}\"},\"query-input\":{\"@type\":\"PropertyValueSpecification\",\"valueRequired\":true,\"valueName\":\"search_term_string\"}}],\"inLanguage\":\"fr-FR\"}]}<\/script>\n<!-- \/ Yoast SEO plugin. -->","yoast_head_json":{"title":"Cobotracks - Mouvements lin\u00e9aires 7\u00e8me axe pour Universal Robots","description":"Cobotracks propose des solutions 7\u00e8me axe pour \u00e9tendre la port\u00e9e des cobots Universal Robots. D\u00e9couvrez plus ici !","robots":{"index":"index","follow":"follow","max-snippet":"max-snippet:-1","max-image-preview":"max-image-preview:large","max-video-preview":"max-video-preview:-1"},"canonical":"https:\/\/www.cobotracks.com\/fr\/","og_locale":"fr_FR","og_type":"article","og_title":"Cobotracks - Mouvements lin\u00e9aires 7\u00e8me axe pour Universal Robots","og_description":"Cobotracks propose des solutions 7\u00e8me axe pour \u00e9tendre la port\u00e9e des cobots Universal Robots. D\u00e9couvrez plus ici !","og_url":"https:\/\/www.cobotracks.com\/fr\/","og_site_name":"Cobotracks","article_modified_time":"2024-09-25T09:43:45+00:00","twitter_card":"summary_large_image","twitter_misc":{"Dur\u00e9e de lecture estim\u00e9e":"3 minutes"},"schema":{"@context":"https:\/\/schema.org","@graph":[{"@type":"WebPage","@id":"https:\/\/www.cobotracks.com\/fr\/","url":"https:\/\/www.cobotracks.com\/fr\/","name":"Cobotracks - Mouvements lin\u00e9aires 7\u00e8me axe pour Universal Robots","isPartOf":{"@id":"https:\/\/www.cobotracks.com\/fr\/#website"},"datePublished":"2021-03-10T09:20:17+00:00","dateModified":"2024-09-25T09:43:45+00:00","description":"Cobotracks propose des solutions 7\u00e8me axe pour \u00e9tendre la port\u00e9e des cobots Universal Robots. D\u00e9couvrez plus ici !","breadcrumb":{"@id":"https:\/\/www.cobotracks.com\/fr\/#breadcrumb"},"inLanguage":"fr-FR","potentialAction":[{"@type":"ReadAction","target":["https:\/\/www.cobotracks.com\/fr\/"]}]},{"@type":"BreadcrumbList","@id":"https:\/\/www.cobotracks.com\/fr\/#breadcrumb","itemListElement":[{"@type":"ListItem","position":1,"name":"Home","item":"https:\/\/www.cobotracks.com\/fr\/"},{"@type":"ListItem","position":2,"name":"Page d&#8217;accueil"}]},{"@type":"WebSite","@id":"https:\/\/www.cobotracks.com\/fr\/#website","url":"https:\/\/www.cobotracks.com\/fr\/","name":"Cobotracks","description":"Extending reach","potentialAction":[{"@type":"SearchAction","target":{"@type":"EntryPoint","urlTemplate":"https:\/\/www.cobotracks.com\/fr\/?s={search_term_string}"},"query-input":{"@type":"PropertyValueSpecification","valueRequired":true,"valueName":"search_term_string"}}],"inLanguage":"fr-FR"}]}},"_links":{"self":[{"href":"https:\/\/www.cobotracks.com\/fr\/wp-json\/wp\/v2\/pages\/1550","targetHints":{"allow":["GET"]}}],"collection":[{"href":"https:\/\/www.cobotracks.com\/fr\/wp-json\/wp\/v2\/pages"}],"about":[{"href":"https:\/\/www.cobotracks.com\/fr\/wp-json\/wp\/v2\/types\/page"}],"author":[{"embeddable":true,"href":"https:\/\/www.cobotracks.com\/fr\/wp-json\/wp\/v2\/users\/4"}],"replies":[{"embeddable":true,"href":"https:\/\/www.cobotracks.com\/fr\/wp-json\/wp\/v2\/comments?post=1550"}],"version-history":[{"count":5,"href":"https:\/\/www.cobotracks.com\/fr\/wp-json\/wp\/v2\/pages\/1550\/revisions"}],"predecessor-version":[{"id":3069,"href":"https:\/\/www.cobotracks.com\/fr\/wp-json\/wp\/v2\/pages\/1550\/revisions\/3069"}],"wp:attachment":[{"href":"https:\/\/www.cobotracks.com\/fr\/wp-json\/wp\/v2\/media?parent=1550"}],"curies":[{"name":"wp","href":"https:\/\/api.w.org\/{rel}","templated":true}]}}