{"id":1564,"date":"2021-03-10T09:57:30","date_gmt":"2021-03-10T08:57:30","guid":{"rendered":"https:\/\/www.cobotracks.com\/?page_id=1564"},"modified":"2024-09-25T11:41:54","modified_gmt":"2024-09-25T09:41:54","slug":"lmk16-s-bs","status":"publish","type":"page","link":"https:\/\/www.cobotracks.com\/fr\/linear-motion-kit\/lmk16-s-bs\/","title":{"rendered":"LMK16-S-BS"},"content":{"rendered":"<div class=\"wpb-content-wrapper\"><p>[vc_section full_width=\u00a0\u00bbstretch_row_content\u00a0\u00bb][vc_row full_width=\u00a0\u00bbstretch_row_content_no_spaces\u00a0\u00bb][vc_column][vc_single_image image=\u00a0\u00bb211&Prime; img_size=\u00a0\u00bbfull\u00a0\u00bb css_animation=\u00a0\u00bbfadeInUp\u00a0\u00bb css=\u00a0\u00bb.vc_custom_1570529942076{margin-bottom: 0px !important;}\u00a0\u00bb][\/vc_column][\/vc_row][\/vc_section][vc_section full_width=\u00a0\u00bbstretch_row\u00a0\u00bb css=\u00a0\u00bb.vc_custom_1570529781254{padding-top: 80px !important;padding-bottom: 80px !important;background-color: #073c7c !important;}\u00a0\u00bb][vc_row][vc_column][vc_column_text css_animation=\u00a0\u00bbfadeInUp\u00a0\u00bb el_class=\u00a0\u00bbproduct-breadcrumbs\u00a0\u00bb]<div class=\"custom-breadcrumbs\"><span property=\"itemListElement\" typeof=\"ListItem\"><a property=\"item\" typeof=\"WebPage\" title=\"Go to Cobotracks.\" href=\"https:\/\/www.cobotracks.com\/fr\/\" class=\"home\" ><span property=\"name\">Home<\/span><\/a><meta property=\"position\" content=\"1\"><\/span> \/\/ <span property=\"itemListElement\" typeof=\"ListItem\"><a property=\"item\" typeof=\"WebPage\" title=\"Go to Actualit\u00e9s et \u00e9v\u00e9nements.\" href=\"https:\/\/www.cobotracks.com\/fr\/actualites-et-evenements\/\" class=\"post-root post post-post\" aria-current=\"page\"><span property=\"name\">Actualit\u00e9s et \u00e9v\u00e9nements<\/span><\/a><meta property=\"position\" content=\"2\"><\/span><\/div>[\/vc_column_text][\/vc_column][\/vc_row][vc_row][vc_column][vc_custom_heading text=\u00a0\u00bbLinear Motion Kit LMK16-S-BS pour le mod\u00e8le UR16 d&rsquo;Universal Robots\u00a0\u00bb font_container=\u00a0\u00bbtag:h1|font_size:48|text_align:left|color:%23ffffff\u00a0\u00bb google_fonts=\u00a0\u00bbfont_family:Source%20Sans%20Pro%3A200%2C200italic%2C300%2C300italic%2Cregular%2Citalic%2C600%2C600italic%2C700%2C700italic%2C900%2C900italic|font_style:900%20bold%20regular%3A900%3Anormal\u00a0\u00bb css_animation=\u00a0\u00bbfadeInUp\u00a0\u00bb el_class=\u00a0\u00bbtitle-blue\u00a0\u00bb css=\u00a0\u00bb.vc_custom_1619020048181{margin-bottom: 20px !important;}\u00a0\u00bb][vc_column_text css_animation=\u00a0\u00bbfadeInUp\u00a0\u00bb el_class=\u00a0\u00bbproduct-description\u00a0\u00bb]Le mod\u00e8le <span style=\"color: #ffffff;\"><a style=\"color: #ffffff;\" href=\"https:\/\/www.universal-robots.com\/fr\/produits\/robot-ur16e\/\" target=\"_blank\" rel=\"noopener\">UR16e<\/a><\/span> d&rsquo;Universal Robots propose une capacit\u00e9 de charge impressionnante de 16\u00a0kg (36,3\u00a0livres) et un faible encombrement\u00a0; il est id\u00e9al pour le chargement de machines lourdes, la manutention et les mouvements \u00e0 vis et \u00e0 \u00e9crou. Ce robot puissant peut manier des outils lourds \u00e0 l&rsquo;extr\u00e9mit\u00e9 de son bras, ainsi que plusieurs pi\u00e8ces\u00a0; il est particuli\u00e8rement efficace pour r\u00e9duire les temps de cycle.<\/p>\n<p>Notre \u00ab <span style=\"color: #ffffff;\"><a style=\"color: #ffffff;\" href=\"https:\/\/www.cobotracks.com\/fr\/linear-motion-kit\/\">Linear Motion Kit<\/a><\/span> \u00bb ou \u00ab LMK16-S-BS \u00bb est la toute derni\u00e8re piste lin\u00e9aire qui augmente la port\u00e9e du robot collaboratif UR16e jusqu&rsquo;\u00e0 50 m\u00e8tres au maximum. Cobotracks garantit une solution simple et pr\u00eate \u00e0 l&#8217;emploi gr\u00e2ce \u00e0 son logiciel UR unique.<\/p>\n<p>En savoir plus sur le LMK16-S-BS.[\/vc_column_text][vc_btn title=\u00a0\u00bbT\u00c9L\u00c9CHARGER LA BROCHURE LMK\u00a0\u00bb style=\u00a0\u00bbcustom\u00a0\u00bb custom_background=\u00a0\u00bb#ffffff\u00a0\u00bb custom_text=\u00a0\u00bb#073c7c\u00a0\u00bb shape=\u00a0\u00bbsquare\u00a0\u00bb i_icon_fontawesome=\u00a0\u00bb\u00a0\u00bb css_animation=\u00a0\u00bbfadeInUp\u00a0\u00bb add_icon=\u00a0\u00bbtrue\u00a0\u00bb link=\u00a0\u00bburl:%2Fwp-content%2Fuploads%2F2024%2F01%2F18012024_brochure_cobotracks_LMK.pdf|title:Download%20the%20Linear%20Motion%20Kit%20brochure|target:_blank\u00a0\u00bb el_class=\u00a0\u00bbbtn-download-product-brochure\u00a0\u00bb][\/vc_column][\/vc_row][\/vc_section][vc_section css=\u00a0\u00bb.vc_custom_1573123955325{margin-bottom: 80px !important;}\u00a0\u00bb][vc_row][vc_column][vc_column_text css_animation=\u00a0\u00bbfadeInUp\u00a0\u00bb css=\u00a0\u00bb.vc_custom_1619620717242{margin-bottom: 0px !important;}\u00a0\u00bb el_class=\u00a0\u00bbproduct-table-info\u00a0\u00bb]<\/p>\n<table style=\"border-collapse: collapse; width: 100%; height: 216px;\">\n<tbody>\n<tr style=\"height: 24px;\">\n<td style=\"width: 66.4875%; height: 24px;\">\n<h5>TYPE DE ROBOT<\/h5>\n<\/td>\n<td style=\"width: 33.5125%; height: 24px; text-align: center;\">UR16<em>e<\/em><\/td>\n<\/tr>\n<tr style=\"height: 48px;\">\n<td style=\"width: 66.4875%; height: 48px;\">\n<h5>COURSE MAX. [mm]<\/h5>\n<\/td>\n<td style=\"width: 33.5125%; height: 48px; text-align: center;\">2.500<\/td>\n<\/tr>\n<tr style=\"height: 24px;\">\n<td style=\"width: 66.4875%; height: 24px;\">\n<h5>COURSE MAX. [mm\/sec]<\/h5>\n<\/td>\n<td style=\"width: 33.5125%; height: 24px; text-align: center;\">250<\/td>\n<\/tr>\n<tr style=\"height: 24px;\">\n<td style=\"width: 66.4875%; height: 24px;\">\n<h5>CYCLE D&rsquo;UTILISATION [mm]<\/h5>\n<\/td>\n<td style=\"width: 33.5125%; height: 24px; text-align: center;\">100<\/td>\n<\/tr>\n<tr style=\"height: 24px;\">\n<td style=\"width: 66.4875%; height: 24px;\">\n<h5>R\u00c9P\u00c9TABILIT\u00c9 [mm]<\/h5>\n<\/td>\n<td style=\"width: 33.5125%; height: 24px; text-align: center;\">0.05<\/td>\n<\/tr>\n<tr style=\"height: 24px;\">\n<td style=\"width: 66.4875%; height: 24px;\">\n<h5>TEMP\u00c9RATURE AMBIANTE [\u00b0C]<\/h5>\n<\/td>\n<td style=\"width: 33.5125%; height: 24px; text-align: center;\">-10 \u00b0C \u00e0 60\u00b0C<\/td>\n<\/tr>\n<tr style=\"height: 24px;\">\n<td style=\"width: 66.4875%; height: 24px;\">\n<h5>TENSION D&rsquo;ENTR\u00c9E<\/h5>\n<\/td>\n<td style=\"width: 33.5125%; height: 24px; text-align: center;\">380 V<\/td>\n<\/tr>\n<tr style=\"height: 24px;\">\n<td style=\"width: 66.4875%; height: 24px;\">\n<h5>POIDS DE BASE<\/h5>\n<\/td>\n<td style=\"width: 33.5125%; height: 24px; text-align: center;\">61 kg<\/td>\n<\/tr>\n<tr style=\"height: 24px;\">\n<td style=\"width: 66.4875%; height: 24px;\">\n<h5>POIDS PAR TIGE DE 100mm<\/h5>\n<\/td>\n<td style=\"width: 33.5125%; height: 24px; text-align: center;\">9.1 kg<\/td>\n<\/tr>\n<\/tbody>\n<\/table>\n<p>[\/vc_column_text][\/vc_column][\/vc_row][vc_row content_placement=\u00a0\u00bbbottom\u00a0\u00bb disable_element=\u00a0\u00bbyes\u00a0\u00bb css=\u00a0\u00bb.vc_custom_1573124069711{margin-bottom: 80px !important;}\u00a0\u00bb][vc_column width=\u00a0\u00bb1\/2&Prime; offset=\u00a0\u00bbvc_col-lg-5 vc_col-md-5&Prime;][vc_btn title=\u00a0\u00bbDOWNLOAD ALL TECHNICAL DETAILS\u00a0\u00bb style=\u00a0\u00bbcustom\u00a0\u00bb custom_background=\u00a0\u00bb#073c7c\u00a0\u00bb custom_text=\u00a0\u00bb#ffffff\u00a0\u00bb shape=\u00a0\u00bbsquare\u00a0\u00bb i_icon_fontawesome=\u00a0\u00bbfa fa-newspaper-o\u00a0\u00bb css_animation=\u00a0\u00bbfadeInLeft\u00a0\u00bb add_icon=\u00a0\u00bbtrue\u00a0\u00bb link=\u00a0\u00bburl:https%3A%2F%2Fwww.cobotracks.com%2Fwp-content%2Fuploads%2F2019%2F11%2F29102019_brochure_cobotracks_web.pdf|title:DOWNLOAD%20ALL%20TECHNICAL%20DETAILS|target:%20_blank|\u00a0\u00bb el_class=\u00a0\u00bbbrochur-download\u00a0\u00bb css=\u00a0\u00bb.vc_custom_1572953816665{margin-bottom: 0px !important;}\u00a0\u00bb][\/vc_column][vc_column width=\u00a0\u00bb1\/2&Prime; offset=\u00a0\u00bbvc_col-lg-7 vc_col-md-7&Prime;][vc_single_image image=\u00a0\u00bb47&Prime; img_size=\u00a0\u00bbfull\u00a0\u00bb css_animation=\u00a0\u00bbfadeInRight\u00a0\u00bb el_class=\u00a0\u00bbproduct-certificate-image\u00a0\u00bb css=\u00a0\u00bb.vc_custom_1570626197521{margin-bottom: 0px !important;}\u00a0\u00bb][\/vc_column][\/vc_row][vc_row content_placement=\u00a0\u00bbbottom\u00a0\u00bb css=\u00a0\u00bb.vc_custom_1573201567600{margin-top: 50px !important;margin-bottom: 80px !important;}\u00a0\u00bb][vc_column width=\u00a0\u00bb1\/2&Prime; offset=\u00a0\u00bbvc_col-lg-7 vc_col-md-7&Prime;][vc_single_image image=\u00a0\u00bb3064&Prime; img_size=\u00a0\u00bb150&#215;150&Prime; onclick=\u00a0\u00bbcustom_link\u00a0\u00bb img_link_target=\u00a0\u00bb_blank\u00a0\u00bb css_animation=\u00a0\u00bbfadeInRight\u00a0\u00bb el_class=\u00a0\u00bbproduct-certificate-image\u00a0\u00bb css=\u00a0\u00bb.vc_custom_1720775439923{margin-bottom: 0px !important;}\u00a0\u00bb link=\u00a0\u00bbhttps:\/\/www.universal-robots.com\/products\/\u00a0\u00bb][\/vc_column][\/vc_row][vc_row][vc_column][vc_single_image image=\u00a0\u00bb1881&Prime; img_size=\u00a0\u00bbfull\u00a0\u00bb onclick=\u00a0\u00bblink_image\u00a0\u00bb css_animation=\u00a0\u00bbfadeInUp\u00a0\u00bb][\/vc_column][\/vc_row][\/vc_section]<\/p>\n<\/div>","protected":false},"excerpt":{"rendered":"<p>Augmentez la port\u00e9e de votre robot Universal Robots UR16 en ajoutant notre kit de mouvement lin\u00e9aire LMK16-BS. Nous proposons des solutions 7\u00e8me axe pour augmenter la fonctionnalit\u00e9.<\/p>\n","protected":false},"author":4,"featured_media":0,"parent":1555,"menu_order":0,"comment_status":"closed","ping_status":"closed","template":"","meta":{"_acf_changed":false,"inline_featured_image":false,"footnotes":""},"class_list":["post-1564","page","type-page","status-publish","hentry"],"acf":[],"yoast_head":"<!-- This site is optimized with the Yoast SEO plugin v26.8 - https:\/\/yoast.com\/product\/yoast-seo-wordpress\/ -->\n<title>LMK16-S-BS - 7\u00e8me axe pour les Universal Robots UR16 - Cobotracks<\/title>\n<meta name=\"description\" content=\"Augmentez la port\u00e9e de votre robot Universal Robots UR16 en ajoutant notre kit de mouvement lin\u00e9aire LMK16-S-BS. D\u00e9couvrir plus!\" \/>\n<meta name=\"robots\" content=\"index, follow, max-snippet:-1, max-image-preview:large, max-video-preview:-1\" \/>\n<link rel=\"canonical\" href=\"https:\/\/www.cobotracks.com\/fr\/linear-motion-kit\/lmk16-s-bs\/\" \/>\n<meta property=\"og:locale\" content=\"fr_FR\" \/>\n<meta property=\"og:type\" content=\"article\" \/>\n<meta property=\"og:title\" content=\"LMK16-S-BS - 7\u00e8me axe pour les Universal Robots UR16 - Cobotracks\" \/>\n<meta property=\"og:description\" content=\"Augmentez la port\u00e9e de votre robot Universal Robots UR16 en ajoutant notre kit de mouvement lin\u00e9aire LMK16-S-BS. D\u00e9couvrir plus!\" \/>\n<meta property=\"og:url\" content=\"https:\/\/www.cobotracks.com\/fr\/linear-motion-kit\/lmk16-s-bs\/\" \/>\n<meta property=\"og:site_name\" content=\"Cobotracks\" \/>\n<meta property=\"article:modified_time\" content=\"2024-09-25T09:41:54+00:00\" \/>\n<meta name=\"twitter:card\" content=\"summary_large_image\" \/>\n<meta name=\"twitter:label1\" content=\"Dur\u00e9e de lecture estim\u00e9e\" \/>\n\t<meta name=\"twitter:data1\" content=\"2 minutes\" \/>\n<script type=\"application\/ld+json\" class=\"yoast-schema-graph\">{\"@context\":\"https:\/\/schema.org\",\"@graph\":[{\"@type\":\"WebPage\",\"@id\":\"https:\/\/www.cobotracks.com\/fr\/linear-motion-kit\/lmk16-s-bs\/\",\"url\":\"https:\/\/www.cobotracks.com\/fr\/linear-motion-kit\/lmk16-s-bs\/\",\"name\":\"LMK16-S-BS - 7\u00e8me axe pour les Universal Robots UR16 - Cobotracks\",\"isPartOf\":{\"@id\":\"https:\/\/www.cobotracks.com\/fr\/#website\"},\"datePublished\":\"2021-03-10T08:57:30+00:00\",\"dateModified\":\"2024-09-25T09:41:54+00:00\",\"description\":\"Augmentez la port\u00e9e de votre robot Universal Robots UR16 en ajoutant notre kit de mouvement lin\u00e9aire LMK16-S-BS. D\u00e9couvrir plus!\",\"breadcrumb\":{\"@id\":\"https:\/\/www.cobotracks.com\/fr\/linear-motion-kit\/lmk16-s-bs\/#breadcrumb\"},\"inLanguage\":\"fr-FR\",\"potentialAction\":[{\"@type\":\"ReadAction\",\"target\":[\"https:\/\/www.cobotracks.com\/fr\/linear-motion-kit\/lmk16-s-bs\/\"]}]},{\"@type\":\"BreadcrumbList\",\"@id\":\"https:\/\/www.cobotracks.com\/fr\/linear-motion-kit\/lmk16-s-bs\/#breadcrumb\",\"itemListElement\":[{\"@type\":\"ListItem\",\"position\":1,\"name\":\"Home\",\"item\":\"https:\/\/www.cobotracks.com\/fr\/\"},{\"@type\":\"ListItem\",\"position\":2,\"name\":\"Linear Motion Kit\",\"item\":\"https:\/\/www.cobotracks.com\/fr\/linear-motion-kit\/\"},{\"@type\":\"ListItem\",\"position\":3,\"name\":\"LMK16-S-BS\"}]},{\"@type\":\"WebSite\",\"@id\":\"https:\/\/www.cobotracks.com\/fr\/#website\",\"url\":\"https:\/\/www.cobotracks.com\/fr\/\",\"name\":\"Cobotracks\",\"description\":\"Extending reach\",\"potentialAction\":[{\"@type\":\"SearchAction\",\"target\":{\"@type\":\"EntryPoint\",\"urlTemplate\":\"https:\/\/www.cobotracks.com\/fr\/?s={search_term_string}\"},\"query-input\":{\"@type\":\"PropertyValueSpecification\",\"valueRequired\":true,\"valueName\":\"search_term_string\"}}],\"inLanguage\":\"fr-FR\"}]}<\/script>\n<!-- \/ Yoast SEO plugin. -->","yoast_head_json":{"title":"LMK16-S-BS - 7\u00e8me axe pour les Universal Robots UR16 - Cobotracks","description":"Augmentez la port\u00e9e de votre robot Universal Robots UR16 en ajoutant notre kit de mouvement lin\u00e9aire LMK16-S-BS. D\u00e9couvrir plus!","robots":{"index":"index","follow":"follow","max-snippet":"max-snippet:-1","max-image-preview":"max-image-preview:large","max-video-preview":"max-video-preview:-1"},"canonical":"https:\/\/www.cobotracks.com\/fr\/linear-motion-kit\/lmk16-s-bs\/","og_locale":"fr_FR","og_type":"article","og_title":"LMK16-S-BS - 7\u00e8me axe pour les Universal Robots UR16 - Cobotracks","og_description":"Augmentez la port\u00e9e de votre robot Universal Robots UR16 en ajoutant notre kit de mouvement lin\u00e9aire LMK16-S-BS. D\u00e9couvrir plus!","og_url":"https:\/\/www.cobotracks.com\/fr\/linear-motion-kit\/lmk16-s-bs\/","og_site_name":"Cobotracks","article_modified_time":"2024-09-25T09:41:54+00:00","twitter_card":"summary_large_image","twitter_misc":{"Dur\u00e9e de lecture estim\u00e9e":"2 minutes"},"schema":{"@context":"https:\/\/schema.org","@graph":[{"@type":"WebPage","@id":"https:\/\/www.cobotracks.com\/fr\/linear-motion-kit\/lmk16-s-bs\/","url":"https:\/\/www.cobotracks.com\/fr\/linear-motion-kit\/lmk16-s-bs\/","name":"LMK16-S-BS - 7\u00e8me axe pour les Universal Robots UR16 - Cobotracks","isPartOf":{"@id":"https:\/\/www.cobotracks.com\/fr\/#website"},"datePublished":"2021-03-10T08:57:30+00:00","dateModified":"2024-09-25T09:41:54+00:00","description":"Augmentez la port\u00e9e de votre robot Universal Robots UR16 en ajoutant notre kit de mouvement lin\u00e9aire LMK16-S-BS. D\u00e9couvrir plus!","breadcrumb":{"@id":"https:\/\/www.cobotracks.com\/fr\/linear-motion-kit\/lmk16-s-bs\/#breadcrumb"},"inLanguage":"fr-FR","potentialAction":[{"@type":"ReadAction","target":["https:\/\/www.cobotracks.com\/fr\/linear-motion-kit\/lmk16-s-bs\/"]}]},{"@type":"BreadcrumbList","@id":"https:\/\/www.cobotracks.com\/fr\/linear-motion-kit\/lmk16-s-bs\/#breadcrumb","itemListElement":[{"@type":"ListItem","position":1,"name":"Home","item":"https:\/\/www.cobotracks.com\/fr\/"},{"@type":"ListItem","position":2,"name":"Linear Motion Kit","item":"https:\/\/www.cobotracks.com\/fr\/linear-motion-kit\/"},{"@type":"ListItem","position":3,"name":"LMK16-S-BS"}]},{"@type":"WebSite","@id":"https:\/\/www.cobotracks.com\/fr\/#website","url":"https:\/\/www.cobotracks.com\/fr\/","name":"Cobotracks","description":"Extending reach","potentialAction":[{"@type":"SearchAction","target":{"@type":"EntryPoint","urlTemplate":"https:\/\/www.cobotracks.com\/fr\/?s={search_term_string}"},"query-input":{"@type":"PropertyValueSpecification","valueRequired":true,"valueName":"search_term_string"}}],"inLanguage":"fr-FR"}]}},"_links":{"self":[{"href":"https:\/\/www.cobotracks.com\/fr\/wp-json\/wp\/v2\/pages\/1564","targetHints":{"allow":["GET"]}}],"collection":[{"href":"https:\/\/www.cobotracks.com\/fr\/wp-json\/wp\/v2\/pages"}],"about":[{"href":"https:\/\/www.cobotracks.com\/fr\/wp-json\/wp\/v2\/types\/page"}],"author":[{"embeddable":true,"href":"https:\/\/www.cobotracks.com\/fr\/wp-json\/wp\/v2\/users\/4"}],"replies":[{"embeddable":true,"href":"https:\/\/www.cobotracks.com\/fr\/wp-json\/wp\/v2\/comments?post=1564"}],"version-history":[{"count":5,"href":"https:\/\/www.cobotracks.com\/fr\/wp-json\/wp\/v2\/pages\/1564\/revisions"}],"predecessor-version":[{"id":3268,"href":"https:\/\/www.cobotracks.com\/fr\/wp-json\/wp\/v2\/pages\/1564\/revisions\/3268"}],"up":[{"embeddable":true,"href":"https:\/\/www.cobotracks.com\/fr\/wp-json\/wp\/v2\/pages\/1555"}],"wp:attachment":[{"href":"https:\/\/www.cobotracks.com\/fr\/wp-json\/wp\/v2\/media?parent=1564"}],"curies":[{"name":"wp","href":"https:\/\/api.w.org\/{rel}","templated":true}]}}