{"id":2706,"date":"2022-11-25T14:26:26","date_gmt":"2022-11-25T13:26:26","guid":{"rendered":"https:\/\/www.cobotracks.com\/?page_id=2706"},"modified":"2025-07-17T13:33:37","modified_gmt":"2025-07-17T11:33:37","slug":"linear-motion-crx","status":"publish","type":"page","link":"https:\/\/www.cobotracks.com\/fr\/linear-motion-crx\/","title":{"rendered":"Linear Motion CRX"},"content":{"rendered":"<div class=\"wpb-content-wrapper\"><p>[vc_section css=\u00a0\u00bb.vc_custom_1570535111374{padding-top: 30px !important;padding-bottom: 40px !important;}\u00a0\u00bb][vc_row][vc_column][vc_column_text css_animation=\u00a0\u00bbfadeInLeft\u00a0\u00bb]<div class=\"custom-breadcrumbs\"><span property=\"itemListElement\" typeof=\"ListItem\"><a property=\"item\" typeof=\"WebPage\" title=\"Go to Cobotracks.\" href=\"https:\/\/www.cobotracks.com\/fr\/\" class=\"home\" ><span property=\"name\">Home<\/span><\/a><meta property=\"position\" content=\"1\"><\/span> \/\/ <span property=\"itemListElement\" typeof=\"ListItem\"><a property=\"item\" typeof=\"WebPage\" title=\"Go to Actualit\u00e9s et \u00e9v\u00e9nements.\" href=\"https:\/\/www.cobotracks.com\/fr\/actualites-et-evenements\/\" class=\"post-root post post-post\" aria-current=\"page\"><span property=\"name\">Actualit\u00e9s et \u00e9v\u00e9nements<\/span><\/a><meta property=\"position\" content=\"2\"><\/span><\/div>[\/vc_column_text][\/vc_column][\/vc_row][vc_row css=\u00a0\u00bb.vc_custom_1570280112642{margin-bottom: 0px !important;}\u00a0\u00bb][vc_column][vc_custom_heading text=\u00a0\u00bbLM CRX &#8211; LINEAR MOTION CRX POUR LES MOD\u00c8LES FANUC\u00a0\u00bb font_container=\u00a0\u00bbtag:h1|font_size:48|text_align:left|color:%23073c7c\u00a0\u00bb google_fonts=\u00a0\u00bbfont_family:Source%20Sans%20Pro%3A200%2C200italic%2C300%2C300italic%2Cregular%2Citalic%2C600%2C600italic%2C700%2C700italic%2C900%2C900italic|font_style:900%20bold%20regular%3A900%3Anormal\u00a0\u00bb css_animation=\u00a0\u00bbfadeInUp\u00a0\u00bb css=\u00a0\u00bb.vc_custom_1669382657526{margin-bottom: 20px !important;}\u00a0\u00bb el_class=\u00a0\u00bbpage-about-title\u00a0\u00bb][vc_column_text css_animation=\u00a0\u00bbfadeInUp\u00a0\u00bb css=\u00a0\u00bb\u00a0\u00bb el_class=\u00a0\u00bbpage-about-desc\u00a0\u00bb]Cobotracks a d\u00e9velopp\u00e9 le \u00ab Linear Motion CRX \u00bb pour les mod\u00e8les <a href=\"https:\/\/www.fanuc.eu\/eu-en\/fanuc-collaborative-robots\" target=\"_blank\" rel=\"noopener\">FANUC<\/a>. Lorsque la port\u00e9e de votre robot FANUC est insuffisante, vous pouvez l&rsquo;augmenter gr\u00e2ce \u00e0 notre \u00ab Linear Motion CRX \u00bb (LM CRX). Cette solution permet aux robots collaboratifs de FANUC de se d\u00e9placer le long d&rsquo;une piste lin\u00e9aire et d&rsquo;\u00eatre contr\u00f4l\u00e9s simultan\u00e9ment depuis le contr\u00f4leur du robot gr\u00e2ce au logiciel Cobotracks.<\/p>\n<p>Cobotracks propose une gamme standard pour tous les robots FANUC, ainsi que des solutions personnalis\u00e9es en fonction de votre application.[\/vc_column_text][vc_btn title=\u00a0\u00bbT\u00c9L\u00c9CHARGER LA BROCHURE LM CRX\u00a0\u00bb style=\u00a0\u00bbcustom\u00a0\u00bb custom_background=\u00a0\u00bb#073c7c\u00a0\u00bb custom_text=\u00a0\u00bb#ffffff\u00a0\u00bb shape=\u00a0\u00bbsquare\u00a0\u00bb align=\u00a0\u00bbleft\u00a0\u00bb i_icon_fontawesome=\u00a0\u00bbfas fa-angle-double-right\u00a0\u00bb css_animation=\u00a0\u00bbfadeInRight\u00a0\u00bb add_icon=\u00a0\u00bbtrue\u00a0\u00bb el_class=\u00a0\u00bbbrochur-download\u00a0\u00bb link=\u00a0\u00bburl:https%3A%2F%2Fwww.cobotracks.com%2Fwp-content%2Fuploads%2F2022%2F11%2FCobotracks-LM-CRX-Spreads.pdf|title:Download%20the%20Linear%20Motion%20CRX%20brochure|target:_blank\u00a0\u00bb][\/vc_column][\/vc_row][vc_row css=\u00a0\u00bb.vc_custom_1570535644687{margin-top: 30px !important;}\u00a0\u00bb][vc_column width=\u00a0\u00bb1\/3&Prime;][vc_single_image image=\u00a0\u00bb2727&Prime; img_size=\u00a0\u00bbfull\u00a0\u00bb onclick=\u00a0\u00bblink_image\u00a0\u00bb css_animation=\u00a0\u00bbfadeInUp\u00a0\u00bb css=\u00a0\u00bb.vc_custom_1669382737442{margin-bottom: 0px !important;}\u00a0\u00bb][\/vc_column][vc_column width=\u00a0\u00bb1\/3&Prime;][vc_single_image image=\u00a0\u00bb2710&Prime; img_size=\u00a0\u00bbfull\u00a0\u00bb onclick=\u00a0\u00bblink_image\u00a0\u00bb css_animation=\u00a0\u00bbfadeInUp\u00a0\u00bb css=\u00a0\u00bb.vc_custom_1669382744591{margin-bottom: 0px !important;}\u00a0\u00bb][\/vc_column][vc_column width=\u00a0\u00bb1\/3&Prime;][\/vc_column][\/vc_row][\/vc_section][vc_section full_width=\u00a0\u00bbstretch_row\u00a0\u00bb css=\u00a0\u00bb.vc_custom_1570280557090{padding-top: 20px !important;padding-bottom: 20px !important;background-color: #eeeeee !important;}\u00a0\u00bb][vc_row][vc_column][vc_column_text css=\u00a0\u00bb.vc_custom_1615373617040{margin-bottom: 0px !important;}\u00a0\u00bb el_class=\u00a0\u00bbpage-footer-tagline-info\u00a0\u00bb]<\/p>\n<p style=\"text-align: center;\">VOUS SOUHAITEZ AUGMENTER VOTRE PORT\u00c9E? <a href=\"https:\/\/www.cobotracks.com\/fr\/contact\/\">RENCONTRONS-NOUS<\/a>!<\/p>\n<p>[\/vc_column_text][\/vc_column][\/vc_row][\/vc_section]<\/p>\n<\/div>","protected":false},"excerpt":{"rendered":"<p>\u00c9tendez la port\u00e9e de votre cobot Techman Robots en ajoutant notre Linear Motion Plug &#038; Play. Nous proposons des solutions 7\u00e8me axe pour augmenter la fonctionnalit\u00e9.<\/p>\n","protected":false},"author":4,"featured_media":0,"parent":0,"menu_order":0,"comment_status":"closed","ping_status":"closed","template":"","meta":{"_acf_changed":false,"inline_featured_image":false,"footnotes":""},"class_list":["post-2706","page","type-page","status-publish","hentry"],"acf":[],"yoast_head":"<!-- This site is optimized with the Yoast SEO plugin v26.8 - https:\/\/yoast.com\/product\/yoast-seo-wordpress\/ -->\n<title>Linear Motion CRX pour FANUC Robots - D\u00e9couvrez Cobotracks<\/title>\n<meta name=\"description\" content=\"\u00c9tendez la port\u00e9e de votre cobot FANUC en ajoutant notre Linear Motion CRX. Nous proposons des solutions 7\u00e8me axe.\" \/>\n<meta name=\"robots\" content=\"index, follow, max-snippet:-1, max-image-preview:large, max-video-preview:-1\" \/>\n<link rel=\"canonical\" href=\"https:\/\/www.cobotracks.com\/fr\/linear-motion-crx\/\" \/>\n<meta property=\"og:locale\" content=\"fr_FR\" \/>\n<meta property=\"og:type\" content=\"article\" \/>\n<meta property=\"og:title\" content=\"Linear Motion CRX pour FANUC Robots - D\u00e9couvrez Cobotracks\" \/>\n<meta property=\"og:description\" content=\"\u00c9tendez la port\u00e9e de votre cobot FANUC en ajoutant notre Linear Motion CRX. Nous proposons des solutions 7\u00e8me axe.\" \/>\n<meta property=\"og:url\" content=\"https:\/\/www.cobotracks.com\/fr\/linear-motion-crx\/\" \/>\n<meta property=\"og:site_name\" content=\"Cobotracks\" \/>\n<meta property=\"article:modified_time\" content=\"2025-07-17T11:33:37+00:00\" \/>\n<meta name=\"twitter:card\" content=\"summary_large_image\" \/>\n<meta name=\"twitter:label1\" content=\"Dur\u00e9e de lecture estim\u00e9e\" \/>\n\t<meta name=\"twitter:data1\" content=\"2 minutes\" \/>\n<script type=\"application\/ld+json\" class=\"yoast-schema-graph\">{\"@context\":\"https:\/\/schema.org\",\"@graph\":[{\"@type\":\"WebPage\",\"@id\":\"https:\/\/www.cobotracks.com\/fr\/linear-motion-crx\/\",\"url\":\"https:\/\/www.cobotracks.com\/fr\/linear-motion-crx\/\",\"name\":\"Linear Motion CRX pour FANUC Robots - D\u00e9couvrez Cobotracks\",\"isPartOf\":{\"@id\":\"https:\/\/www.cobotracks.com\/fr\/#website\"},\"datePublished\":\"2022-11-25T13:26:26+00:00\",\"dateModified\":\"2025-07-17T11:33:37+00:00\",\"description\":\"\u00c9tendez la port\u00e9e de votre cobot FANUC en ajoutant notre Linear Motion CRX. Nous proposons des solutions 7\u00e8me axe.\",\"breadcrumb\":{\"@id\":\"https:\/\/www.cobotracks.com\/fr\/linear-motion-crx\/#breadcrumb\"},\"inLanguage\":\"fr-FR\",\"potentialAction\":[{\"@type\":\"ReadAction\",\"target\":[\"https:\/\/www.cobotracks.com\/fr\/linear-motion-crx\/\"]}]},{\"@type\":\"BreadcrumbList\",\"@id\":\"https:\/\/www.cobotracks.com\/fr\/linear-motion-crx\/#breadcrumb\",\"itemListElement\":[{\"@type\":\"ListItem\",\"position\":1,\"name\":\"Home\",\"item\":\"https:\/\/www.cobotracks.com\/fr\/\"},{\"@type\":\"ListItem\",\"position\":2,\"name\":\"Linear Motion CRX\"}]},{\"@type\":\"WebSite\",\"@id\":\"https:\/\/www.cobotracks.com\/fr\/#website\",\"url\":\"https:\/\/www.cobotracks.com\/fr\/\",\"name\":\"Cobotracks\",\"description\":\"Extending reach\",\"potentialAction\":[{\"@type\":\"SearchAction\",\"target\":{\"@type\":\"EntryPoint\",\"urlTemplate\":\"https:\/\/www.cobotracks.com\/fr\/?s={search_term_string}\"},\"query-input\":{\"@type\":\"PropertyValueSpecification\",\"valueRequired\":true,\"valueName\":\"search_term_string\"}}],\"inLanguage\":\"fr-FR\"}]}<\/script>\n<!-- \/ Yoast SEO plugin. -->","yoast_head_json":{"title":"Linear Motion CRX pour FANUC Robots - D\u00e9couvrez Cobotracks","description":"\u00c9tendez la port\u00e9e de votre cobot FANUC en ajoutant notre Linear Motion CRX. Nous proposons des solutions 7\u00e8me axe.","robots":{"index":"index","follow":"follow","max-snippet":"max-snippet:-1","max-image-preview":"max-image-preview:large","max-video-preview":"max-video-preview:-1"},"canonical":"https:\/\/www.cobotracks.com\/fr\/linear-motion-crx\/","og_locale":"fr_FR","og_type":"article","og_title":"Linear Motion CRX pour FANUC Robots - D\u00e9couvrez Cobotracks","og_description":"\u00c9tendez la port\u00e9e de votre cobot FANUC en ajoutant notre Linear Motion CRX. Nous proposons des solutions 7\u00e8me axe.","og_url":"https:\/\/www.cobotracks.com\/fr\/linear-motion-crx\/","og_site_name":"Cobotracks","article_modified_time":"2025-07-17T11:33:37+00:00","twitter_card":"summary_large_image","twitter_misc":{"Dur\u00e9e de lecture estim\u00e9e":"2 minutes"},"schema":{"@context":"https:\/\/schema.org","@graph":[{"@type":"WebPage","@id":"https:\/\/www.cobotracks.com\/fr\/linear-motion-crx\/","url":"https:\/\/www.cobotracks.com\/fr\/linear-motion-crx\/","name":"Linear Motion CRX pour FANUC Robots - D\u00e9couvrez Cobotracks","isPartOf":{"@id":"https:\/\/www.cobotracks.com\/fr\/#website"},"datePublished":"2022-11-25T13:26:26+00:00","dateModified":"2025-07-17T11:33:37+00:00","description":"\u00c9tendez la port\u00e9e de votre cobot FANUC en ajoutant notre Linear Motion CRX. Nous proposons des solutions 7\u00e8me axe.","breadcrumb":{"@id":"https:\/\/www.cobotracks.com\/fr\/linear-motion-crx\/#breadcrumb"},"inLanguage":"fr-FR","potentialAction":[{"@type":"ReadAction","target":["https:\/\/www.cobotracks.com\/fr\/linear-motion-crx\/"]}]},{"@type":"BreadcrumbList","@id":"https:\/\/www.cobotracks.com\/fr\/linear-motion-crx\/#breadcrumb","itemListElement":[{"@type":"ListItem","position":1,"name":"Home","item":"https:\/\/www.cobotracks.com\/fr\/"},{"@type":"ListItem","position":2,"name":"Linear Motion CRX"}]},{"@type":"WebSite","@id":"https:\/\/www.cobotracks.com\/fr\/#website","url":"https:\/\/www.cobotracks.com\/fr\/","name":"Cobotracks","description":"Extending reach","potentialAction":[{"@type":"SearchAction","target":{"@type":"EntryPoint","urlTemplate":"https:\/\/www.cobotracks.com\/fr\/?s={search_term_string}"},"query-input":{"@type":"PropertyValueSpecification","valueRequired":true,"valueName":"search_term_string"}}],"inLanguage":"fr-FR"}]}},"_links":{"self":[{"href":"https:\/\/www.cobotracks.com\/fr\/wp-json\/wp\/v2\/pages\/2706","targetHints":{"allow":["GET"]}}],"collection":[{"href":"https:\/\/www.cobotracks.com\/fr\/wp-json\/wp\/v2\/pages"}],"about":[{"href":"https:\/\/www.cobotracks.com\/fr\/wp-json\/wp\/v2\/types\/page"}],"author":[{"embeddable":true,"href":"https:\/\/www.cobotracks.com\/fr\/wp-json\/wp\/v2\/users\/4"}],"replies":[{"embeddable":true,"href":"https:\/\/www.cobotracks.com\/fr\/wp-json\/wp\/v2\/comments?post=2706"}],"version-history":[{"count":5,"href":"https:\/\/www.cobotracks.com\/fr\/wp-json\/wp\/v2\/pages\/2706\/revisions"}],"predecessor-version":[{"id":3447,"href":"https:\/\/www.cobotracks.com\/fr\/wp-json\/wp\/v2\/pages\/2706\/revisions\/3447"}],"wp:attachment":[{"href":"https:\/\/www.cobotracks.com\/fr\/wp-json\/wp\/v2\/media?parent=2706"}],"curies":[{"name":"wp","href":"https:\/\/api.w.org\/{rel}","templated":true}]}}